{"id":1311,"date":"2020-10-13T19:29:04","date_gmt":"2020-10-13T19:29:04","guid":{"rendered":"https:\/\/amc-association.com\/ar\/?page_id=1311"},"modified":"2020-11-14T23:08:08","modified_gmt":"2020-11-14T23:08:08","slug":"master-class","status":"publish","type":"page","link":"https:\/\/amc-association.com\/ar\/master-class\/","title":{"rendered":"\u0645\u0627\u0633\u062a\u0631 \u0643\u0644\u0627\u0633"},"content":{"rendered":"<p>[vc_row][vc_column icons_position=\u00a0\u00bbleft\u00a0\u00bb][vc_custom_heading text=\u00a0\u00bb\u0647\u064a \u062f\u0648\u0631\u0627\u062a \u062a\u0643\u0648\u064a\u0646\u064a\u0629 \u0648\u062a\u0623\u0637\u064a\u0631\u064a\u0629 \u062e\u0635\u064a\u0635\u0627 \u0644\u0644\u0634\u064a\u0641\u0627\u062a \u0648\u0627\u0644\u062d\u0631\u0641\u064a\u064a\u0646 \u0641\u064a \u0645\u062c\u0627\u0644\u0627\u062a:<br \/>\n\u0627\u0644\u062e\u0628\u0627\u0632\u0629 &#8211; \u0627\u0644\u062d\u0644\u0648\u064a\u0627\u062a &#8211; \u0627\u0644\u0634\u0643\u0648\u0644\u0627\u062a\u0629 &#8211; \u0627\u0644\u0645\u062b\u0644\u062c\u0627\u062a &#8211; \u0627\u0644\u0637\u0628\u062e &#8211; \u0627\u0644\u062e\u062f\u0645\u0627\u062a \u0627\u0644\u0641\u0646\u062f\u0642\u064a\u0629.<br \/>\n\u0641\u0645\u0646 \u062e\u0644\u0627\u0644 \u0647\u0630\u0647 \u0627\u0644\u062f\u0648\u0631\u0627\u062a \u0627\u0644\u062a\u0643\u0648\u064a\u0646\u064a\u0629 \u0633\u064a\u062a\u0645 \u062a\u0642\u062f\u064a\u0645 \u0623\u062d\u062f\u062b \u0627\u0644\u0648\u0635\u0641\u0627\u062a \u0648\u0627\u0644\u062a\u0642\u0646\u064a\u0627\u062a \u0639\u0644\u0649 \u064a\u062f \u0623\u062c\u0648\u062f \u0627\u0644\u0634\u064a\u0641\u0627\u062a \u0627\u0644\u0645\u063a\u0627\u0631\u0628\u0629 \u0648 \u0627\u0644\u0634\u064a\u0641\u0627\u062a \u0627\u0644\u0623\u062c\u0627\u0646\u0628 \u0648\u0630\u0644\u0643 \u0645\u0646 \u0623\u062c\u0644 \u0627\u0644\u0631\u0641\u0639 \u0645\u0646 \u0645\u0633\u062a\u0648\u0649 \u0627\u0644\u062d\u0631\u0641\u064a\u064a\u0646 \u0648\u0627\u0644\u0645\u0647\u0646\u0629 \u0628\u0627\u0644\u0645\u063a\u0631\u0628.\u00a0\u00bb font_container=\u00a0\u00bbtag:p|font_size:1.867em|text_align:center|color:%232c2c2d|line_height:1.54em\u00a0\u00bb use_theme_fonts=\u00a0\u00bbyes\u00a0\u00bb el_class=\u00a0\u00bbclassertl\u00a0\u00bb][vc_empty_space alter_height=\u00a0\u00bbnone\u00a0\u00bb hide_on_desktop=\u00a0\u00bb\u00a0\u00bb hide_on_notebook=\u00a0\u00bb\u00a0\u00bb hide_on_tablet=\u00a0\u00bb\u00a0\u00bb hide_on_mobile=\u00a0\u00bb\u00a0\u00bb][\/vc_column][\/vc_row][vc_row][vc_column width=\u00a0\u00bb1\/2&Prime; icons_position=\u00a0\u00bbleft\u00a0\u00bb][vc_column_text]<\/p>\n<h3 style=\"text-align: right;\">\u0635\u0648\u0631<\/h3>\n<div class=\"dummy\"><\/div>\n<p>[\/vc_column_text]<div id=\"widget_slider_1285713736\" class=\"widget_area sc_widget_slider vc_widget_slider wpb_content_element\"><aside id=\"widget_slider_1285713736_widget\" class=\"widget widget_slider\">\t\t\t<div class=\"slider_wrap slider_engine_swiper\">\n\t\t\t\t<div id=\"widget_slider_1285713736_outer\" class=\"slider_outer slider_swiper_outer slider_style_default slider_outer_direction_horizontal slider_outer_one slider_outer_pagination slider_outer_pagination_bullets slider_outer_pagination_pos_bottom slider_outer_controls slider_outer_controls_side slider_outer_titles_center\"><div id=\"widget_slider_1285713736_swiper\" class=\"slider_container slider_swiper swiper-slider-container slider_controls slider_controls_side slider_titles_center slider_resize slider_height_auto slider_direction_horizontal slider_pagination slider_pagination_bullets slider_pagination_pos_bottom slider_one slider_type_bg\" data-ratio=\"625:373\" data-interval=\"7000\" data-effect=\"slide\" data-pagination=\"bullets\" data-direction=\"horizontal\" data-slides-per-view=\"1\" data-slides-space=\"0\" data-slides-min-width=\"150\"><div class=\"slider-wrapper swiper-wrapper\"><div  class=\"slider-slide swiper-slide\" data-image=\"https:\/\/amc-association.com\/ar\/wp-content\/uploads\/2020\/10\/zm-master-class.png\" style=\"background-image:url(https:\/\/amc-association.com\/ar\/wp-content\/uploads\/2020\/10\/zm-master-class.png);\"><\/div><div  class=\"slider-slide swiper-slide\" data-image=\"https:\/\/amc-association.com\/ar\/wp-content\/uploads\/2020\/10\/mz-master-class.png\" style=\"background-image:url(https:\/\/amc-association.com\/ar\/wp-content\/uploads\/2020\/10\/mz-master-class.png);\"><\/div><div  class=\"slider-slide swiper-slide\" data-image=\"https:\/\/amc-association.com\/ar\/wp-content\/uploads\/2020\/10\/mez-master-class.png\" style=\"background-image:url(https:\/\/amc-association.com\/ar\/wp-content\/uploads\/2020\/10\/mez-master-class.png);\"><\/div><div  class=\"slider-slide swiper-slide\" data-image=\"https:\/\/amc-association.com\/ar\/wp-content\/uploads\/2020\/10\/IMG-master-class.png\" style=\"background-image:url(https:\/\/amc-association.com\/ar\/wp-content\/uploads\/2020\/10\/IMG-master-class.png);\"><\/div><div  class=\"slider-slide swiper-slide\" data-image=\"https:\/\/amc-association.com\/ar\/wp-content\/uploads\/2020\/10\/A5955-master-class.png\" style=\"background-image:url(https:\/\/amc-association.com\/ar\/wp-content\/uploads\/2020\/10\/A5955-master-class.png);\"><\/div><\/div><!-- \/.slider-wrapper --><div class=\"slider_pagination_wrap swiper-pagination\"><\/div><div class=\"slider_controls_wrap\"><a class=\"slider_prev swiper-button-prev\" href=\"#\"><\/a><a class=\"slider_next swiper-button-next\" href=\"#\"><\/a><\/div><\/div><!-- \/.slider_container --><\/div><!-- \/.slider_outer -->\t\t\t<\/div>\n\t\t\t<\/aside><\/div>[\/vc_column][vc_column width=\u00a0\u00bb1\/2&Prime; icons_position=\u00a0\u00bbleft\u00a0\u00bb][vc_column_text]<\/p>\n<h3 style=\"text-align: right;\">\u0641\u064a\u062f\u064a\u0648<\/h3>\n<div class=\"dummy\"><\/div>\n<p>[\/vc_column_text]<div id=\"widget_video_1309558167\" class=\"widget_area sc_widget_video vc_widget_video wpb_content_element\"><aside id=\"widget_video_1309558167_widget\" class=\"widget widget_video\"><div id=\"sc_video_1552896813\" class=\"trx_addons_video_player with_cover hover_play\"><img loading=\"lazy\" decoding=\"async\" src=\"https:\/\/amc-association.com\/ar\/wp-content\/uploads\/2020\/10\/master-class-1280x764.png\" alt=\"\" width=\"1280\" height=\"764\"><div class=\"video_mask\"><\/div><a class=\"video_hover trx_addons_popup_link\" href=\"#sc_video_1552896813_popup\"><\/a><\/div><!-- .sc_popup --><div id=\"sc_video_1552896813_popup\" class=\"sc_popup\"><div id=\"sc_video_1552896813_popup_player\" class=\"trx_addons_video_player without_cover\"><div class=\"video_embed video_frame\"><iframe loading=\"lazy\" title=\"MASTER CLASS buffet fin d&#039;ann\u00e9e b\u00fbche - g\u00e2teaux Individuel, entremets - R\u00e9alis\u00e9 par chef EL Mazouri\" width=\"1170\" height=\"658\" src=\"https:\/\/www.youtube.com\/embed\/xPzt4CYDIaw?feature=oembed\"  allow=\"accelerometer; autoplay; clipboard-write; encrypted-media; gyroscope; picture-in-picture\" allowfullscreen><\/iframe><\/div><\/div><\/div><\/aside><\/div>[vc_row_inner][vc_column_inner icons_position=\u00a0\u00bbleft\u00a0\u00bb offset=\u00a0\u00bbvc_hidden-lg vc_hidden-md vc_hidden-sm\u00a0\u00bb][vc_empty_space height=\u00a0\u00bb2rem\u00a0\u00bb alter_height=\u00a0\u00bbnone\u00a0\u00bb hide_on_desktop=\u00a0\u00bb\u00a0\u00bb hide_on_notebook=\u00a0\u00bb\u00a0\u00bb hide_on_tablet=\u00a0\u00bb\u00a0\u00bb hide_on_mobile=\u00a0\u00bb\u00a0\u00bb][\/vc_column_inner][\/vc_row_inner][\/vc_column][\/vc_row][vc_row full_width=\u00a0\u00bbstretch_row\u00a0\u00bb hide_bg_image_on_tablet=\u00a0\u00bb\u00a0\u00bb hide_bg_image_on_mobile=\u00a0\u00bb\u00a0\u00bb row_delimiter=\u00a0\u00bb\u00a0\u00bb hide_on_desktop=\u00a0\u00bb\u00a0\u00bb hide_on_notebook=\u00a0\u00bb\u00a0\u00bb hide_on_tablet=\u00a0\u00bb\u00a0\u00bb hide_on_mobile=\u00a0\u00bb\u00a0\u00bb hide_on_frontpage=\u00a0\u00bb\u00a0\u00bb][vc_column icons_position=\u00a0\u00bbleft\u00a0\u00bb][vc_empty_space height=\u00a0\u00bb4rem\u00a0\u00bb alter_height=\u00a0\u00bbnone\u00a0\u00bb hide_on_desktop=\u00a0\u00bb\u00a0\u00bb hide_on_notebook=\u00a0\u00bb\u00a0\u00bb hide_on_tablet=\u00a0\u00bb\u00a0\u00bb hide_on_mobile=\u00a0\u00bb\u00a0\u00bb][\/vc_column][\/vc_row][vc_row full_width=\u00a0\u00bbstretch_row\u00a0\u00bb hide_bg_image_on_tablet=\u00a0\u00bb\u00a0\u00bb hide_bg_image_on_mobile=\u00a0\u00bb\u00a0\u00bb row_delimiter=\u00a0\u00bb\u00a0\u00bb hide_on_desktop=\u00a0\u00bb\u00a0\u00bb hide_on_notebook=\u00a0\u00bb\u00a0\u00bb hide_on_tablet=\u00a0\u00bb\u00a0\u00bb hide_on_mobile=\u00a0\u00bb\u00a0\u00bb hide_on_frontpage=\u00a0\u00bb\u00a0\u00bb css=\u00a0\u00bb.vc_custom_1595684089448{background-color: #f8f7f3 !important;}\u00a0\u00bb][vc_column icons_position=\u00a0\u00bbleft\u00a0\u00bb][vc_empty_space height=\u00a0\u00bb4rem\u00a0\u00bb alter_height=\u00a0\u00bbnone\u00a0\u00bb hide_on_desktop=\u00a0\u00bb\u00a0\u00bb hide_on_notebook=\u00a0\u00bb\u00a0\u00bb hide_on_tablet=\u00a0\u00bb\u00a0\u00bb hide_on_mobile=\u00a0\u00bb\u00a0\u00bb]<div id=\"sc_title_400930604\"\n\t\tclass=\"sc_title color_style_dark sc_title_2\"><h3 class=\"sc_item_title sc_title_title sc_align_center sc_item_title_style_2 sc_item_title_tag\">\u0627\u0644\u062a\u0633\u062c\u064a\u0644<\/h3><\/div><!-- \/.sc_title -->[vc_empty_space height=\u00a0\u00bb4rem\u00a0\u00bb alter_height=\u00a0\u00bbnone\u00a0\u00bb hide_on_desktop=\u00a0\u00bb\u00a0\u00bb hide_on_notebook=\u00a0\u00bb\u00a0\u00bb hide_on_tablet=\u00a0\u00bb\u00a0\u00bb hide_on_mobile=\u00a0\u00bb\u00a0\u00bb][\/vc_column][\/vc_row][vc_row full_width=\u00a0\u00bbstretch_row\u00a0\u00bb css=\u00a0\u00bb.vc_custom_1595684297577{background-color: #f8f7f3 !important;}\u00a0\u00bb][vc_column width=\u00a0\u00bb1\/4&Prime; icons_position=\u00a0\u00bbleft\u00a0\u00bb][vc_column_text]<\/p>\n<h6 style=\"text-align: center;\">\u0627\u0644\u062e\u0628\u0627\u0632\u0629 \u0648\u0627\u0644\u0645\u0639\u062c\u0646\u0627\u062a<\/h6>\n<div class=\"dummy\"><\/div>\n<p>[\/vc_column_text][vc_single_image image=\u00a0\u00bb1134&Prime; alignment=\u00a0\u00bbcenter\u00a0\u00bb style=\u00a0\u00bbvc_box_circle_2&Prime;]<div class=\"sc_item_button sc_button_wrap sc_align_center\"><a href=\"\/ar\/master-class-boulangerie-inscription\/\" id=\"sc_button_522963963\" class=\"sc_button color_style_link4 sc_button_border_alter  vc_custom_1604701871918 sc_button_size_normal sc_button_icon_left\"><span class=\"sc_button_text sc_align_center\"><span class=\"sc_button_title\">\u0627\u0636\u063a\u0637 \u0647\u0646\u0627<\/span><\/span><!-- \/.sc_button_text --><\/a><!-- \/.sc_button --><\/div><!-- \/.sc_item_button -->[\/vc_column][vc_column width=\u00a0\u00bb1\/4&Prime; icons_position=\u00a0\u00bbleft\u00a0\u00bb][vc_column_text]<\/p>\n<h6 style=\"text-align: center;\">\u0627\u0644\u062d\u0644\u0648\u064a\u0627\u062a<\/h6>\n<div class=\"dummy\"><\/div>\n<p>[\/vc_column_text][vc_single_image image=\u00a0\u00bb1142&Prime; alignment=\u00a0\u00bbcenter\u00a0\u00bb style=\u00a0\u00bbvc_box_circle_2&Prime;]<div class=\"sc_item_button sc_button_wrap sc_align_center\"><a href=\"\/ar\/master-class-patisserie-inscription\/\" id=\"sc_button_243071666\" class=\"sc_button color_style_link4 sc_button_border_alter  vc_custom_1604699608465 sc_button_size_normal sc_button_icon_left\"><span class=\"sc_button_text sc_align_center\"><span class=\"sc_button_title\">\u0627\u0636\u063a\u0637 \u0647\u0646\u0627<\/span><\/span><!-- \/.sc_button_text --><\/a><!-- \/.sc_button --><\/div><!-- \/.sc_item_button -->[\/vc_column][vc_column width=\u00a0\u00bb1\/4&Prime; icons_position=\u00a0\u00bbleft\u00a0\u00bb][vc_column_text]<\/p>\n<h6 style=\"text-align: center;\">\u0627\u0644\u0634\u0643\u0648\u0644\u0627\u062a\u0629 \u0648 \u0627\u0644\u0633\u0643\u0627\u0643\u0631<\/h6>\n<div class=\"dummy\"><\/div>\n<p>[\/vc_column_text][vc_single_image image=\u00a0\u00bb1135&Prime; alignment=\u00a0\u00bbcenter\u00a0\u00bb style=\u00a0\u00bbvc_box_circle_2&Prime;]<div class=\"sc_item_button sc_button_wrap sc_align_center\"><a href=\"\/ar\/master-class-chocolaterie-inscription\/\" id=\"sc_button_1238361033\" class=\"sc_button color_style_link4 sc_button_border_alter  vc_custom_1604699801788 sc_button_size_normal sc_button_icon_left\"><span class=\"sc_button_text sc_align_center\"><span class=\"sc_button_title\">\u0627\u0636\u063a\u0637 \u0647\u0646\u0627<\/span><\/span><!-- \/.sc_button_text --><\/a><!-- \/.sc_button --><\/div><!-- \/.sc_item_button -->[\/vc_column][vc_column width=\u00a0\u00bb1\/4&Prime; icons_position=\u00a0\u00bbleft\u00a0\u00bb][vc_column_text]<\/p>\n<h6 style=\"text-align: center;\">\u0627\u0644\u0637\u0628\u062e<\/h6>\n<div class=\"dummy\"><\/div>\n<p>[\/vc_column_text][vc_single_image image=\u00a0\u00bb1136&Prime; alignment=\u00a0\u00bbcenter\u00a0\u00bb style=\u00a0\u00bbvc_box_circle_2&Prime;]<div class=\"sc_item_button sc_button_wrap sc_align_center\"><a href=\"\/ar\/master-class-cuisine-inscription\/\" id=\"sc_button_1327025935\" class=\"sc_button color_style_link4 sc_button_border_alter  vc_custom_1604700132226 sc_button_size_normal sc_button_icon_left\"><span class=\"sc_button_text sc_align_center\"><span class=\"sc_button_title\">\u0627\u0636\u063a\u0637 \u0647\u0646\u0627<\/span><\/span><!-- \/.sc_button_text --><\/a><!-- \/.sc_button --><\/div><!-- \/.sc_item_button -->[\/vc_column][\/vc_row][vc_row full_width=\u00a0\u00bbstretch_row\u00a0\u00bb css=\u00a0\u00bb.vc_custom_1595684317643{background-color: #f8f7f3 !important;}\u00a0\u00bb][vc_column icons_position=\u00a0\u00bbleft\u00a0\u00bb][vc_empty_space height=\u00a0\u00bb4rem\u00a0\u00bb alter_height=\u00a0\u00bbnone\u00a0\u00bb hide_on_desktop=\u00a0\u00bb\u00a0\u00bb hide_on_notebook=\u00a0\u00bb\u00a0\u00bb hide_on_tablet=\u00a0\u00bb\u00a0\u00bb hide_on_mobile=\u00a0\u00bb\u00a0\u00bb][\/vc_column][\/vc_row][vc_row full_width=\u00a0\u00bbstretch_row\u00a0\u00bb css=\u00a0\u00bb.vc_custom_1595684336775{background-color: #f8f7f3 !important;}\u00a0\u00bb][vc_column width=\u00a0\u00bb1\/4&Prime; icons_position=\u00a0\u00bbleft\u00a0\u00bb][vc_column_text]<\/p>\n<h6 style=\"text-align: center;\">\u0627\u0644\u0645\u062b\u0644\u062c\u0627\u062a<\/h6>\n<div class=\"dummy\"><\/div>\n<p>[\/vc_column_text][vc_single_image image=\u00a0\u00bb1137&Prime; alignment=\u00a0\u00bbcenter\u00a0\u00bb style=\u00a0\u00bbvc_box_circle_2&Prime;]<div class=\"sc_item_button sc_button_wrap sc_align_center\"><a href=\"\/ar\/master-class-glacerie-inscription\/\" id=\"sc_button_234161246\" class=\"sc_button color_style_link4 sc_button_border_alter  vc_custom_1604702037399 sc_button_size_normal sc_button_icon_left\"><span class=\"sc_button_text sc_align_center\"><span class=\"sc_button_title\">\u0627\u0636\u063a\u0637 \u0647\u0646\u0627<\/span><\/span><!-- \/.sc_button_text --><\/a><!-- \/.sc_button --><\/div><!-- \/.sc_item_button -->[\/vc_column][vc_column width=\u00a0\u00bb1\/4&Prime; icons_position=\u00a0\u00bbleft\u00a0\u00bb][vc_column_text]<\/p>\n<h6 style=\"text-align: center;\">\u0627\u0644\u062e\u062f\u0645\u0627\u062a \u0627\u0644\u0641\u0646\u062f\u0642\u064a\u0629<\/h6>\n<div class=\"dummy\"><\/div>\n<p>[\/vc_column_text][vc_single_image image=\u00a0\u00bb1139&Prime; alignment=\u00a0\u00bbcenter\u00a0\u00bb style=\u00a0\u00bbvc_box_circle_2&Prime;]<div class=\"sc_item_button sc_button_wrap sc_align_center\"><a href=\"\/ar\/master-class-maitre-d-hotel-inscription\/\" id=\"sc_button_362950157\" class=\"sc_button color_style_link4 sc_button_border_alter  vc_custom_1604702147907 sc_button_size_normal sc_button_icon_left\"><span class=\"sc_button_text sc_align_center\"><span class=\"sc_button_title\">\u0627\u0636\u063a\u0637 \u0647\u0646\u0627<\/span><\/span><!-- \/.sc_button_text --><\/a><!-- \/.sc_button --><\/div><!-- \/.sc_item_button -->[\/vc_column][vc_column width=\u00a0\u00bb1\/4&Prime; icons_position=\u00a0\u00bbleft\u00a0\u00bb][\/vc_column][vc_column width=\u00a0\u00bb1\/4&Prime; icons_position=\u00a0\u00bbleft\u00a0\u00bb][\/vc_column][\/vc_row][vc_row full_width=\u00a0\u00bbstretch_row\u00a0\u00bb css=\u00a0\u00bb.vc_custom_1595684317643{background-color: #f8f7f3 !important;}\u00a0\u00bb][vc_column icons_position=\u00a0\u00bbleft\u00a0\u00bb][vc_empty_space height=\u00a0\u00bb4rem\u00a0\u00bb alter_height=\u00a0\u00bbnone\u00a0\u00bb hide_on_desktop=\u00a0\u00bb\u00a0\u00bb hide_on_notebook=\u00a0\u00bb\u00a0\u00bb hide_on_tablet=\u00a0\u00bb\u00a0\u00bb hide_on_mobile=\u00a0\u00bb\u00a0\u00bb][\/vc_column][\/vc_row]<\/p>\n","protected":false},"excerpt":{"rendered":"<p>[vc_row][vc_column icons_position=\u00a0\u00bbleft\u00a0\u00bb][vc_custom_heading text=\u00a0\u00bb\u0647\u064a \u062f\u0648\u0631\u0627\u062a \u062a\u0643\u0648\u064a\u0646\u064a\u0629 \u0648\u062a\u0623\u0637\u064a\u0631\u064a\u0629 \u062e\u0635\u064a\u0635\u0627 \u0644\u0644\u0634\u064a\u0641\u0627\u062a \u0648\u0627\u0644\u062d\u0631\u0641\u064a\u064a\u0646 \u0641\u064a \u0645\u062c\u0627\u0644\u0627\u062a: \u0627\u0644\u062e\u0628\u0627\u0632\u0629 &#8211; \u0627\u0644\u062d\u0644\u0648\u064a\u0627\u062a &#8211; \u0627\u0644\u0634\u0643\u0648\u0644\u0627\u062a\u0629 &#8211; \u0627\u0644\u0645\u062b\u0644\u062c\u0627\u062a &#8211; \u0627\u0644\u0637\u0628\u062e &#8211; \u0627\u0644\u062e\u062f\u0645\u0627\u062a \u0627\u0644\u0641\u0646\u062f\u0642\u064a\u0629. \u0641\u0645\u0646 \u062e\u0644\u0627\u0644 \u0647\u0630\u0647 \u0627\u0644\u062f\u0648\u0631\u0627\u062a \u0627\u0644\u062a\u0643\u0648\u064a\u0646\u064a\u0629 \u0633\u064a\u062a\u0645 \u062a\u0642\u062f\u064a\u0645 \u0623\u062d\u062f\u062b \u0627\u0644\u0648\u0635\u0641\u0627\u062a \u0648\u0627\u0644\u062a\u0642\u0646\u064a\u0627\u062a \u0639\u0644\u0649 \u064a\u062f \u0623\u062c\u0648\u062f \u0627\u0644\u0634\u064a\u0641\u0627\u062a \u0627\u0644\u0645\u063a\u0627\u0631\u0628\u0629 \u0648 \u0627\u0644\u0634\u064a\u0641\u0627\u062a&hellip;<\/p>\n","protected":false},"author":2,"featured_media":0,"parent":0,"menu_order":0,"comment_status":"closed","ping_status":"closed","template":"","meta":{"footnotes":""},"_links":{"self":[{"href":"https:\/\/amc-association.com\/ar\/wp-json\/wp\/v2\/pages\/1311"}],"collection":[{"href":"https:\/\/amc-association.com\/ar\/wp-json\/wp\/v2\/pages"}],"about":[{"href":"https:\/\/amc-association.com\/ar\/wp-json\/wp\/v2\/types\/page"}],"author":[{"embeddable":true,"href":"https:\/\/amc-association.com\/ar\/wp-json\/wp\/v2\/users\/2"}],"replies":[{"embeddable":true,"href":"https:\/\/amc-association.com\/ar\/wp-json\/wp\/v2\/comments?post=1311"}],"version-history":[{"count":6,"href":"https:\/\/amc-association.com\/ar\/wp-json\/wp\/v2\/pages\/1311\/revisions"}],"predecessor-version":[{"id":2187,"href":"https:\/\/amc-association.com\/ar\/wp-json\/wp\/v2\/pages\/1311\/revisions\/2187"}],"wp:attachment":[{"href":"https:\/\/amc-association.com\/ar\/wp-json\/wp\/v2\/media?parent=1311"}],"curies":[{"name":"wp","href":"https:\/\/api.w.org\/{rel}","templated":true}]}}