{"id":1480,"date":"2020-10-17T14:53:09","date_gmt":"2020-10-17T14:53:09","guid":{"rendered":"https:\/\/amc-association.com\/ar\/?page_id=1480"},"modified":"2020-11-15T05:01:26","modified_gmt":"2020-11-15T05:01:26","slug":"youssef-ben-haymoud","status":"publish","type":"page","link":"https:\/\/amc-association.com\/ar\/youssef-ben-haymoud\/","title":{"rendered":"\u064a\u0648\u0633\u0641 \u0628\u0646 \u062d\u064a\u0645\u0648\u062f"},"content":{"rendered":"<p>[vc_row][vc_column icons_position=\u00a0\u00bbleft\u00a0\u00bb][vc_empty_space hide_on_desktop=\u00a0\u00bb\u00a0\u00bb hide_on_notebook=\u00a0\u00bb\u00a0\u00bb hide_on_tablet=\u00a0\u00bb\u00a0\u00bb hide_on_mobile=\u00a0\u00bb\u00a0\u00bb][vc_single_image image=\u00a0\u00bb2199&Prime; img_size=\u00a0\u00bblarge\u00a0\u00bb alignment=\u00a0\u00bbcenter\u00a0\u00bb][vc_empty_space hide_on_desktop=\u00a0\u00bb\u00a0\u00bb hide_on_notebook=\u00a0\u00bb\u00a0\u00bb hide_on_tablet=\u00a0\u00bb\u00a0\u00bb hide_on_mobile=\u00a0\u00bb\u00a0\u00bb][vc_separator][vc_empty_space hide_on_desktop=\u00a0\u00bb\u00a0\u00bb hide_on_notebook=\u00a0\u00bb\u00a0\u00bb hide_on_tablet=\u00a0\u00bb\u00a0\u00bb hide_on_mobile=\u00a0\u00bb\u00a0\u00bb][vc_column_text]Chef Boulanger<br \/>\nMr Youssef BEN-HAYMOUD<br \/>\nIng\u00e9nieur et Chef Boulanger<br \/>\nNationalit\u00e9 marocaine<\/p>\n<p>Formations<br \/>\nLa comp\u00e9tence de Youssef BEN-HAYMOUD repose sur une force de travail peu commune et sur une double formation : un apprentissage de boulanger lui permet d\u2019acqu\u00e9rir un solide savoir-faire traditionnel dans la boulangerie familiale \u00e0 Casablanca en 1980. Puis, sa soif de connaissances l\u2019entra\u00eene \u00e0 Lille et \u00e0 Paris suivre les cours de perfectionnement au BAKING CENTER de LESAFFRE \u00e0 Marque-en-Baroeul en France en 1999 et \u00e0 l\u2019\u00c9cole de Boulangerie des Grands Moulins de Paris en 2003, y apprend les secrets de la panification sur direct, les subtilit\u00e9s de la conduite d\u2019un pointage de quatre heures et des harmonieux coups de lame sur la baguette parisienne.<br \/>\nApr\u00e8s l\u2019obtention d\u2019un baccalaur\u00e9at math\u00e9matique, le deuxi\u00e8me volet de son expertise dans les domaines scientifique et ing\u00e9nierie, r\u00e9side dans sa d\u00e9cision d\u2019entrer \u00e0 l\u2019\u00c9cole Nationale de l\u2019Industrie Min\u00e9rale en 1984, l\u2019institut de chimie de l\u2019universit\u00e9 de Neuch\u00e2tel 1990et en fin \u00e0 l\u2019Ecole des m\u00e9tiers d\u2019environnement de Bruz.<br \/>\nUn consultant tr\u00e8s appr\u00e9ci\u00e9 au Maroc en biscuiterie, en boulangerie industrielle et en ingr\u00e9dients de meunerie<br \/>\nDepuis les ann\u00e9es 1990, Y. Ben-haymoud travaille activement sur les proc\u00e9d\u00e9s de fabrication de la viennoiserie pr\u00e9-pouss\u00e9e, les produits de la boulangerie longue conservation, la biscuiterie et la panification marocaine artisanale dans un parcours professionnel peu commun :<br \/>\n-Chef de rayon Boulangerie et P\u00e2tisserie Marjane Califonie 1993-1995<br \/>\n-Responsable de production de la boulangerie Industriel Au pain tout chaud 1995-1996<br \/>\n-D\u00e9monstrateur en Boulangerie Lesaffre MAROC (Levures et am\u00e9liorants) 1997-2003<br \/>\n\u2013 Consultant en boulangerie 2003-2008<br \/>\n-Directeur AIT MAROC Groupe Soufflet France (ingr\u00e9dients de boulangerie et meunerie).2008-2010<br \/>\n-Directeur Recherche et d\u00e9veloppement :Farines pour pain, viennoiserie et biscuit Fandy-Groupe 2010\/16<br \/>\n\u2013 Consultant en boulangerie 2016-2019<br \/>\n-Ing\u00e9nieur Technico-commercial EUROGERM MAROC (ingr\u00e9dients de boulangerie et meunerie) en 2020<\/p>\n<p>L\u2019invention :<br \/>\n.Mr Y Ben-haymoud a invent\u00e9 un proc\u00e9d\u00e9 de fabrication d\u2019une farine qui a pour un indice glyc\u00e9mique seulement de 23%.<br \/>\nBrevet d\u00e9pos\u00e9 en France : WO2016030805 \u2013 FLOUR SUBSTITUTE COMPOSITION AND METHOD FOR PRODUCING BREAD USING SAID COMPOSITION<\/p>\n<p>Comp\u00e9titions internationales<br \/>\nMembre du Club Internationale : ELITE BOULANGERIE INTERNAIONALE<br \/>\nFinaliste coupe Louis Lesaffre Boulangerie 2008<br \/>\nFinaliste Coupe du monde de boulangerie SIAB VERONE Italie en 2012<br \/>\nFinaliste Coupe du monde de boulangerie SIGEP BREAD CUP RIMINI Italie en 2014<br \/>\nMembre de jury : Salon Europain Paris ; Mondial des arts sucr\u00e9s 2008<br \/>\nMembre de jury : Salon Marocotel 1997<br \/>\nCoach de l\u2019\u00e9quipe nationale de boulangerie en 2017 Classement : 2\u00e9me place dans le championnat d\u2019Afrique de boulangerie<br \/>\nMembre de jury : Salon Cr\u00e9mai 2015,2017et 2019[\/vc_column_text][vc_empty_space alter_height=\u00a0\u00bbnone\u00a0\u00bb hide_on_desktop=\u00a0\u00bb\u00a0\u00bb hide_on_notebook=\u00a0\u00bb\u00a0\u00bb hide_on_tablet=\u00a0\u00bb\u00a0\u00bb hide_on_mobile=\u00a0\u00bb\u00a0\u00bb][\/vc_column][\/vc_row][vc_column icons_position=\u00a0\u00bbleft\u00a0\u00bb][vc_row_inner][vc_column_inner icons_position=\u00a0\u00bbleft\u00a0\u00bb]<div id=\"widget_slider_834954334\" class=\"widget_area sc_widget_slider vc_widget_slider wpb_content_element\"><aside id=\"widget_slider_834954334_widget\" class=\"widget widget_slider\">\t\t\t<div class=\"slider_wrap slider_engine_swiper\">\n\t\t\t\t<div id=\"widget_slider_834954334_outer\" class=\"slider_outer slider_swiper_outer slider_style_default slider_outer_direction_horizontal slider_outer_one slider_outer_pagination slider_outer_pagination_bullets slider_outer_pagination_pos_bottom slider_outer_controls slider_outer_controls_side slider_outer_titles_center\"><div id=\"widget_slider_834954334_swiper\" class=\"slider_container slider_swiper swiper-slider-container slider_controls slider_controls_side slider_titles_center slider_resize slider_height_auto slider_direction_horizontal slider_pagination slider_pagination_bullets slider_pagination_pos_bottom slider_one slider_type_bg\" data-ratio=\"16:9\" data-interval=\"7000\" data-effect=\"slide\" data-pagination=\"bullets\" data-direction=\"horizontal\" data-slides-per-view=\"1\" data-slides-space=\"0\" data-slides-min-width=\"150\"><div class=\"slider-wrapper swiper-wrapper\"><div  class=\"slider-slide swiper-slide\" data-image=\"https:\/\/amc-association.com\/ar\/wp-content\/uploads\/2020\/10\/Youssef-Ben-Haymoud-AMC-5.png\" style=\"background-image:url(https:\/\/amc-association.com\/ar\/wp-content\/uploads\/2020\/10\/Youssef-Ben-Haymoud-AMC-5.png);\"><\/div><div  class=\"slider-slide swiper-slide\" data-image=\"https:\/\/amc-association.com\/ar\/wp-content\/uploads\/2020\/10\/Youssef-Ben-Haymoud-AMC-2.png\" style=\"background-image:url(https:\/\/amc-association.com\/ar\/wp-content\/uploads\/2020\/10\/Youssef-Ben-Haymoud-AMC-2.png);\"><\/div><div  class=\"slider-slide swiper-slide\" data-image=\"https:\/\/amc-association.com\/ar\/wp-content\/uploads\/2020\/10\/Youssef-Ben-Haymoud-AMC-4.png\" style=\"background-image:url(https:\/\/amc-association.com\/ar\/wp-content\/uploads\/2020\/10\/Youssef-Ben-Haymoud-AMC-4.png);\"><\/div><\/div><!-- \/.slider-wrapper --><div class=\"slider_pagination_wrap swiper-pagination\"><\/div><div class=\"slider_controls_wrap\"><a class=\"slider_prev swiper-button-prev\" href=\"#\"><\/a><a class=\"slider_next swiper-button-next\" href=\"#\"><\/a><\/div><\/div><!-- \/.slider_container --><\/div><!-- \/.slider_outer -->\t\t\t<\/div>\n\t\t\t<\/aside><\/div>[\/vc_column_inner][\/vc_row_inner][\/vc_column]<\/p>\n","protected":false},"excerpt":{"rendered":"<p>[vc_row][vc_column icons_position=\u00a0\u00bbleft\u00a0\u00bb][vc_empty_space hide_on_desktop=\u00a0\u00bb\u00a0\u00bb hide_on_notebook=\u00a0\u00bb\u00a0\u00bb hide_on_tablet=\u00a0\u00bb\u00a0\u00bb hide_on_mobile=\u00a0\u00bb\u00a0\u00bb][vc_single_image image=\u00a0\u00bb2199&Prime; img_size=\u00a0\u00bblarge\u00a0\u00bb alignment=\u00a0\u00bbcenter\u00a0\u00bb][vc_empty_space hide_on_desktop=\u00a0\u00bb\u00a0\u00bb hide_on_notebook=\u00a0\u00bb\u00a0\u00bb hide_on_tablet=\u00a0\u00bb\u00a0\u00bb hide_on_mobile=\u00a0\u00bb\u00a0\u00bb][vc_separator][vc_empty_space hide_on_desktop=\u00a0\u00bb\u00a0\u00bb hide_on_notebook=\u00a0\u00bb\u00a0\u00bb hide_on_tablet=\u00a0\u00bb\u00a0\u00bb hide_on_mobile=\u00a0\u00bb\u00a0\u00bb][vc_column_text]Chef Boulanger Mr Youssef BEN-HAYMOUD Ing\u00e9nieur et Chef Boulanger Nationalit\u00e9 marocaine Formations La comp\u00e9tence de Youssef BEN-HAYMOUD repose sur une force de travail peu&hellip;<\/p>\n","protected":false},"author":2,"featured_media":0,"parent":0,"menu_order":0,"comment_status":"closed","ping_status":"closed","template":"","meta":{"footnotes":""},"_links":{"self":[{"href":"https:\/\/amc-association.com\/ar\/wp-json\/wp\/v2\/pages\/1480"}],"collection":[{"href":"https:\/\/amc-association.com\/ar\/wp-json\/wp\/v2\/pages"}],"about":[{"href":"https:\/\/amc-association.com\/ar\/wp-json\/wp\/v2\/types\/page"}],"author":[{"embeddable":true,"href":"https:\/\/amc-association.com\/ar\/wp-json\/wp\/v2\/users\/2"}],"replies":[{"embeddable":true,"href":"https:\/\/amc-association.com\/ar\/wp-json\/wp\/v2\/comments?post=1480"}],"version-history":[{"count":3,"href":"https:\/\/amc-association.com\/ar\/wp-json\/wp\/v2\/pages\/1480\/revisions"}],"predecessor-version":[{"id":2200,"href":"https:\/\/amc-association.com\/ar\/wp-json\/wp\/v2\/pages\/1480\/revisions\/2200"}],"wp:attachment":[{"href":"https:\/\/amc-association.com\/ar\/wp-json\/wp\/v2\/media?parent=1480"}],"curies":[{"name":"wp","href":"https:\/\/api.w.org\/{rel}","templated":true}]}}