{"id":2402,"date":"2021-01-17T22:54:30","date_gmt":"2021-01-17T22:54:30","guid":{"rendered":"https:\/\/amc-association.com\/ar\/?page_id=2402"},"modified":"2021-01-17T22:58:46","modified_gmt":"2021-01-17T22:58:46","slug":"mme-meryem-mazini","status":"publish","type":"page","link":"https:\/\/amc-association.com\/ar\/mme-meryem-mazini\/","title":{"rendered":"Mme Meryem MAZINI"},"content":{"rendered":"<p>[vc_row][vc_column icons_position=\u00a0\u00bbleft\u00a0\u00bb][\/vc_column][\/vc_row][vc_row full_width=\u00a0\u00bbstretch_row\u00a0\u00bb hide_bg_image_on_tablet=\u00a0\u00bb\u00a0\u00bb hide_bg_image_on_mobile=\u00a0\u00bb\u00a0\u00bb css=\u00a0\u00bb.vc_custom_1520242520790{background-color: #f8f7f3 !important;}\u00a0\u00bb][vc_column icons_position=\u00a0\u00bbleft\u00a0\u00bb][vc_empty_space height=\u00a0\u00bb10rem\u00a0\u00bb alter_height=\u00a0\u00bbnone\u00a0\u00bb hide_on_desktop=\u00a0\u00bb\u00a0\u00bb hide_on_notebook=\u00a0\u00bb\u00a0\u00bb hide_on_tablet=\u00a0\u00bb\u00a0\u00bb hide_on_mobile=\u00a0\u00bb\u00a0\u00bb][vc_row_inner][vc_column_inner width=\u00a0\u00bb1\/6&Prime; icons_position=\u00a0\u00bbleft\u00a0\u00bb][\/vc_column_inner][vc_column_inner width=\u00a0\u00bb2\/3&Prime; icons_position=\u00a0\u00bbleft\u00a0\u00bb][vc_single_image image=\u00a0\u00bb2399&Prime; img_size=\u00a0\u00bbmedium\u00a0\u00bb alignment=\u00a0\u00bbcenter\u00a0\u00bb][vc_custom_heading text=\u00a0\u00bbMme Meryem MAZINI\u00a0\u00bb font_container=\u00a0\u00bbtag:p|font_size:1.8em|text_align:center|color:%23000000|line_height:1.8em\u00a0\u00bb use_theme_fonts=\u00a0\u00bbyes\u00a0\u00bb][vc_column_text]N\u00e9e le 24 juin 1973 \u00e0 Casablanca, Meryem MAZINI a vecu en France de 1974 \u00e0 1990 o\u00f9 elle a effectu\u00e9 toute sa scolarit\u00e9.<br \/>\nApr\u00e8s un BAC Litt\u00e9raire en poche, elle obtient une licence en commerce international.<br \/>\nEn 1993 Meryem Mazini a pu d\u00e9veloper sa carri\u00e8re professionnelle dans l\u2019industrie pharmaceutique, les multinationales, ainsi que dans les nouvelles technologies.<br \/>\nRiche d\u2019une expertise de 15 ans dans la communication et le conseil, Meryem Mazini accompagne les d\u00e9cideurs en strat\u00e9gie de communication interne et externe, ce qui permet \u00e0 ces derniers de d\u00e9velopper leur identit\u00e9 visuelle, ainsi que la notori\u00e9te de leur marque.<br \/>\nMeryem Mazini pilote \u00e9galement un p\u00f4le de community management permettant aux clients de mieux se vendre \u00e0 travers les r\u00e9seaux sociaux.<br \/>\nPour repondre aux besoins sp\u00e9cifiques de chaque client, Meryem Mazini met en place des outils \u00e0 savoir l\u2019\u00e9tude de l\u2019 environnemt ainsi que le benchmark positif.<br \/>\nSes valeurs :<br \/>\npassion, int\u00e9grit\u00e9 et authenticit\u00e9.<br \/>\nFiere de d\u00e9buter une nouvelle aventure avec l\u2019 AMC et de relever ensemble le drapeau de notre beau pays et faire connaitre l\u2019art culinaire marocain \u00e0 travers le monde.<br \/>\nMeryem MAZINI est mari\u00e9e et maman de 4 enfants[\/vc_column_text][\/vc_column_inner][vc_column_inner width=\u00a0\u00bb1\/6&Prime; icons_position=\u00a0\u00bbleft\u00a0\u00bb][\/vc_column_inner][\/vc_row_inner][vc_empty_space height=\u00a0\u00bb8rem\u00a0\u00bb alter_height=\u00a0\u00bbnone\u00a0\u00bb hide_on_desktop=\u00a0\u00bb\u00a0\u00bb hide_on_notebook=\u00a0\u00bb\u00a0\u00bb hide_on_tablet=\u00a0\u00bb\u00a0\u00bb hide_on_mobile=\u00a0\u00bb\u00a0\u00bb][vc_empty_space height=\u00a0\u00bb10rem\u00a0\u00bb alter_height=\u00a0\u00bbnone\u00a0\u00bb hide_on_desktop=\u00a0\u00bb\u00a0\u00bb hide_on_notebook=\u00a0\u00bb\u00a0\u00bb hide_on_tablet=\u00a0\u00bb\u00a0\u00bb hide_on_mobile=\u00a0\u00bb\u00a0\u00bb][\/vc_column][\/vc_row][vc_row scheme=\u00a0\u00bbdefault\u00a0\u00bb][vc_column icons_position=\u00a0\u00bbleft\u00a0\u00bb][vc_empty_space height=\u00a0\u00bb12rem\u00a0\u00bb alter_height=\u00a0\u00bbnone\u00a0\u00bb hide_on_desktop=\u00a0\u00bb\u00a0\u00bb hide_on_notebook=\u00a0\u00bb\u00a0\u00bb hide_on_tablet=\u00a0\u00bb\u00a0\u00bb hide_on_mobile=\u00a0\u00bb\u00a0\u00bb][\/vc_column][\/vc_row]<\/p>\n","protected":false},"excerpt":{"rendered":"<p>[vc_row][vc_column icons_position=\u00a0\u00bbleft\u00a0\u00bb][\/vc_column][\/vc_row][vc_row full_width=\u00a0\u00bbstretch_row\u00a0\u00bb hide_bg_image_on_tablet=\u00a0\u00bb\u00a0\u00bb hide_bg_image_on_mobile=\u00a0\u00bb\u00a0\u00bb css=\u00a0\u00bb.vc_custom_1520242520790{background-color: #f8f7f3 !important;}\u00a0\u00bb][vc_column icons_position=\u00a0\u00bbleft\u00a0\u00bb][vc_empty_space height=\u00a0\u00bb10rem\u00a0\u00bb alter_height=\u00a0\u00bbnone\u00a0\u00bb hide_on_desktop=\u00a0\u00bb\u00a0\u00bb hide_on_notebook=\u00a0\u00bb\u00a0\u00bb hide_on_tablet=\u00a0\u00bb\u00a0\u00bb hide_on_mobile=\u00a0\u00bb\u00a0\u00bb][vc_row_inner][vc_column_inner width=\u00a0\u00bb1\/6&Prime; icons_position=\u00a0\u00bbleft\u00a0\u00bb][\/vc_column_inner][vc_column_inner width=\u00a0\u00bb2\/3&Prime; icons_position=\u00a0\u00bbleft\u00a0\u00bb][vc_single_image image=\u00a0\u00bb2399&Prime; img_size=\u00a0\u00bbmedium\u00a0\u00bb alignment=\u00a0\u00bbcenter\u00a0\u00bb][vc_custom_heading text=\u00a0\u00bbMme Meryem MAZINI\u00a0\u00bb font_container=\u00a0\u00bbtag:p|font_size:1.8em|text_align:center|color:%23000000|line_height:1.8em\u00a0\u00bb use_theme_fonts=\u00a0\u00bbyes\u00a0\u00bb][vc_column_text]N\u00e9e le 24 juin 1973 \u00e0 Casablanca, Meryem MAZINI a vecu en France de&hellip;<\/p>\n","protected":false},"author":2,"featured_media":0,"parent":0,"menu_order":0,"comment_status":"closed","ping_status":"closed","template":"","meta":{"footnotes":""},"_links":{"self":[{"href":"https:\/\/amc-association.com\/ar\/wp-json\/wp\/v2\/pages\/2402"}],"collection":[{"href":"https:\/\/amc-association.com\/ar\/wp-json\/wp\/v2\/pages"}],"about":[{"href":"https:\/\/amc-association.com\/ar\/wp-json\/wp\/v2\/types\/page"}],"author":[{"embeddable":true,"href":"https:\/\/amc-association.com\/ar\/wp-json\/wp\/v2\/users\/2"}],"replies":[{"embeddable":true,"href":"https:\/\/amc-association.com\/ar\/wp-json\/wp\/v2\/comments?post=2402"}],"version-history":[{"count":2,"href":"https:\/\/amc-association.com\/ar\/wp-json\/wp\/v2\/pages\/2402\/revisions"}],"predecessor-version":[{"id":2404,"href":"https:\/\/amc-association.com\/ar\/wp-json\/wp\/v2\/pages\/2402\/revisions\/2404"}],"wp:attachment":[{"href":"https:\/\/amc-association.com\/ar\/wp-json\/wp\/v2\/media?parent=2402"}],"curies":[{"name":"wp","href":"https:\/\/api.w.org\/{rel}","templated":true}]}}