{"id":2406,"date":"2021-01-17T23:00:57","date_gmt":"2021-01-17T23:00:57","guid":{"rendered":"https:\/\/amc-association.com\/ar\/?page_id=2406"},"modified":"2021-01-17T23:05:25","modified_gmt":"2021-01-17T23:05:25","slug":"mme-linda-mejtia","status":"publish","type":"page","link":"https:\/\/amc-association.com\/ar\/mme-linda-mejtia\/","title":{"rendered":"Mme Linda MEJTIA"},"content":{"rendered":"<p>[vc_row][vc_column icons_position=\u00a0\u00bbleft\u00a0\u00bb][\/vc_column][\/vc_row][vc_row full_width=\u00a0\u00bbstretch_row\u00a0\u00bb hide_bg_image_on_tablet=\u00a0\u00bb\u00a0\u00bb hide_bg_image_on_mobile=\u00a0\u00bb\u00a0\u00bb css=\u00a0\u00bb.vc_custom_1520242520790{background-color: #f8f7f3 !important;}\u00a0\u00bb][vc_column icons_position=\u00a0\u00bbleft\u00a0\u00bb][vc_empty_space height=\u00a0\u00bb10rem\u00a0\u00bb alter_height=\u00a0\u00bbnone\u00a0\u00bb hide_on_desktop=\u00a0\u00bb\u00a0\u00bb hide_on_notebook=\u00a0\u00bb\u00a0\u00bb hide_on_tablet=\u00a0\u00bb\u00a0\u00bb hide_on_mobile=\u00a0\u00bb\u00a0\u00bb][vc_row_inner][vc_column_inner width=\u00a0\u00bb1\/6&Prime; icons_position=\u00a0\u00bbleft\u00a0\u00bb][\/vc_column_inner][vc_column_inner width=\u00a0\u00bb2\/3&Prime; icons_position=\u00a0\u00bbleft\u00a0\u00bb][vc_single_image image=\u00a0\u00bb2398&Prime; img_size=\u00a0\u00bbmedium\u00a0\u00bb alignment=\u00a0\u00bbcenter\u00a0\u00bb][vc_custom_heading text=\u00a0\u00bbMme Linda MEJTIA\u00a0\u00bb font_container=\u00a0\u00bbtag:p|font_size:1.8em|text_align:center|color:%23000000|line_height:1.8em\u00a0\u00bb use_theme_fonts=\u00a0\u00bbyes\u00a0\u00bb][vc_column_text]A la t\u00eate du Comit\u00e9 Marketing de l\u2019Association Marocaine des Chefs.<br \/>\nN\u00e9e en 1975 \u00e0 Oujda, heureuse maman de 3 enfants, attir\u00e9e par son jeune \u00e2ge pour les challenges et les d\u00e9fis, Linda excelle dans les m\u00e9tiers du FOOD au Maroc.<br \/>\nExp\u00e9rience prouv\u00e9e depuis plus de 18 ans en Marketing, ax\u00e9e principalement dans l\u2019univers du D\u00e9veloppement Commercial &amp; Marketing. Appuy\u00e9e par des lancements r\u00e9ussies et installations de marque Marocaine.<br \/>\nAutant que Manager F\u00e9minin, Linda est la femme Marocaine qui a cru, booster et cr\u00e9er des Succes Story de marques Marocaine : EXCELLO, FANDY, AL ITKANE,\u2026<br \/>\nPassionn\u00e9e par les enjeux de croissance et de cr\u00e9ation de valeur de la fonction marketing &amp; commerciale, \u00e0 insuffler au sein des \u00e9quipes.<br \/>\nEn accompagnement avec ses \u00e9quipes, Linda a particip\u00e9 aux ouvertures de plusieurs boulangeries et magasins dans les grandes villes et zones rurales.<\/p>\n<p>\ud83c\udfafComp\u00e9tences et forces cl\u00e9s :<br \/>\nCroissance par la mise en place et adaptation de d\u00e9marches pour une strat\u00e9gie de marque.<br \/>\nD\u00e9marrage de plusieurs marques : Excelo, Fandy, Al Itkane, Kayna &amp; Fine<br \/>\nEn plus de ses r\u00e9alisations en marketing et commercial, Linda a fait ses preuves dans la mise en place de plans d\u2019investissements pour l\u2019automatisation des processus de fabrication et de d\u00e9veloppement de partenariats Nationaux et Internationaux pour les activit\u00e9s connexes.<br \/>\nCr\u00e9ation de nouvelles lignes de produits pour l\u2019export sur le march\u00e9 Africain et Europ\u00e9en.<br \/>\nDepuis 2020, sa nouvelle passion et vocation orient\u00e9e au profit des Femmes et Hommes Marocains, elle les accompagne en tant que coach et hygi\u00e8ne de vie. B\u00e9n\u00e9ficient de son encadrement aujourd\u2019hui des mamans au foyers, des cardes et des hommes d\u2019affaires.<br \/>\nLe milieu associatif et sportif est bien pr\u00e9sent dans ses actions, \u00e0 travers des actions sociales pour le compte des associations d\u2019orphelins et familles diminues. Elle est reconnue aussi dans ce milieu en tant qu\u2019ambassadrice des valeurs positives \u00e0 travers ses conseils, et son suivi,<\/p>\n<p>Ses valeurs<br \/>\nUn approche Engag\u00e9e,<br \/>\nLe management par les valeurs.<br \/>\nLe leadership[\/vc_column_text][\/vc_column_inner][vc_column_inner width=\u00a0\u00bb1\/6&Prime; icons_position=\u00a0\u00bbleft\u00a0\u00bb][\/vc_column_inner][\/vc_row_inner][vc_empty_space height=\u00a0\u00bb8rem\u00a0\u00bb alter_height=\u00a0\u00bbnone\u00a0\u00bb hide_on_desktop=\u00a0\u00bb\u00a0\u00bb hide_on_notebook=\u00a0\u00bb\u00a0\u00bb hide_on_tablet=\u00a0\u00bb\u00a0\u00bb hide_on_mobile=\u00a0\u00bb\u00a0\u00bb][vc_empty_space height=\u00a0\u00bb10rem\u00a0\u00bb alter_height=\u00a0\u00bbnone\u00a0\u00bb hide_on_desktop=\u00a0\u00bb\u00a0\u00bb hide_on_notebook=\u00a0\u00bb\u00a0\u00bb hide_on_tablet=\u00a0\u00bb\u00a0\u00bb hide_on_mobile=\u00a0\u00bb\u00a0\u00bb][\/vc_column][\/vc_row][vc_row scheme=\u00a0\u00bbdefault\u00a0\u00bb][vc_column icons_position=\u00a0\u00bbleft\u00a0\u00bb][vc_empty_space height=\u00a0\u00bb12rem\u00a0\u00bb alter_height=\u00a0\u00bbnone\u00a0\u00bb hide_on_desktop=\u00a0\u00bb\u00a0\u00bb hide_on_notebook=\u00a0\u00bb\u00a0\u00bb hide_on_tablet=\u00a0\u00bb\u00a0\u00bb hide_on_mobile=\u00a0\u00bb\u00a0\u00bb][\/vc_column][\/vc_row]<\/p>\n","protected":false},"excerpt":{"rendered":"<p>[vc_row][vc_column icons_position=\u00a0\u00bbleft\u00a0\u00bb][\/vc_column][\/vc_row][vc_row full_width=\u00a0\u00bbstretch_row\u00a0\u00bb hide_bg_image_on_tablet=\u00a0\u00bb\u00a0\u00bb hide_bg_image_on_mobile=\u00a0\u00bb\u00a0\u00bb css=\u00a0\u00bb.vc_custom_1520242520790{background-color: #f8f7f3 !important;}\u00a0\u00bb][vc_column icons_position=\u00a0\u00bbleft\u00a0\u00bb][vc_empty_space height=\u00a0\u00bb10rem\u00a0\u00bb alter_height=\u00a0\u00bbnone\u00a0\u00bb hide_on_desktop=\u00a0\u00bb\u00a0\u00bb hide_on_notebook=\u00a0\u00bb\u00a0\u00bb hide_on_tablet=\u00a0\u00bb\u00a0\u00bb hide_on_mobile=\u00a0\u00bb\u00a0\u00bb][vc_row_inner][vc_column_inner width=\u00a0\u00bb1\/6&Prime; icons_position=\u00a0\u00bbleft\u00a0\u00bb][\/vc_column_inner][vc_column_inner width=\u00a0\u00bb2\/3&Prime; icons_position=\u00a0\u00bbleft\u00a0\u00bb][vc_single_image image=\u00a0\u00bb2398&Prime; img_size=\u00a0\u00bbmedium\u00a0\u00bb alignment=\u00a0\u00bbcenter\u00a0\u00bb][vc_custom_heading text=\u00a0\u00bbMme Linda MEJTIA\u00a0\u00bb font_container=\u00a0\u00bbtag:p|font_size:1.8em|text_align:center|color:%23000000|line_height:1.8em\u00a0\u00bb use_theme_fonts=\u00a0\u00bbyes\u00a0\u00bb][vc_column_text]A la t\u00eate du Comit\u00e9 Marketing de l\u2019Association Marocaine des Chefs. N\u00e9e en 1975&hellip;<\/p>\n","protected":false},"author":2,"featured_media":0,"parent":0,"menu_order":0,"comment_status":"closed","ping_status":"closed","template":"","meta":{"footnotes":""},"_links":{"self":[{"href":"https:\/\/amc-association.com\/ar\/wp-json\/wp\/v2\/pages\/2406"}],"collection":[{"href":"https:\/\/amc-association.com\/ar\/wp-json\/wp\/v2\/pages"}],"about":[{"href":"https:\/\/amc-association.com\/ar\/wp-json\/wp\/v2\/types\/page"}],"author":[{"embeddable":true,"href":"https:\/\/amc-association.com\/ar\/wp-json\/wp\/v2\/users\/2"}],"replies":[{"embeddable":true,"href":"https:\/\/amc-association.com\/ar\/wp-json\/wp\/v2\/comments?post=2406"}],"version-history":[{"count":2,"href":"https:\/\/amc-association.com\/ar\/wp-json\/wp\/v2\/pages\/2406\/revisions"}],"predecessor-version":[{"id":2408,"href":"https:\/\/amc-association.com\/ar\/wp-json\/wp\/v2\/pages\/2406\/revisions\/2408"}],"wp:attachment":[{"href":"https:\/\/amc-association.com\/ar\/wp-json\/wp\/v2\/media?parent=2406"}],"curies":[{"name":"wp","href":"https:\/\/api.w.org\/{rel}","templated":true}]}}