{"id":1583,"date":"2025-09-17T20:00:43","date_gmt":"2025-09-17T20:00:43","guid":{"rendered":"https:\/\/amc-association.com\/fr\/?page_id=1583"},"modified":"2026-01-04T22:45:15","modified_gmt":"2026-01-04T22:45:15","slug":"youssef-el-ayoubi","status":"publish","type":"page","link":"https:\/\/amc-association.com\/fr\/youssef-el-ayoubi\/","title":{"rendered":"Youssef El Ayoubi"},"content":{"rendered":"<style>.elementor-1583 .elementor-element.elementor-element-0740b08:not(.elementor-motion-effects-element-type-background), .elementor-1583 .elementor-element.elementor-element-0740b08 > .elementor-motion-effects-container > .elementor-motion-effects-layer{background-color:var( --e-global-color-6db961a );}.elementor-1583 .elementor-element.elementor-element-0740b08 > .elementor-background-overlay{background-color:var( --e-global-color-6db961a );opacity:0.75;transition:background 0.3s, border-radius 0.3s, opacity 0.3s;}.elementor-1583 .elementor-element.elementor-element-0740b08 > .elementor-container{max-width:750px;}.elementor-1583 .elementor-element.elementor-element-0740b08{overflow:hidden;transition:background 0.3s, border 0.3s, border-radius 0.3s, box-shadow 0.3s;padding:27px 0px 27px 0px;}.elementor-1583 .elementor-element.elementor-element-f8c03f3{text-align:center;}.elementor-1583 .elementor-element.elementor-element-f8c03f3 .elementor-heading-title{font-family:var( --e-global-typography-5a7647c-font-family ), Sans-serif;font-size:var( --e-global-typography-5a7647c-font-size );font-weight:var( --e-global-typography-5a7647c-font-weight );line-height:var( --e-global-typography-5a7647c-line-height );color:var( --e-global-color-accent );}.elementor-1583 .elementor-element.elementor-element-85e33c2{--display:flex;--min-height:150px;--flex-direction:row;--container-widget-width:initial;--container-widget-height:100%;--container-widget-flex-grow:1;--container-widget-align-self:stretch;--flex-wrap-mobile:wrap;--gap:0px 0px;--row-gap:0px;--column-gap:0px;--padding-top:22px;--padding-bottom:22px;--padding-left:22px;--padding-right:22px;}.elementor-1583 .elementor-element.elementor-element-8f33cb5{--display:flex;--flex-direction:column;--container-widget-width:100%;--container-widget-height:initial;--container-widget-flex-grow:0;--container-widget-align-self:initial;--flex-wrap-mobile:wrap;border-style:solid;--border-style:solid;border-width:1px 1px 1px 1px;--border-top-width:1px;--border-right-width:1px;--border-bottom-width:1px;--border-left-width:1px;--border-radius:15px 15px 15px 15px;}.elementor-1583 .elementor-element.elementor-element-c7ce320{text-align:left;font-size:22px;line-height:38px;color:var( --e-global-color-primary );}.elementor-1583 .elementor-element.elementor-element-9584ba8{--display:flex;--min-height:207px;--flex-direction:row;--container-widget-width:initial;--container-widget-height:100%;--container-widget-flex-grow:1;--container-widget-align-self:stretch;--flex-wrap-mobile:wrap;--gap:0px 0px;--row-gap:0px;--column-gap:0px;}.elementor-1583 .elementor-element.elementor-element-9b7cce0{--display:flex;--flex-direction:column;--container-widget-width:100%;--container-widget-height:initial;--container-widget-flex-grow:0;--container-widget-align-self:initial;--flex-wrap-mobile:wrap;}.elementor-1583 .elementor-element.elementor-element-27749e5{--display:flex;--flex-direction:column;--container-widget-width:100%;--container-widget-height:initial;--container-widget-flex-grow:0;--container-widget-align-self:initial;--flex-wrap-mobile:wrap;}:root{--page-title-display:none;}@media(min-width:768px){.elementor-1583 .elementor-element.elementor-element-8f33cb5{--width:100%;}.elementor-1583 .elementor-element.elementor-element-9b7cce0{--width:50%;}.elementor-1583 .elementor-element.elementor-element-27749e5{--width:50%;}}@media(max-width:1024px){.elementor-1583 .elementor-element.elementor-element-f8c03f3 .elementor-heading-title{font-size:var( --e-global-typography-5a7647c-font-size );line-height:var( --e-global-typography-5a7647c-line-height );}}@media(max-width:767px){.elementor-1583 .elementor-element.elementor-element-f8c03f3 .elementor-heading-title{font-size:var( --e-global-typography-5a7647c-font-size );line-height:var( --e-global-typography-5a7647c-line-height );}.elementor-1583 .elementor-element.elementor-element-c7ce320{text-align:justify;}}<\/style>\t\t<div data-elementor-type=\"wp-page\" data-elementor-id=\"1583\" class=\"elementor elementor-1583\" data-elementor-post-type=\"page\">\n\t\t\t\t\t\t<section class=\"elementor-section elementor-top-section elementor-element elementor-element-0740b08 elementor-section-boxed elementor-section-height-default elementor-section-height-default\" data-id=\"0740b08\" data-element_type=\"section\" data-settings=\"{&quot;background_background&quot;:&quot;classic&quot;}\">\n\t\t\t\t\t\t\t<div class=\"elementor-background-overlay\"><\/div>\n\t\t\t\t\t\t\t<div class=\"elementor-container elementor-column-gap-default\">\n\t\t\t\t\t<div class=\"elementor-column elementor-col-100 elementor-top-column elementor-element elementor-element-12c320f\" data-id=\"12c320f\" data-element_type=\"column\">\n\t\t\t<div class=\"elementor-widget-wrap elementor-element-populated\">\n\t\t\t\t\t\t<div class=\"elementor-element elementor-element-f8c03f3 elementor-widget elementor-widget-heading\" data-id=\"f8c03f3\" data-element_type=\"widget\" data-widget_type=\"heading.default\">\n\t\t\t\t<div class=\"elementor-widget-container\">\n\t\t\t\t\t<h2 class=\"elementor-heading-title elementor-size-default\">Youssef El Ayoubi<\/h2>\t\t\t\t<\/div>\n\t\t\t\t<\/div>\n\t\t\t\t\t<\/div>\n\t\t<\/div>\n\t\t\t\t\t<\/div>\n\t\t<\/section>\n\t\t<div class=\"elementor-element elementor-element-85e33c2 e-flex e-con-boxed e-con e-parent\" data-id=\"85e33c2\" data-element_type=\"container\">\n\t\t\t\t\t<div class=\"e-con-inner\">\n\t\t<div class=\"elementor-element elementor-element-8f33cb5 e-con-full e-flex e-con e-child\" data-id=\"8f33cb5\" data-element_type=\"container\">\n\t\t\t\t<div class=\"elementor-element elementor-element-0f086cd elementor-widget elementor-widget-image\" data-id=\"0f086cd\" data-element_type=\"widget\" data-widget_type=\"image.default\">\n\t\t\t\t<div class=\"elementor-widget-container\">\n\t\t\t\t\t\t\t\t\t\t\t\t\t\t\t<img fetchpriority=\"high\" decoding=\"async\" width=\"228\" height=\"300\" src=\"https:\/\/amc-association.com\/fr\/wp-content\/uploads\/2026\/01\/Youssef-El-Ayoubi-228x300.jpeg\" class=\"attachment-medium size-medium wp-image-2888\" alt=\"\" srcset=\"https:\/\/amc-association.com\/fr\/wp-content\/uploads\/2026\/01\/Youssef-El-Ayoubi-228x300.jpeg 228w, https:\/\/amc-association.com\/fr\/wp-content\/uploads\/2026\/01\/Youssef-El-Ayoubi-778x1024.jpeg 778w, https:\/\/amc-association.com\/fr\/wp-content\/uploads\/2026\/01\/Youssef-El-Ayoubi-768x1010.jpeg 768w, https:\/\/amc-association.com\/fr\/wp-content\/uploads\/2026\/01\/Youssef-El-Ayoubi.jpeg 964w\" sizes=\"(max-width: 228px) 100vw, 228px\" \/>\t\t\t\t\t\t\t\t\t\t\t\t\t\t\t<\/div>\n\t\t\t\t<\/div>\n\t\t\t\t<div class=\"elementor-element elementor-element-c7ce320 elementor-widget elementor-widget-text-editor\" data-id=\"c7ce320\" data-element_type=\"widget\" data-widget_type=\"text-editor.default\">\n\t\t\t\t<div class=\"elementor-widget-container\">\n\t\t\t\t\t\t\t\t\t<p><strong>Youssef El Ayoubi : Expert en H\u00f4tellerie et Pionnier de la Restauration Durable<\/strong><br \/>Dipl\u00f4m\u00e9 de l&rsquo;\u00c9cole H\u00f4teli\u00e8re de Rabat (promotion 1983-1984), Youssef El Ayoubi cumule plus de 30 ans d&rsquo;exp\u00e9rience dans l&rsquo;h\u00f4tellerie et la restauration de luxe au Maroc, au Moyen-Orient et en Asie.<\/p><p>Il a occup\u00e9 diverses responsabilit\u00e9s au sein des d\u00e9partements de la cuisine, des restaurants et des banquets. En 2010, il a enrichi son parcours en devenant formateur ind\u00e9pendant, collaborant avec plusieurs cabinets marocains. Il a anim\u00e9 de nombreuses sessions de formation sur des sujets cl\u00e9s tels que l&rsquo;hygi\u00e8ne et la s\u00e9curit\u00e9 en cuisine, la gestion des \u00e9quipes, la communication et le recrutement.<\/p><p>Fort de son engagement pour le d\u00e9veloppement durable, Youssef s&rsquo;oriente aujourd&rsquo;hui vers la restauration \u00e9co-responsable. Ses initiatives incluent la lutte contre le gaspillage alimentaire, la valorisation des produits locaux et de saison, ainsi que la gestion optimis\u00e9e des d\u00e9chets et de l&rsquo;eau.<\/p><p>Sa devise, \u00ab\u00a0La formation pour l&rsquo;humanit\u00e9 ce que l&rsquo;eau est pour la fleur\u00a0\u00bb, illustre parfaitement sa passion pour la transmission des connaissances et son engagement pour un avenir plus durable.<\/p>\t\t\t\t\t\t\t\t<\/div>\n\t\t\t\t<\/div>\n\t\t\t\t<\/div>\n\t\t\t\t\t<\/div>\n\t\t\t\t<\/div>\n\t\t<div class=\"elementor-element elementor-element-9584ba8 e-flex e-con-boxed e-con e-parent\" data-id=\"9584ba8\" data-element_type=\"container\">\n\t\t\t\t\t<div class=\"e-con-inner\">\n\t\t<div class=\"elementor-element elementor-element-9b7cce0 e-con-full e-flex e-con e-child\" data-id=\"9b7cce0\" data-element_type=\"container\">\n\t\t\t\t<\/div>\n\t\t<div class=\"elementor-element elementor-element-27749e5 e-con-full e-flex e-con e-child\" data-id=\"27749e5\" data-element_type=\"container\">\n\t\t\t\t<\/div>\n\t\t\t\t\t<\/div>\n\t\t\t\t<\/div>\n\t\t\t\t<\/div>\n\t\t","protected":false},"excerpt":{"rendered":"<p>Youssef El Ayoubi Youssef El Ayoubi : Expert en H\u00f4tellerie et Pionnier de la Restauration DurableDipl\u00f4m\u00e9 de l&rsquo;\u00c9cole H\u00f4teli\u00e8re de Rabat (promotion 1983-1984), Youssef El Ayoubi cumule plus de 30 ans d&rsquo;exp\u00e9rience dans l&rsquo;h\u00f4tellerie et la restauration de luxe au Maroc, au Moyen-Orient et en Asie. Il a occup\u00e9 diverses responsabilit\u00e9s au sein des d\u00e9partements [&hellip;]<\/p>\n","protected":false},"author":1,"featured_media":0,"parent":0,"menu_order":0,"comment_status":"closed","ping_status":"closed","template":"elementor_header_footer","meta":{"footnotes":""},"class_list":["post-1583","page","type-page","status-publish","hentry"],"_links":{"self":[{"href":"https:\/\/amc-association.com\/fr\/wp-json\/wp\/v2\/pages\/1583","targetHints":{"allow":["GET"]}}],"collection":[{"href":"https:\/\/amc-association.com\/fr\/wp-json\/wp\/v2\/pages"}],"about":[{"href":"https:\/\/amc-association.com\/fr\/wp-json\/wp\/v2\/types\/page"}],"author":[{"embeddable":true,"href":"https:\/\/amc-association.com\/fr\/wp-json\/wp\/v2\/users\/1"}],"replies":[{"embeddable":true,"href":"https:\/\/amc-association.com\/fr\/wp-json\/wp\/v2\/comments?post=1583"}],"version-history":[{"count":7,"href":"https:\/\/amc-association.com\/fr\/wp-json\/wp\/v2\/pages\/1583\/revisions"}],"predecessor-version":[{"id":2894,"href":"https:\/\/amc-association.com\/fr\/wp-json\/wp\/v2\/pages\/1583\/revisions\/2894"}],"wp:attachment":[{"href":"https:\/\/amc-association.com\/fr\/wp-json\/wp\/v2\/media?parent=1583"}],"curies":[{"name":"wp","href":"https:\/\/api.w.org\/{rel}","templated":true}]}}