{"id":2942,"date":"2026-01-07T22:20:36","date_gmt":"2026-01-07T22:20:36","guid":{"rendered":"https:\/\/amc-association.com\/fr\/?page_id=2942"},"modified":"2026-01-07T23:29:17","modified_gmt":"2026-01-07T23:29:17","slug":"titre-de-meilleur-chef-de-lannee-2025","status":"publish","type":"page","link":"https:\/\/amc-association.com\/fr\/titre-de-meilleur-chef-de-lannee-2025\/","title":{"rendered":"Titre de Meilleur Chef de l\u2019ann\u00e9e 2025"},"content":{"rendered":"<style>.elementor-2942 .elementor-element.elementor-element-0740b08:not(.elementor-motion-effects-element-type-background), .elementor-2942 .elementor-element.elementor-element-0740b08 > .elementor-motion-effects-container > .elementor-motion-effects-layer{background-color:var( --e-global-color-6db961a );}.elementor-2942 .elementor-element.elementor-element-0740b08 > .elementor-background-overlay{background-color:var( --e-global-color-6db961a );opacity:0.75;transition:background 0.3s, border-radius 0.3s, opacity 0.3s;}.elementor-2942 .elementor-element.elementor-element-0740b08 > .elementor-container{max-width:750px;}.elementor-2942 .elementor-element.elementor-element-0740b08{overflow:hidden;transition:background 0.3s, border 0.3s, border-radius 0.3s, box-shadow 0.3s;padding:27px 0px 27px 0px;}.elementor-2942 .elementor-element.elementor-element-f8c03f3{text-align:center;}.elementor-2942 .elementor-element.elementor-element-f8c03f3 .elementor-heading-title{font-family:\"Cairo\", Sans-serif;font-size:3rem;font-weight:700;line-height:1.25em;color:var( --e-global-color-accent );}.elementor-2942 .elementor-element.elementor-element-6fa22fb{--display:flex;--flex-direction:row;--container-widget-width:initial;--container-widget-height:100%;--container-widget-flex-grow:1;--container-widget-align-self:stretch;--flex-wrap-mobile:wrap;--gap:0px 0px;--row-gap:0px;--column-gap:0px;}.elementor-2942 .elementor-element.elementor-element-8a40a6d{--display:flex;--flex-direction:column;--container-widget-width:100%;--container-widget-height:initial;--container-widget-flex-grow:0;--container-widget-align-self:initial;--flex-wrap-mobile:wrap;}.elementor-2942 .elementor-element.elementor-element-e81c5a3:not(.elementor-motion-effects-element-type-background), .elementor-2942 .elementor-element.elementor-element-e81c5a3 > .elementor-motion-effects-container > .elementor-motion-effects-layer{background-color:transparent;background-image:linear-gradient(180deg, var( --e-global-color-secondary ) 0%, #E9F8D3 100%);}.elementor-2942 .elementor-element.elementor-element-e81c5a3 > .elementor-container{max-width:1250px;}.elementor-2942 .elementor-element.elementor-element-e81c5a3{transition:background 0.3s, border 0.3s, border-radius 0.3s, box-shadow 0.3s;margin-top:50px;margin-bottom:0px;padding:0px 0px 50px 0px;}.elementor-2942 .elementor-element.elementor-element-e81c5a3 > .elementor-background-overlay{transition:background 0.3s, border-radius 0.3s, opacity 0.3s;}.elementor-bc-flex-widget .elementor-2942 .elementor-element.elementor-element-4fa9fc7.elementor-column .elementor-widget-wrap{align-items:center;}.elementor-2942 .elementor-element.elementor-element-4fa9fc7.elementor-column.elementor-element[data-element_type=\"column\"] > .elementor-widget-wrap.elementor-element-populated{align-content:center;align-items:center;}.elementor-2942 .elementor-element.elementor-element-4fa9fc7 > .elementor-element-populated{border-style:solid;border-width:2px 2px 2px 2px;border-color:#006731;box-shadow:0px 15px 40px -15px rgba(0, 0, 0, 0.15);margin:15px 15px 15px 15px;--e-column-margin-right:15px;--e-column-margin-left:15px;padding:20px 20px 20px 20px;}.elementor-2942 .elementor-element.elementor-element-4fa9fc7 > .elementor-element-populated, .elementor-2942 .elementor-element.elementor-element-4fa9fc7 > .elementor-element-populated > .elementor-background-overlay, .elementor-2942 .elementor-element.elementor-element-4fa9fc7 > .elementor-background-slideshow{border-radius:20px 20px 20px 20px;}.elementor-2942 .elementor-element.elementor-element-b61421d > .elementor-widget-container{padding:5px 5px 5px 5px;}.elementor-2942 .elementor-element.elementor-element-b61421d .elementor-field-group{padding-right:calc( 10px\/2 );padding-left:calc( 10px\/2 );margin-bottom:10px;}.elementor-2942 .elementor-element.elementor-element-b61421d .elementor-form-fields-wrapper{margin-left:calc( -10px\/2 );margin-right:calc( -10px\/2 );margin-bottom:-10px;}.elementor-2942 .elementor-element.elementor-element-b61421d .elementor-field-group.recaptcha_v3-bottomleft, .elementor-2942 .elementor-element.elementor-element-b61421d .elementor-field-group.recaptcha_v3-bottomright{margin-bottom:0;}body.rtl .elementor-2942 .elementor-element.elementor-element-b61421d .elementor-labels-inline .elementor-field-group > label{padding-left:5px;}body:not(.rtl) .elementor-2942 .elementor-element.elementor-element-b61421d .elementor-labels-inline .elementor-field-group > label{padding-right:5px;}body .elementor-2942 .elementor-element.elementor-element-b61421d .elementor-labels-above .elementor-field-group > label{padding-bottom:5px;}.elementor-2942 .elementor-element.elementor-element-b61421d .elementor-field-group > label, .elementor-2942 .elementor-element.elementor-element-b61421d .elementor-field-subgroup label{color:#006731;}.elementor-2942 .elementor-element.elementor-element-b61421d .elementor-field-type-html{padding-bottom:0px;}.elementor-2942 .elementor-element.elementor-element-b61421d .elementor-field-group .elementor-field:not(.elementor-select-wrapper){background-color:#ffffff;border-color:#006731;border-width:1px 1px 1px 1px;}.elementor-2942 .elementor-element.elementor-element-b61421d .elementor-field-group .elementor-select-wrapper select{background-color:#ffffff;border-color:#006731;border-width:1px 1px 1px 1px;}.elementor-2942 .elementor-element.elementor-element-b61421d .elementor-field-group .elementor-select-wrapper::before{color:#006731;}.elementor-2942 .elementor-element.elementor-element-b61421d .e-form__buttons__wrapper__button-next{background-color:#006731;color:#ffffff;}.elementor-2942 .elementor-element.elementor-element-b61421d .elementor-button[type=\"submit\"]{background-color:#006731;color:#ffffff;}.elementor-2942 .elementor-element.elementor-element-b61421d .elementor-button[type=\"submit\"] svg *{fill:#ffffff;}.elementor-2942 .elementor-element.elementor-element-b61421d .e-form__buttons__wrapper__button-previous{color:#ffffff;}.elementor-2942 .elementor-element.elementor-element-b61421d .e-form__buttons__wrapper__button-next:hover{color:#ffffff;}.elementor-2942 .elementor-element.elementor-element-b61421d .elementor-button[type=\"submit\"]:hover{color:#ffffff;}.elementor-2942 .elementor-element.elementor-element-b61421d .elementor-button[type=\"submit\"]:hover svg *{fill:#ffffff;}.elementor-2942 .elementor-element.elementor-element-b61421d .e-form__buttons__wrapper__button-previous:hover{color:#ffffff;}.elementor-2942 .elementor-element.elementor-element-b61421d{--e-form-steps-indicators-spacing:20px;--e-form-steps-indicator-padding:30px;--e-form-steps-indicator-inactive-secondary-color:#ffffff;--e-form-steps-indicator-active-secondary-color:#ffffff;--e-form-steps-indicator-completed-secondary-color:#ffffff;--e-form-steps-divider-width:1px;--e-form-steps-divider-gap:10px;}:root{--page-title-display:none;}@media(min-width:768px){.elementor-2942 .elementor-element.elementor-element-8a40a6d{--width:100%;}}@media(max-width:767px){.elementor-2942 .elementor-element.elementor-element-f8c03f3 .elementor-heading-title{font-size:39px;}.elementor-2942 .elementor-element.elementor-element-e81c5a3{padding:0px 0px 0px 0px;}}<\/style>\t\t<div data-elementor-type=\"wp-page\" data-elementor-id=\"2942\" class=\"elementor elementor-2942\" data-elementor-post-type=\"page\">\n\t\t\t\t\t\t<section class=\"elementor-section elementor-top-section elementor-element elementor-element-0740b08 elementor-hidden-desktop elementor-hidden-tablet elementor-hidden-mobile elementor-section-boxed elementor-section-height-default elementor-section-height-default\" data-id=\"0740b08\" data-element_type=\"section\" data-settings=\"{&quot;background_background&quot;:&quot;classic&quot;}\">\n\t\t\t\t\t\t\t<div class=\"elementor-background-overlay\"><\/div>\n\t\t\t\t\t\t\t<div class=\"elementor-container elementor-column-gap-default\">\n\t\t\t\t\t<div class=\"elementor-column elementor-col-100 elementor-top-column elementor-element elementor-element-12c320f\" data-id=\"12c320f\" data-element_type=\"column\">\n\t\t\t<div class=\"elementor-widget-wrap elementor-element-populated\">\n\t\t\t\t\t\t<div class=\"elementor-element elementor-element-f8c03f3 elementor-widget elementor-widget-heading\" data-id=\"f8c03f3\" data-element_type=\"widget\" data-widget_type=\"heading.default\">\n\t\t\t\t<div class=\"elementor-widget-container\">\n\t\t\t\t\t<h1 class=\"elementor-heading-title elementor-size-default\">Qui m\u00e9rite le titre de Meilleur Chef de l\u2019ann\u00e9e 2025 ?<\/h1>\t\t\t\t<\/div>\n\t\t\t\t<\/div>\n\t\t\t\t\t<\/div>\n\t\t<\/div>\n\t\t\t\t\t<\/div>\n\t\t<\/section>\n\t\t<div class=\"elementor-element elementor-element-6fa22fb e-flex e-con-boxed e-con e-parent\" data-id=\"6fa22fb\" data-element_type=\"container\">\n\t\t\t\t\t<div class=\"e-con-inner\">\n\t\t<div class=\"elementor-element elementor-element-8a40a6d e-con-full e-flex e-con e-child\" data-id=\"8a40a6d\" data-element_type=\"container\">\n\t\t\t\t<div class=\"elementor-element elementor-element-cae12da elementor-widget elementor-widget-image\" data-id=\"cae12da\" data-element_type=\"widget\" data-widget_type=\"image.default\">\n\t\t\t\t<div class=\"elementor-widget-container\">\n\t\t\t\t\t\t\t\t\t\t\t\t\t\t\t<img fetchpriority=\"high\" decoding=\"async\" width=\"800\" height=\"465\" src=\"https:\/\/amc-association.com\/fr\/wp-content\/uploads\/2026\/01\/titre-de-Meilleur-Chef-de-2025-1024x595.webp\" class=\"attachment-large size-large wp-image-2962\" alt=\"\" srcset=\"https:\/\/amc-association.com\/fr\/wp-content\/uploads\/2026\/01\/titre-de-Meilleur-Chef-de-2025-1024x595.webp 1024w, https:\/\/amc-association.com\/fr\/wp-content\/uploads\/2026\/01\/titre-de-Meilleur-Chef-de-2025-300x174.webp 300w, https:\/\/amc-association.com\/fr\/wp-content\/uploads\/2026\/01\/titre-de-Meilleur-Chef-de-2025-768x446.webp 768w, https:\/\/amc-association.com\/fr\/wp-content\/uploads\/2026\/01\/titre-de-Meilleur-Chef-de-2025.webp 1280w\" sizes=\"(max-width: 800px) 100vw, 800px\" \/>\t\t\t\t\t\t\t\t\t\t\t\t\t\t\t<\/div>\n\t\t\t\t<\/div>\n\t\t\t\t<\/div>\n\t\t\t\t\t<\/div>\n\t\t\t\t<\/div>\n\t\t\t\t<section class=\"elementor-section elementor-top-section elementor-element elementor-element-e81c5a3 elementor-section-boxed elementor-section-height-default elementor-section-height-default\" data-id=\"e81c5a3\" data-element_type=\"section\" data-settings=\"{&quot;background_background&quot;:&quot;gradient&quot;}\">\n\t\t\t\t\t\t<div class=\"elementor-container elementor-column-gap-default\">\n\t\t\t\t\t<div class=\"elementor-column elementor-col-100 elementor-top-column elementor-element elementor-element-4fa9fc7\" data-id=\"4fa9fc7\" data-element_type=\"column\">\n\t\t\t<div class=\"elementor-widget-wrap elementor-element-populated\">\n\t\t\t\t\t\t<div class=\"elementor-element elementor-element-b61421d elementor-button-align-stretch elementor-widget elementor-widget-form\" data-id=\"b61421d\" data-element_type=\"widget\" data-settings=\"{&quot;step_next_label&quot;:&quot;Next&quot;,&quot;step_previous_label&quot;:&quot;Previous&quot;,&quot;button_width&quot;:&quot;100&quot;,&quot;step_type&quot;:&quot;number_text&quot;,&quot;step_icon_shape&quot;:&quot;circle&quot;}\" data-widget_type=\"form.default\">\n\t\t\t\t<div class=\"elementor-widget-container\">\n\t\t\t\t\t\t\t<form class=\"elementor-form\" method=\"post\" name=\"New Form\" aria-label=\"New Form\">\n\t\t\t<input type=\"hidden\" name=\"post_id\" value=\"2942\"\/>\n\t\t\t<input type=\"hidden\" name=\"form_id\" value=\"b61421d\"\/>\n\t\t\t<input type=\"hidden\" name=\"referer_title\" value=\"Titre de Meilleur Chef de l\u2019ann\u00e9e 2025\" \/>\n\n\t\t\t\t\t\t\t<input type=\"hidden\" name=\"queried_id\" value=\"2942\"\/>\n\t\t\t\n\t\t\t<div class=\"elementor-form-fields-wrapper elementor-labels-above\">\n\t\t\t\t\t\t\t\t<div class=\"elementor-field-type-text elementor-field-group elementor-column elementor-field-group-name elementor-col-50\">\n\t\t\t\t\t\t\t\t\t\t\t\t<label for=\"form-field-name\" class=\"elementor-field-label\">\n\t\t\t\t\t\t\t\tNom complet du votant :\t\t\t\t\t\t\t<\/label>\n\t\t\t\t\t\t\t\t\t\t\t\t\t\t<input size=\"1\" type=\"text\" name=\"form_fields[name]\" id=\"form-field-name\" class=\"elementor-field elementor-size-sm  elementor-field-textual\">\n\t\t\t\t\t\t\t\t\t\t\t<\/div>\n\t\t\t\t\t\t\t\t<div class=\"elementor-field-type-text elementor-field-group elementor-column elementor-field-group-field_8ace846 elementor-col-50\">\n\t\t\t\t\t\t\t\t\t\t\t\t<label for=\"form-field-field_8ace846\" class=\"elementor-field-label\">\n\t\t\t\t\t\t\t\tNum\u00e9ro de t\u00e9l\u00e9phone :\t\t\t\t\t\t\t<\/label>\n\t\t\t\t\t\t\t\t\t\t\t\t\t\t<input size=\"1\" type=\"text\" name=\"form_fields[field_8ace846]\" id=\"form-field-field_8ace846\" class=\"elementor-field elementor-size-sm  elementor-field-textual\">\n\t\t\t\t\t\t\t\t\t\t\t<\/div>\n\t\t\t\t\t\t\t\t<div class=\"elementor-field-type-text elementor-field-group elementor-column elementor-field-group-field_0a05b56 elementor-col-50\">\n\t\t\t\t\t\t\t\t\t\t\t\t<label for=\"form-field-field_0a05b56\" class=\"elementor-field-label\">\n\t\t\t\t\t\t\t\tVille :\t\t\t\t\t\t\t<\/label>\n\t\t\t\t\t\t\t\t\t\t\t\t\t\t<input size=\"1\" type=\"text\" name=\"form_fields[field_0a05b56]\" id=\"form-field-field_0a05b56\" class=\"elementor-field elementor-size-sm  elementor-field-textual\">\n\t\t\t\t\t\t\t\t\t\t\t<\/div>\n\t\t\t\t\t\t\t\t<div class=\"elementor-field-type-text elementor-field-group elementor-column elementor-field-group-field_9c4d5d0 elementor-col-50\">\n\t\t\t\t\t\t\t\t\t\t\t\t<label for=\"form-field-field_9c4d5d0\" class=\"elementor-field-label\">\n\t\t\t\t\t\t\t\tProfession :\t\t\t\t\t\t\t<\/label>\n\t\t\t\t\t\t\t\t\t\t\t\t\t\t<input size=\"1\" type=\"text\" name=\"form_fields[field_9c4d5d0]\" id=\"form-field-field_9c4d5d0\" class=\"elementor-field elementor-size-sm  elementor-field-textual\" placeholder=\"Profession\">\n\t\t\t\t\t\t\t\t\t\t\t<\/div>\n\t\t\t\t\t\t\t\t<div class=\"elementor-field-type-email elementor-field-group elementor-column elementor-field-group-email elementor-col-50 elementor-field-required\">\n\t\t\t\t\t\t\t\t\t\t\t\t<label for=\"form-field-email\" class=\"elementor-field-label\">\n\t\t\t\t\t\t\t\tEmail\t\t\t\t\t\t\t<\/label>\n\t\t\t\t\t\t\t\t\t\t\t\t\t\t<input size=\"1\" type=\"email\" name=\"form_fields[email]\" id=\"form-field-email\" class=\"elementor-field elementor-size-sm  elementor-field-textual\" placeholder=\"Email\" required=\"required\">\n\t\t\t\t\t\t\t\t\t\t\t<\/div>\n\t\t\t\t\t\t\t\t<div class=\"elementor-field-type-text elementor-field-group elementor-column elementor-field-group-field_906469d elementor-col-50\">\n\t\t\t\t\t\t\t\t\t\t\t\t<label for=\"form-field-field_906469d\" class=\"elementor-field-label\">\n\t\t\t\t\t\t\t\tJe vote pour :\t\t\t\t\t\t\t<\/label>\n\t\t\t\t\t\t\t\t\t\t\t\t\t\t<input size=\"1\" type=\"text\" name=\"form_fields[field_906469d]\" id=\"form-field-field_906469d\" class=\"elementor-field elementor-size-sm  elementor-field-textual\">\n\t\t\t\t\t\t\t\t\t\t\t<\/div>\n\t\t\t\t\t\t\t\t<div class=\"elementor-field-type-textarea elementor-field-group elementor-column elementor-field-group-field_a581350 elementor-col-100\">\n\t\t\t\t\t\t\t\t\t\t\t\t<label for=\"form-field-field_a581350\" class=\"elementor-field-label\">\n\t\t\t\t\t\t\t\tPourquoi avez-vous choisi ce chef ?\t\t\t\t\t\t\t<\/label>\n\t\t\t\t\t\t<textarea class=\"elementor-field-textual elementor-field  elementor-size-sm\" name=\"form_fields[field_a581350]\" id=\"form-field-field_a581350\" rows=\"4\"><\/textarea>\t\t\t\t<\/div>\n\t\t\t\t\t\t\t\t<div class=\"elementor-field-group elementor-column elementor-field-type-submit elementor-col-100 e-form__buttons\">\n\t\t\t\t\t<button class=\"elementor-button elementor-size-sm\" type=\"submit\">\n\t\t\t\t\t\t<span class=\"elementor-button-content-wrapper\">\n\t\t\t\t\t\t\t\t\t\t\t\t\t\t\t\t\t\t\t\t\t\t<span class=\"elementor-button-text\">Voter<\/span>\n\t\t\t\t\t\t\t\t\t\t\t\t\t<\/span>\n\t\t\t\t\t<\/button>\n\t\t\t\t<\/div>\n\t\t\t<\/div>\n\t\t<\/form>\n\t\t\t\t\t\t<\/div>\n\t\t\t\t<\/div>\n\t\t\t\t\t<\/div>\n\t\t<\/div>\n\t\t\t\t\t<\/div>\n\t\t<\/section>\n\t\t\t\t<\/div>\n\t\t","protected":false},"excerpt":{"rendered":"<p>Qui m\u00e9rite le titre de Meilleur Chef de l\u2019ann\u00e9e 2025 ?<\/p>\n","protected":false},"author":1,"featured_media":0,"parent":0,"menu_order":0,"comment_status":"closed","ping_status":"closed","template":"elementor_header_footer","meta":{"footnotes":""},"class_list":["post-2942","page","type-page","status-publish","hentry"],"_links":{"self":[{"href":"https:\/\/amc-association.com\/fr\/wp-json\/wp\/v2\/pages\/2942","targetHints":{"allow":["GET"]}}],"collection":[{"href":"https:\/\/amc-association.com\/fr\/wp-json\/wp\/v2\/pages"}],"about":[{"href":"https:\/\/amc-association.com\/fr\/wp-json\/wp\/v2\/types\/page"}],"author":[{"embeddable":true,"href":"https:\/\/amc-association.com\/fr\/wp-json\/wp\/v2\/users\/1"}],"replies":[{"embeddable":true,"href":"https:\/\/amc-association.com\/fr\/wp-json\/wp\/v2\/comments?post=2942"}],"version-history":[{"count":28,"href":"https:\/\/amc-association.com\/fr\/wp-json\/wp\/v2\/pages\/2942\/revisions"}],"predecessor-version":[{"id":2985,"href":"https:\/\/amc-association.com\/fr\/wp-json\/wp\/v2\/pages\/2942\/revisions\/2985"}],"wp:attachment":[{"href":"https:\/\/amc-association.com\/fr\/wp-json\/wp\/v2\/media?parent=2942"}],"curies":[{"name":"wp","href":"https:\/\/api.w.org\/{rel}","templated":true}]}}