{"id":398,"date":"2024-03-30T20:05:41","date_gmt":"2024-03-30T20:05:41","guid":{"rendered":"https:\/\/amc-association.com\/fr\/arabe\/?page_id=398"},"modified":"2024-05-05T11:40:53","modified_gmt":"2024-05-05T11:40:53","slug":"ad-patisserie-ma","status":"publish","type":"page","link":"https:\/\/amc-association.com\/fr\/ad-patisserie-ma\/","title":{"rendered":"Sp\u00e9cialit\u00e9s P\u00e2tisserie Marocaine"},"content":{"rendered":"<style>.elementor-398 .elementor-element.elementor-element-70eb718:not(.elementor-motion-effects-element-type-background), .elementor-398 .elementor-element.elementor-element-70eb718 > .elementor-motion-effects-container > .elementor-motion-effects-layer{background-color:var( --e-global-color-6db961a );}.elementor-398 .elementor-element.elementor-element-70eb718 > .elementor-background-overlay{background-color:var( --e-global-color-6db961a );opacity:0.75;transition:background 0.3s, border-radius 0.3s, opacity 0.3s;}.elementor-398 .elementor-element.elementor-element-70eb718 > .elementor-container{max-width:750px;}.elementor-398 .elementor-element.elementor-element-70eb718{overflow:hidden;transition:background 0.3s, border 0.3s, border-radius 0.3s, box-shadow 0.3s;padding:27px 0px 27px 0px;}.elementor-398 .elementor-element.elementor-element-d806988{text-align:center;}.elementor-398 .elementor-element.elementor-element-d806988 .elementor-heading-title{font-family:\"Cairo\", Sans-serif;font-size:4rem;font-weight:600;line-height:1.25em;color:var( --e-global-color-accent );}.elementor-398 .elementor-element.elementor-element-bc8dd89{--display:flex;--flex-direction:row;--container-widget-width:initial;--container-widget-height:100%;--container-widget-flex-grow:1;--container-widget-align-self:stretch;--flex-wrap-mobile:wrap;--gap:0px 0px;--row-gap:0px;--column-gap:0px;--padding-top:40px;--padding-bottom:40px;--padding-left:0px;--padding-right:0px;}.elementor-398 .elementor-element.elementor-element-e3af2f0{--display:flex;--flex-direction:column;--container-widget-width:100%;--container-widget-height:initial;--container-widget-flex-grow:0;--container-widget-align-self:initial;--flex-wrap-mobile:wrap;--padding-top:0px;--padding-bottom:0px;--padding-left:0px;--padding-right:0px;}.elementor-398 .elementor-element.elementor-element-aa1c130 > .elementor-widget-container{padding:0px 0px 40px 0px;}.elementor-398 .elementor-element.elementor-element-aa1c130{text-align:center;}.elementor-398 .elementor-element.elementor-element-959fdb1 .elementor-tab-title, .elementor-398 .elementor-element.elementor-element-959fdb1 .elementor-tab-title:before, .elementor-398 .elementor-element.elementor-element-959fdb1 .elementor-tab-title:after, .elementor-398 .elementor-element.elementor-element-959fdb1 .elementor-tab-content, .elementor-398 .elementor-element.elementor-element-959fdb1 .elementor-tabs-content-wrapper{border-width:2px;}.elementor-398 .elementor-element.elementor-element-959fdb1 .elementor-tab-mobile-title, .elementor-398 .elementor-element.elementor-element-959fdb1 .elementor-tab-desktop-title.elementor-active, .elementor-398 .elementor-element.elementor-element-959fdb1 .elementor-tab-title:before, .elementor-398 .elementor-element.elementor-element-959fdb1 .elementor-tab-title:after, .elementor-398 .elementor-element.elementor-element-959fdb1 .elementor-tab-content, .elementor-398 .elementor-element.elementor-element-959fdb1 .elementor-tabs-content-wrapper{border-color:#E2E4E5;}.elementor-398 .elementor-element.elementor-element-959fdb1 .elementor-tab-desktop-title.elementor-active{background-color:#F8FAFC;}.elementor-398 .elementor-element.elementor-element-959fdb1 .elementor-tabs-content-wrapper{background-color:#F8FAFC;}.elementor-398 .elementor-element.elementor-element-959fdb1 .elementor-tab-title.elementor-active,\n\t\t\t\t\t .elementor-398 .elementor-element.elementor-element-959fdb1 .elementor-tab-title.elementor-active a{color:var( --e-global-color-accent );}:root{--page-title-display:none;}@media(min-width:768px){.elementor-398 .elementor-element.elementor-element-e3af2f0{--width:100%;}}@media(max-width:767px){.elementor-398 .elementor-element.elementor-element-d806988 .elementor-heading-title{font-size:33px;}.elementor-398 .elementor-element.elementor-element-aa1c130 > .elementor-widget-container{padding:0px 0px 27px 0px;}.elementor-398 .elementor-element.elementor-element-aa1c130 .elementor-heading-title{font-size:30px;}}<\/style>\t\t<div data-elementor-type=\"wp-page\" data-elementor-id=\"398\" class=\"elementor elementor-398\" data-elementor-post-type=\"page\">\n\t\t\t\t\t\t<section class=\"elementor-section elementor-top-section elementor-element elementor-element-70eb718 elementor-section-boxed elementor-section-height-default elementor-section-height-default\" data-id=\"70eb718\" data-element_type=\"section\" data-settings=\"{&quot;background_background&quot;:&quot;classic&quot;}\">\n\t\t\t\t\t\t\t<div class=\"elementor-background-overlay\"><\/div>\n\t\t\t\t\t\t\t<div class=\"elementor-container elementor-column-gap-default\">\n\t\t\t\t\t<div class=\"elementor-column elementor-col-100 elementor-top-column elementor-element elementor-element-b095962\" data-id=\"b095962\" data-element_type=\"column\">\n\t\t\t<div class=\"elementor-widget-wrap elementor-element-populated\">\n\t\t\t\t\t\t<div class=\"elementor-element elementor-element-2fc48fd elementor-widget elementor-widget-image\" data-id=\"2fc48fd\" data-element_type=\"widget\" data-widget_type=\"image.default\">\n\t\t\t\t<div class=\"elementor-widget-container\">\n\t\t\t\t\t\t\t\t\t\t\t\t\t\t\t<img decoding=\"async\" width=\"150\" height=\"150\" src=\"https:\/\/amc-association.com\/fr\/wp-content\/uploads\/2024\/03\/Logo-CHEF_Plan-de-travail-20-21-150x150.png\" class=\"attachment-thumbnail size-thumbnail wp-image-97\" alt=\"\" srcset=\"https:\/\/amc-association.com\/fr\/wp-content\/uploads\/2024\/03\/Logo-CHEF_Plan-de-travail-20-21-150x150.png 150w, https:\/\/amc-association.com\/fr\/wp-content\/uploads\/2024\/03\/Logo-CHEF_Plan-de-travail-20-21-300x300.png 300w, https:\/\/amc-association.com\/fr\/wp-content\/uploads\/2024\/03\/Logo-CHEF_Plan-de-travail-20-21.png 512w\" sizes=\"(max-width: 150px) 100vw, 150px\" \/>\t\t\t\t\t\t\t\t\t\t\t\t\t\t\t<\/div>\n\t\t\t\t<\/div>\n\t\t\t\t<div class=\"elementor-element elementor-element-d806988 elementor-widget elementor-widget-heading\" data-id=\"d806988\" data-element_type=\"widget\" data-widget_type=\"heading.default\">\n\t\t\t\t<div class=\"elementor-widget-container\">\n\t\t\t\t\t<h2 class=\"elementor-heading-title elementor-size-default\">Les adh\u00e9rents de l\u2019AMC<\/h2>\t\t\t\t<\/div>\n\t\t\t\t<\/div>\n\t\t\t\t\t<\/div>\n\t\t<\/div>\n\t\t\t\t\t<\/div>\n\t\t<\/section>\n\t\t<div class=\"elementor-element elementor-element-bc8dd89 e-flex e-con-boxed e-con e-parent\" data-id=\"bc8dd89\" data-element_type=\"container\">\n\t\t\t\t\t<div class=\"e-con-inner\">\n\t\t<div class=\"elementor-element elementor-element-e3af2f0 e-con-full e-flex e-con e-child\" data-id=\"e3af2f0\" data-element_type=\"container\">\n\t\t\t\t<div class=\"elementor-element elementor-element-aa1c130 elementor-widget elementor-widget-heading\" data-id=\"aa1c130\" data-element_type=\"widget\" data-widget_type=\"heading.default\">\n\t\t\t\t<div class=\"elementor-widget-container\">\n\t\t\t\t\t<h2 class=\"elementor-heading-title elementor-size-default\">Sp\u00e9cialit\u00e9s P\u00e2tisserie Marocaine<\/h2>\t\t\t\t<\/div>\n\t\t\t\t<\/div>\n\t\t\t\t<div class=\"elementor-element elementor-element-959fdb1 elementor-tabs-view-horizontal elementor-widget elementor-widget-tabs\" data-id=\"959fdb1\" data-element_type=\"widget\" data-widget_type=\"tabs.default\">\n\t\t\t\t<div class=\"elementor-widget-container\">\n\t\t\t\t\t\t\t<div class=\"elementor-tabs\">\n\t\t\t<div class=\"elementor-tabs-wrapper\" role=\"tablist\" >\n\t\t\t\t\t\t\t\t\t<div id=\"elementor-tab-title-1561\" class=\"elementor-tab-title elementor-tab-desktop-title\" aria-selected=\"true\" data-tab=\"1\" role=\"tab\" tabindex=\"0\" aria-controls=\"elementor-tab-content-1561\" aria-expanded=\"false\">Chef<\/div>\n\t\t\t\t\t\t\t\t\t<div id=\"elementor-tab-title-1562\" class=\"elementor-tab-title elementor-tab-desktop-title\" aria-selected=\"false\" data-tab=\"2\" role=\"tab\" tabindex=\"-1\" aria-controls=\"elementor-tab-content-1562\" aria-expanded=\"false\">Sous Chef - Chef de partie <\/div>\n\t\t\t\t\t\t\t\t\t<div id=\"elementor-tab-title-1563\" class=\"elementor-tab-title elementor-tab-desktop-title\" aria-selected=\"false\" data-tab=\"3\" role=\"tab\" tabindex=\"-1\" aria-controls=\"elementor-tab-content-1563\" aria-expanded=\"false\">Commis - Stagiaire<\/div>\n\t\t\t\t\t\t\t<\/div>\n\t\t\t<div class=\"elementor-tabs-content-wrapper\" role=\"tablist\" aria-orientation=\"vertical\">\n\t\t\t\t\t\t\t\t\t<div class=\"elementor-tab-title elementor-tab-mobile-title\" aria-selected=\"true\" data-tab=\"1\" role=\"tab\" tabindex=\"0\" aria-controls=\"elementor-tab-content-1561\" aria-expanded=\"false\">Chef<\/div>\n\t\t\t\t\t<div id=\"elementor-tab-content-1561\" class=\"elementor-tab-content elementor-clearfix\" data-tab=\"1\" role=\"tabpanel\" aria-labelledby=\"elementor-tab-title-1561\" tabindex=\"0\" hidden=\"false\"><div id=\"footable_parent_323\"\n         class=\" footable_parent ninja_table_wrapper loading_ninja_table wp_table_data_press_parent semantic_ui \">\n                <table data-ninja_table_instance=\"ninja_table_instance_0\" data-footable_id=\"323\" data-filter-delay=\"1000\" aria-label=\"3-PATISSERIE MAROCAINE Chef\"            id=\"footable_323\"\n           data-unique_identifier=\"ninja_table_unique_id_1696530419_323\"\n           class=\" foo-table ninja_footable foo_table_323 ninja_table_unique_id_1696530419_323 ui table  nt_type_legacy_table selectable striped vertical_centered  footable-paging-right ninja_table_pro\">\n                <colgroup>\n                            <col class=\"ninja_column_0 \">\n                            <col class=\"ninja_column_1 \">\n                            <col class=\"ninja_column_2 \">\n                    <\/colgroup>\n        <thead>\n<tr class=\"footable-header\">\n                                                        <th scope=\"col\"  class=\"ninja_column_0 ninja_clmn_nm_\u0627\u0644\u0635\u0648\u0631\u0629 \">\u0627\u0644\u0635\u0648\u0631\u0629<\/th><th scope=\"col\"  class=\"ninja_column_1 ninja_clmn_nm_\u0627\u0644\u0627\u0633\u0645_\u0627\u0644\u0643\u0627\u0645\u0644 \">\u0627\u0644\u0627\u0633\u0645 \u0627\u0644\u0643\u0627\u0645\u0644<\/th><th scope=\"col\"  class=\"ninja_column_2 ninja_clmn_nm_\u0627\u0644\u0631\u062a\u0628\u0629 \">\u0627\u0644\u0631\u062a\u0628\u0629<\/th><\/tr>\n<\/thead>\n<tbody>\n\n        <tr data-row_id=\"100\" class=\"ninja_table_row_0 nt_row_id_100\">\n            <td><img decoding=\"async\" src=\"https:\/\/amc-association.com\/photos\/3\/2.jpg\" alt=\"\" width=\"70\" height=\"50\" class=\"alignnone size-medium wp-image-1769\" \/><\/td><td>DOUNIA BOUGUEDDACH<\/td><td>Chef<\/td>        <\/tr>\n            <tr data-row_id=\"101\" class=\"ninja_table_row_1 nt_row_id_101\">\n            <td><img decoding=\"async\" src=\"https:\/\/amc-association.com\/photos\/3\/1.jpg\" alt=\"\" width=\"70\" height=\"50\" class=\"alignnone size-medium wp-image-1769\" \/><\/td><td>AFAF KOUNDI<\/td><td>Chef<\/td>        <\/tr>\n    <\/tbody><!--ninja_tobody_rendering_done-->\n    <\/table>\n    \n    \n    \n<\/div>\n<\/div>\n\t\t\t\t\t\t\t\t\t<div class=\"elementor-tab-title elementor-tab-mobile-title\" aria-selected=\"false\" data-tab=\"2\" role=\"tab\" tabindex=\"-1\" aria-controls=\"elementor-tab-content-1562\" aria-expanded=\"false\">Sous Chef - Chef de partie <\/div>\n\t\t\t\t\t<div id=\"elementor-tab-content-1562\" class=\"elementor-tab-content elementor-clearfix\" data-tab=\"2\" role=\"tabpanel\" aria-labelledby=\"elementor-tab-title-1562\" tabindex=\"0\" hidden=\"hidden\"><div id=\"footable_parent_324\"\n         class=\" footable_parent ninja_table_wrapper loading_ninja_table wp_table_data_press_parent semantic_ui \">\n                <table data-ninja_table_instance=\"ninja_table_instance_1\" data-footable_id=\"324\" data-filter-delay=\"1000\" aria-label=\"4-PATISSERIE MAROCAINE( Sous Chef - Chef de partie )\"            id=\"footable_324\"\n           data-unique_identifier=\"ninja_table_unique_id_405974381_324\"\n           class=\" foo-table ninja_footable foo_table_324 ninja_table_unique_id_405974381_324 ui table  nt_type_legacy_table selectable striped vertical_centered  footable-paging-right ninja_table_pro\">\n                <colgroup>\n                            <col class=\"ninja_column_0 \">\n                            <col class=\"ninja_column_1 \">\n                            <col class=\"ninja_column_2 \">\n                    <\/colgroup>\n        <thead>\n<tr class=\"footable-header\">\n                                                        <th scope=\"col\"  class=\"ninja_column_0 ninja_clmn_nm_\u0627\u0644\u0635\u0648\u0631\u0629 \">\u0627\u0644\u0635\u0648\u0631\u0629<\/th><th scope=\"col\"  class=\"ninja_column_1 ninja_clmn_nm_\u0627\u0644\u0627\u0633\u0645_\u0627\u0644\u0643\u0627\u0645\u0644 \">\u0627\u0644\u0627\u0633\u0645 \u0627\u0644\u0643\u0627\u0645\u0644<\/th><th scope=\"col\"  class=\"ninja_column_2 ninja_clmn_nm_\u0627\u0644\u0631\u062a\u0628\u0629 \">\u0627\u0644\u0631\u062a\u0628\u0629<\/th><\/tr>\n<\/thead>\n<tbody>\n\n        <tr data-row_id=\"188\" class=\"ninja_table_row_0 nt_row_id_188\">\n            <td><img loading=\"lazy\" decoding=\"async\" src=\"https:\/\/amc-association.com\/photos\/118.jpg\" alt=\"\" width=\"70\" height=\"50\" class=\"alignnone size-medium wp-image-1769\" \/><\/td><td>HANANE EL ATOUI<\/td><td>Sous Chef<\/td>        <\/tr>\n    <\/tbody><!--ninja_tobody_rendering_done-->\n    <\/table>\n    \n    \n    \n<\/div>\n<\/div>\n\t\t\t\t\t\t\t\t\t<div class=\"elementor-tab-title elementor-tab-mobile-title\" aria-selected=\"false\" data-tab=\"3\" role=\"tab\" tabindex=\"-1\" aria-controls=\"elementor-tab-content-1563\" aria-expanded=\"false\">Commis - Stagiaire<\/div>\n\t\t\t\t\t<div id=\"elementor-tab-content-1563\" class=\"elementor-tab-content elementor-clearfix\" data-tab=\"3\" role=\"tabpanel\" aria-labelledby=\"elementor-tab-title-1563\" tabindex=\"0\" hidden=\"hidden\"><div id=\"footable_parent_325\"\n         class=\" footable_parent ninja_table_wrapper loading_ninja_table wp_table_data_press_parent semantic_ui \">\n                <table data-ninja_table_instance=\"ninja_table_instance_2\" data-footable_id=\"325\" data-filter-delay=\"1000\" aria-label=\"5-PATISSERIE MAROCAINE ( Commis - Stagiaire)\"            id=\"footable_325\"\n           data-unique_identifier=\"ninja_table_unique_id_4281375344_325\"\n           class=\" foo-table ninja_footable foo_table_325 ninja_table_unique_id_4281375344_325 ui table  nt_type_legacy_table selectable striped vertical_centered  footable-paging-right ninja_table_pro\">\n                <colgroup>\n                            <col class=\"ninja_column_0 \">\n                            <col class=\"ninja_column_1 \">\n                            <col class=\"ninja_column_2 \">\n                    <\/colgroup>\n        <thead>\n<tr class=\"footable-header\">\n                                                        <th scope=\"col\"  class=\"ninja_column_0 ninja_clmn_nm_\u0627\u0644\u0635\u0648\u0631\u0629 \">\u0627\u0644\u0635\u0648\u0631\u0629<\/th><th scope=\"col\"  class=\"ninja_column_1 ninja_clmn_nm_\u0627\u0644\u0627\u0633\u0645_\u0627\u0644\u0643\u0627\u0645\u0644 \">\u0627\u0644\u0627\u0633\u0645 \u0627\u0644\u0643\u0627\u0645\u0644<\/th><th scope=\"col\"  class=\"ninja_column_2 ninja_clmn_nm_\u0627\u0644\u0631\u062a\u0628\u0629 \">\u0627\u0644\u0631\u062a\u0628\u0629<\/th><\/tr>\n<\/thead>\n<tbody>\n\n        <tr data-row_id=\"9\" class=\"ninja_table_row_0 nt_row_id_9\">\n            <td><img loading=\"lazy\" decoding=\"async\" src=\"https:\/\/amc-association.com\/photos\/5\/2.jpg\" alt=\"\" width=\"70\" height=\"50\" class=\"alignnone size-medium wp-image-1769\" \/><\/td><td>SALHA BENGADDA<\/td><td>Commis<\/td>        <\/tr>\n            <tr data-row_id=\"103\" class=\"ninja_table_row_1 nt_row_id_103\">\n            <td><img loading=\"lazy\" decoding=\"async\" src=\"https:\/\/amc-association.com\/photos\/5\/1.jpg\" alt=\"\" width=\"70\" height=\"50\" class=\"alignnone size-medium wp-image-1769\" \/><\/td><td>RACHID AIT-LHAJ M&rsquo;HAND<\/td><td>Commis<\/td>        <\/tr>\n    <\/tbody><!--ninja_tobody_rendering_done-->\n    <\/table>\n    \n    \n    \n<\/div>\n<\/div>\n\t\t\t\t\t\t\t<\/div>\n\t\t<\/div>\n\t\t\t\t\t\t<\/div>\n\t\t\t\t<\/div>\n\t\t\t\t<\/div>\n\t\t\t\t\t<\/div>\n\t\t\t\t<\/div>\n\t\t\t\t<\/div>\n\t\t","protected":false},"excerpt":{"rendered":"<p>Les adh\u00e9rents de l\u2019AMC Sp\u00e9cialit\u00e9s P\u00e2tisserie Marocaine Chef Sous Chef &#8211; Chef de partie Commis &#8211; Stagiaire Chef Modifier le tableau Sous Chef &#8211; Chef de partie Modifier le tableau Commis &#8211; Stagiaire Modifier le tableau<\/p>\n","protected":false},"author":1,"featured_media":0,"parent":0,"menu_order":0,"comment_status":"closed","ping_status":"closed","template":"","meta":{"footnotes":""},"class_list":["post-398","page","type-page","status-publish","hentry"],"_links":{"self":[{"href":"https:\/\/amc-association.com\/fr\/wp-json\/wp\/v2\/pages\/398","targetHints":{"allow":["GET"]}}],"collection":[{"href":"https:\/\/amc-association.com\/fr\/wp-json\/wp\/v2\/pages"}],"about":[{"href":"https:\/\/amc-association.com\/fr\/wp-json\/wp\/v2\/types\/page"}],"author":[{"embeddable":true,"href":"https:\/\/amc-association.com\/fr\/wp-json\/wp\/v2\/users\/1"}],"replies":[{"embeddable":true,"href":"https:\/\/amc-association.com\/fr\/wp-json\/wp\/v2\/comments?post=398"}],"version-history":[{"count":8,"href":"https:\/\/amc-association.com\/fr\/wp-json\/wp\/v2\/pages\/398\/revisions"}],"predecessor-version":[{"id":1104,"href":"https:\/\/amc-association.com\/fr\/wp-json\/wp\/v2\/pages\/398\/revisions\/1104"}],"wp:attachment":[{"href":"https:\/\/amc-association.com\/fr\/wp-json\/wp\/v2\/media?parent=398"}],"curies":[{"name":"wp","href":"https:\/\/api.w.org\/{rel}","templated":true}]}}