{"id":481,"date":"2024-03-30T22:49:49","date_gmt":"2024-03-30T22:49:49","guid":{"rendered":"https:\/\/amc-association.com\/fr\/arabe\/?page_id=481"},"modified":"2026-01-02T22:28:46","modified_gmt":"2026-01-02T22:28:46","slug":"master-class","status":"publish","type":"page","link":"https:\/\/amc-association.com\/fr\/master-class\/","title":{"rendered":"Master Class"},"content":{"rendered":"<style>.elementor-481 .elementor-element.elementor-element-0740b08:not(.elementor-motion-effects-element-type-background), .elementor-481 .elementor-element.elementor-element-0740b08 > .elementor-motion-effects-container > .elementor-motion-effects-layer{background-color:var( --e-global-color-6db961a );}.elementor-481 .elementor-element.elementor-element-0740b08 > .elementor-background-overlay{background-color:var( --e-global-color-6db961a );opacity:0.75;transition:background 0.3s, border-radius 0.3s, opacity 0.3s;}.elementor-481 .elementor-element.elementor-element-0740b08 > .elementor-container{max-width:750px;}.elementor-481 .elementor-element.elementor-element-0740b08{overflow:hidden;transition:background 0.3s, border 0.3s, border-radius 0.3s, box-shadow 0.3s;padding:27px 0px 27px 0px;}.elementor-481 .elementor-element.elementor-element-f8c03f3{text-align:center;}.elementor-481 .elementor-element.elementor-element-f8c03f3 .elementor-heading-title{font-family:var( --e-global-typography-5a7647c-font-family ), Sans-serif;font-size:var( --e-global-typography-5a7647c-font-size );font-weight:var( --e-global-typography-5a7647c-font-weight );line-height:var( --e-global-typography-5a7647c-line-height );color:var( --e-global-color-accent );}.elementor-481 .elementor-element.elementor-element-85e33c2{--display:flex;--min-height:150px;--flex-direction:row;--container-widget-width:initial;--container-widget-height:100%;--container-widget-flex-grow:1;--container-widget-align-self:stretch;--flex-wrap-mobile:wrap;--gap:0px 0px;--row-gap:0px;--column-gap:0px;}.elementor-481 .elementor-element.elementor-element-8f33cb5{--display:flex;--flex-direction:column;--container-widget-width:100%;--container-widget-height:initial;--container-widget-flex-grow:0;--container-widget-align-self:initial;--flex-wrap-mobile:wrap;}.elementor-481 .elementor-element.elementor-element-c7ce320{font-size:22px;line-height:38px;color:var( --e-global-color-primary );}.elementor-481 .elementor-element.elementor-element-ac66149 .elementor-cta .elementor-cta__bg, .elementor-481 .elementor-element.elementor-element-ac66149 .elementor-cta .elementor-cta__bg-overlay{transition-duration:1500ms;}.elementor-481 .elementor-element.elementor-element-ac66149 > .elementor-widget-container{border-radius:0px 0px 0px 0px;}.elementor-481 .elementor-element.elementor-element-ac66149 .elementor-cta__content{text-align:center;}.elementor-481 .elementor-element.elementor-element-ac66149 .elementor-cta__description{font-size:22px;}.elementor-481 .elementor-element.elementor-element-ac66149 .elementor-cta__button:hover{color:var( --e-global-color-secondary );background-color:#006731;}.elementor-481 .elementor-element.elementor-element-5ef9429 .elementor-wrapper{--video-aspect-ratio:1.77777;}.elementor-481 .elementor-element.elementor-element-60af3ac6:not(.elementor-motion-effects-element-type-background), .elementor-481 .elementor-element.elementor-element-60af3ac6 > .elementor-motion-effects-container > .elementor-motion-effects-layer{background-color:#A323121F;}.elementor-481 .elementor-element.elementor-element-60af3ac6{transition:background 0.3s, border 0.3s, border-radius 0.3s, box-shadow 0.3s;padding:0px 0px 0px 0px;}.elementor-481 .elementor-element.elementor-element-60af3ac6 > .elementor-background-overlay{transition:background 0.3s, border-radius 0.3s, opacity 0.3s;}.elementor-481 .elementor-element.elementor-element-0642bc8{--display:flex;--margin-top:0px;--margin-bottom:0px;--margin-left:0px;--margin-right:0px;--padding-top:10px;--padding-bottom:10px;--padding-left:0px;--padding-right:0px;}.elementor-481 .elementor-element.elementor-element-0642bc8:not(.elementor-motion-effects-element-type-background), .elementor-481 .elementor-element.elementor-element-0642bc8 > .elementor-motion-effects-container > .elementor-motion-effects-layer{background-color:var( --e-global-color-accent );}.elementor-481 .elementor-element.elementor-element-09bf6ea{text-align:center;}.elementor-481 .elementor-element.elementor-element-09bf6ea .elementor-heading-title{color:var( --e-global-color-6db961a );}.elementor-481 .elementor-element.elementor-element-a16a14e{--spacer-size:50px;}.elementor-481 .elementor-element.elementor-element-8b7fa33 .elementor-field-group{padding-right:calc( 10px\/2 );padding-left:calc( 10px\/2 );margin-bottom:10px;}.elementor-481 .elementor-element.elementor-element-8b7fa33 .elementor-form-fields-wrapper{margin-left:calc( -10px\/2 );margin-right:calc( -10px\/2 );margin-bottom:-10px;}.elementor-481 .elementor-element.elementor-element-8b7fa33 .elementor-field-group.recaptcha_v3-bottomleft, .elementor-481 .elementor-element.elementor-element-8b7fa33 .elementor-field-group.recaptcha_v3-bottomright{margin-bottom:0;}body.rtl .elementor-481 .elementor-element.elementor-element-8b7fa33 .elementor-labels-inline .elementor-field-group > label{padding-left:0px;}body:not(.rtl) .elementor-481 .elementor-element.elementor-element-8b7fa33 .elementor-labels-inline .elementor-field-group > label{padding-right:0px;}body .elementor-481 .elementor-element.elementor-element-8b7fa33 .elementor-labels-above .elementor-field-group > label{padding-bottom:0px;}.elementor-481 .elementor-element.elementor-element-8b7fa33 .elementor-field-group > label, .elementor-481 .elementor-element.elementor-element-8b7fa33 .elementor-field-subgroup label{color:var( --e-global-color-accent );}.elementor-481 .elementor-element.elementor-element-8b7fa33 .elementor-field-group > label{font-size:22px;}.elementor-481 .elementor-element.elementor-element-8b7fa33 .elementor-field-type-html{padding-bottom:0px;color:var( --e-global-color-primary );}.elementor-481 .elementor-element.elementor-element-8b7fa33 .elementor-field-group .elementor-field{color:var( --e-global-color-accent );}.elementor-481 .elementor-element.elementor-element-8b7fa33 .elementor-field-group .elementor-field:not(.elementor-select-wrapper){background-color:var( --e-global-color-secondary );border-color:var( --e-global-color-accent );border-width:1px 1px 1px 1px;}.elementor-481 .elementor-element.elementor-element-8b7fa33 .elementor-field-group .elementor-select-wrapper select{background-color:var( --e-global-color-secondary );border-color:var( --e-global-color-accent );border-width:1px 1px 1px 1px;}.elementor-481 .elementor-element.elementor-element-8b7fa33 .elementor-field-group .elementor-select-wrapper::before{color:var( --e-global-color-accent );}.elementor-481 .elementor-element.elementor-element-8b7fa33 .e-form__buttons__wrapper__button-next{color:#ffffff;}.elementor-481 .elementor-element.elementor-element-8b7fa33 .elementor-button[type=\"submit\"]{color:#ffffff;}.elementor-481 .elementor-element.elementor-element-8b7fa33 .elementor-button[type=\"submit\"] svg *{fill:#ffffff;}.elementor-481 .elementor-element.elementor-element-8b7fa33 .e-form__buttons__wrapper__button-previous{color:#ffffff;}.elementor-481 .elementor-element.elementor-element-8b7fa33 .e-form__buttons__wrapper__button-next:hover{color:#ffffff;}.elementor-481 .elementor-element.elementor-element-8b7fa33 .elementor-button[type=\"submit\"]:hover{color:#ffffff;}.elementor-481 .elementor-element.elementor-element-8b7fa33 .elementor-button[type=\"submit\"]:hover svg *{fill:#ffffff;}.elementor-481 .elementor-element.elementor-element-8b7fa33 .e-form__buttons__wrapper__button-previous:hover{color:#ffffff;}.elementor-481 .elementor-element.elementor-element-8b7fa33{--e-form-steps-indicators-spacing:20px;--e-form-steps-indicator-padding:30px;--e-form-steps-indicator-inactive-secondary-color:#ffffff;--e-form-steps-indicator-active-secondary-color:#ffffff;--e-form-steps-indicator-completed-secondary-color:#ffffff;--e-form-steps-divider-width:1px;--e-form-steps-divider-gap:10px;}.elementor-481 .elementor-element.elementor-element-9584ba8{--display:flex;--min-height:207px;--flex-direction:row;--container-widget-width:initial;--container-widget-height:100%;--container-widget-flex-grow:1;--container-widget-align-self:stretch;--flex-wrap-mobile:wrap;--gap:0px 0px;--row-gap:0px;--column-gap:0px;}.elementor-481 .elementor-element.elementor-element-9b7cce0{--display:flex;--flex-direction:column;--container-widget-width:100%;--container-widget-height:initial;--container-widget-flex-grow:0;--container-widget-align-self:initial;--flex-wrap-mobile:wrap;}.elementor-481 .elementor-element.elementor-element-27749e5{--display:flex;--flex-direction:column;--container-widget-width:100%;--container-widget-height:initial;--container-widget-flex-grow:0;--container-widget-align-self:initial;--flex-wrap-mobile:wrap;}:root{--page-title-display:none;}@media(min-width:768px){.elementor-481 .elementor-element.elementor-element-8f33cb5{--width:100%;}.elementor-481 .elementor-element.elementor-element-9b7cce0{--width:50%;}.elementor-481 .elementor-element.elementor-element-27749e5{--width:50%;}}@media(max-width:1024px){.elementor-481 .elementor-element.elementor-element-f8c03f3 .elementor-heading-title{font-size:var( --e-global-typography-5a7647c-font-size );line-height:var( --e-global-typography-5a7647c-line-height );}}@media(max-width:767px){.elementor-481 .elementor-element.elementor-element-f8c03f3 .elementor-heading-title{font-size:var( --e-global-typography-5a7647c-font-size );line-height:var( --e-global-typography-5a7647c-line-height );}.elementor-481 .elementor-element.elementor-element-60af3ac6{padding:0px 0px 0px 0px;}.elementor-481 .elementor-element.elementor-element-8b7fa33 .elementor-field-group > label{font-size:20px;}}<\/style>\t\t<div data-elementor-type=\"wp-page\" data-elementor-id=\"481\" class=\"elementor elementor-481\" data-elementor-post-type=\"page\">\n\t\t\t\t\t\t<section class=\"elementor-section elementor-top-section elementor-element elementor-element-0740b08 elementor-section-boxed elementor-section-height-default elementor-section-height-default\" data-id=\"0740b08\" data-element_type=\"section\" data-settings=\"{&quot;background_background&quot;:&quot;classic&quot;}\">\n\t\t\t\t\t\t\t<div class=\"elementor-background-overlay\"><\/div>\n\t\t\t\t\t\t\t<div class=\"elementor-container elementor-column-gap-default\">\n\t\t\t\t\t<div class=\"elementor-column elementor-col-100 elementor-top-column elementor-element elementor-element-12c320f\" data-id=\"12c320f\" data-element_type=\"column\">\n\t\t\t<div class=\"elementor-widget-wrap elementor-element-populated\">\n\t\t\t\t\t\t<div class=\"elementor-element elementor-element-f8c03f3 elementor-widget elementor-widget-heading\" data-id=\"f8c03f3\" data-element_type=\"widget\" data-widget_type=\"heading.default\">\n\t\t\t\t<div class=\"elementor-widget-container\">\n\t\t\t\t\t<h2 class=\"elementor-heading-title elementor-size-default\">Master Class<\/h2>\t\t\t\t<\/div>\n\t\t\t\t<\/div>\n\t\t\t\t\t<\/div>\n\t\t<\/div>\n\t\t\t\t\t<\/div>\n\t\t<\/section>\n\t\t<div class=\"elementor-element elementor-element-85e33c2 e-flex e-con-boxed e-con e-parent\" data-id=\"85e33c2\" data-element_type=\"container\">\n\t\t\t\t\t<div class=\"e-con-inner\">\n\t\t<div class=\"elementor-element elementor-element-8f33cb5 e-con-full e-flex e-con e-child\" data-id=\"8f33cb5\" data-element_type=\"container\">\n\t\t\t\t<div class=\"elementor-element elementor-element-c7ce320 elementor-widget elementor-widget-text-editor\" data-id=\"c7ce320\" data-element_type=\"widget\" data-widget_type=\"text-editor.default\">\n\t\t\t\t<div class=\"elementor-widget-container\">\n\t\t\t\t\t\t\t\t\t<p>Ce sont des cycles de formation et d&rsquo;orientation sp\u00e9cifiques pour les chefs et les artisans du domaine :<br \/>Boulangerie &#8211; p\u00e2tisserie &#8211; chocolaterie &#8211; glacerie &#8211; cuisine &#8211; Maitre d&rsquo;h\u00f4tel<br \/>C&rsquo;est \u00e0 travers de cette formation on vous pr\u00e9sente les nouvelles recettes et techniques faites par des meilleurs chefs marocains et des chefs \u00e9trangers pour \u00e9lever le niveau des artisans et le domaine au Maroc.<\/p>\t\t\t\t\t\t\t\t<\/div>\n\t\t\t\t<\/div>\n\t\t\t\t<div class=\"elementor-element elementor-element-ac66149 elementor-cta--skin-classic elementor-animated-content elementor-bg-transform elementor-bg-transform-zoom-in elementor-widget elementor-widget-call-to-action\" data-id=\"ac66149\" data-element_type=\"widget\" data-widget_type=\"call-to-action.default\">\n\t\t\t\t<div class=\"elementor-widget-container\">\n\t\t\t\t\t\t\t<div class=\"elementor-cta\">\n\t\t\t\t\t\t\t<div class=\"elementor-cta__content\">\n\t\t\t\t\n\t\t\t\t\t\t\t\t\t<h3 class=\"elementor-cta__title elementor-cta__content-item elementor-content-item\">\n\t\t\t\t\t\tPr\u00eat \u00e0 d\u00e9marrer votre Master Class?\t\t\t\t\t<\/h3>\n\t\t\t\t\n\t\t\t\t\t\t\t\t\t<div class=\"elementor-cta__description elementor-cta__content-item elementor-content-item\">\n\t\t\t\t\t\tFaites le premier pas vers un avenir meilleur\t\t\t\t\t<\/div>\n\t\t\t\t\n\t\t\t\t\t\t\t\t\t<div class=\"elementor-cta__button-wrapper elementor-cta__content-item elementor-content-item \">\n\t\t\t\t\t<a class=\"elementor-cta__button elementor-button elementor-size-\" href=\"#insmaster\">\n\t\t\t\t\t\tCommencer l'inscription\t\t\t\t\t<\/a>\n\t\t\t\t\t<\/div>\n\t\t\t\t\t\t\t<\/div>\n\t\t\t\t\t\t<\/div>\n\t\t\t\t\t\t<\/div>\n\t\t\t\t<\/div>\n\t\t\t\t<div class=\"elementor-element elementor-element-5ef9429 elementor-widget elementor-widget-video\" data-id=\"5ef9429\" data-element_type=\"widget\" data-settings=\"{&quot;youtube_url&quot;:&quot;https:\\\/\\\/www.youtube.com\\\/watch?v=XOav0fcMxio&quot;,&quot;autoplay&quot;:&quot;yes&quot;,&quot;loop&quot;:&quot;yes&quot;,&quot;video_type&quot;:&quot;youtube&quot;,&quot;controls&quot;:&quot;yes&quot;}\" data-widget_type=\"video.default\">\n\t\t\t\t<div class=\"elementor-widget-container\">\n\t\t\t\t\t\t\t<div class=\"elementor-wrapper elementor-open-inline\">\n\t\t\t<div class=\"elementor-video\"><\/div>\t\t<\/div>\n\t\t\t\t\t\t<\/div>\n\t\t\t\t<\/div>\n\t\t\t\t<\/div>\n\t\t\t\t\t<\/div>\n\t\t\t\t<\/div>\n\t\t\t\t<section class=\"elementor-section elementor-top-section elementor-element elementor-element-60af3ac6 elementor-section-boxed elementor-section-height-default elementor-section-height-default\" data-id=\"60af3ac6\" data-element_type=\"section\" id=\"insmaster\" data-settings=\"{&quot;background_background&quot;:&quot;classic&quot;}\">\n\t\t\t\t\t\t<div class=\"elementor-container elementor-column-gap-default\">\n\t\t\t\t\t<div class=\"elementor-column elementor-col-100 elementor-top-column elementor-element elementor-element-669d8a3a\" data-id=\"669d8a3a\" data-element_type=\"column\">\n\t\t\t<div class=\"elementor-widget-wrap elementor-element-populated\">\n\t\t\t\t<div class=\"elementor-element elementor-element-0642bc8 e-flex e-con-boxed e-con e-parent\" data-id=\"0642bc8\" data-element_type=\"container\" data-settings=\"{&quot;background_background&quot;:&quot;classic&quot;}\">\n\t\t\t\t\t<div class=\"e-con-inner\">\n\t\t\t\t<div class=\"elementor-element elementor-element-09bf6ea elementor-widget elementor-widget-heading\" data-id=\"09bf6ea\" data-element_type=\"widget\" data-widget_type=\"heading.default\">\n\t\t\t\t<div class=\"elementor-widget-container\">\n\t\t\t\t\t<h2 class=\"elementor-heading-title elementor-size-default\">Formulaire d'inscription<\/h2>\t\t\t\t<\/div>\n\t\t\t\t<\/div>\n\t\t\t\t\t<\/div>\n\t\t\t\t<\/div>\n\t\t\t\t<div class=\"elementor-element elementor-element-a16a14e elementor-widget elementor-widget-spacer\" data-id=\"a16a14e\" data-element_type=\"widget\" data-widget_type=\"spacer.default\">\n\t\t\t\t<div class=\"elementor-widget-container\">\n\t\t\t\t\t\t\t<div class=\"elementor-spacer\">\n\t\t\t<div class=\"elementor-spacer-inner\"><\/div>\n\t\t<\/div>\n\t\t\t\t\t\t<\/div>\n\t\t\t\t<\/div>\n\t\t\t\t<div class=\"elementor-element elementor-element-8b7fa33 elementor-button-align-stretch elementor-widget elementor-widget-form\" data-id=\"8b7fa33\" data-element_type=\"widget\" data-settings=\"{&quot;step_next_label&quot;:&quot;Next&quot;,&quot;step_previous_label&quot;:&quot;Previous&quot;,&quot;button_width&quot;:&quot;100&quot;,&quot;step_type&quot;:&quot;number_text&quot;,&quot;step_icon_shape&quot;:&quot;circle&quot;}\" data-widget_type=\"form.default\">\n\t\t\t\t<div class=\"elementor-widget-container\">\n\t\t\t\t\t\t\t<form class=\"elementor-form\" method=\"post\" name=\"Formulaire d&#039;inscription \u00e0 la master class\" aria-label=\"Formulaire d&#039;inscription \u00e0 la master class\">\n\t\t\t<input type=\"hidden\" name=\"post_id\" value=\"481\"\/>\n\t\t\t<input type=\"hidden\" name=\"form_id\" value=\"8b7fa33\"\/>\n\t\t\t<input type=\"hidden\" name=\"referer_title\" value=\"Master Class\" \/>\n\n\t\t\t\t\t\t\t<input type=\"hidden\" name=\"queried_id\" value=\"481\"\/>\n\t\t\t\n\t\t\t<div class=\"elementor-form-fields-wrapper elementor-labels-above\">\n\t\t\t\t\t\t\t\t<div class=\"elementor-field-type-text elementor-field-group elementor-column elementor-field-group-name elementor-col-100\">\n\t\t\t\t\t\t\t\t\t\t\t\t<label for=\"form-field-name\" class=\"elementor-field-label\">\n\t\t\t\t\t\t\t\tNom et Pr\u00e9nom:\t\t\t\t\t\t\t<\/label>\n\t\t\t\t\t\t\t\t\t\t\t\t\t\t<input size=\"1\" type=\"text\" name=\"form_fields[name]\" id=\"form-field-name\" class=\"elementor-field elementor-size-sm  elementor-field-textual\">\n\t\t\t\t\t\t\t\t\t\t\t<\/div>\n\t\t\t\t\t\t\t\t<div class=\"elementor-field-type-select elementor-field-group elementor-column elementor-field-group-field_7d4396b elementor-col-100\">\n\t\t\t\t\t\t\t\t\t\t\t\t<label for=\"form-field-field_7d4396b\" class=\"elementor-field-label\">\n\t\t\t\t\t\t\t\tSexe :\t\t\t\t\t\t\t<\/label>\n\t\t\t\t\t\t\t\t<div class=\"elementor-field elementor-select-wrapper remove-before \">\n\t\t\t<div class=\"select-caret-down-wrapper\">\n\t\t\t\t<svg aria-hidden=\"true\" class=\"e-font-icon-svg e-eicon-caret-down\" viewBox=\"0 0 571.4 571.4\" xmlns=\"http:\/\/www.w3.org\/2000\/svg\"><path d=\"M571 393Q571 407 561 418L311 668Q300 679 286 679T261 668L11 418Q0 407 0 393T11 368 36 357H536Q550 357 561 368T571 393Z\"><\/path><\/svg>\t\t\t<\/div>\n\t\t\t<select name=\"form_fields[field_7d4396b]\" id=\"form-field-field_7d4396b\" class=\"elementor-field-textual elementor-size-sm\">\n\t\t\t\t\t\t\t\t\t<option value=\"HOMME\">HOMME<\/option>\n\t\t\t\t\t\t\t\t\t<option value=\"FEMME\">FEMME<\/option>\n\t\t\t\t\t\t\t<\/select>\n\t\t<\/div>\n\t\t\t\t\t\t<\/div>\n\t\t\t\t\t\t\t\t<div class=\"elementor-field-type-text elementor-field-group elementor-column elementor-field-group-field_b7e824e elementor-col-100\">\n\t\t\t\t\t\t\t\t\t\t\t\t<label for=\"form-field-field_b7e824e\" class=\"elementor-field-label\">\n\t\t\t\t\t\t\t\tNationalit\u00e9 : \t\t\t\t\t\t\t<\/label>\n\t\t\t\t\t\t\t\t\t\t\t\t\t\t<input size=\"1\" type=\"text\" name=\"form_fields[field_b7e824e]\" id=\"form-field-field_b7e824e\" class=\"elementor-field elementor-size-sm  elementor-field-textual\">\n\t\t\t\t\t\t\t\t\t\t\t<\/div>\n\t\t\t\t\t\t\t\t<div class=\"elementor-field-type-select elementor-field-group elementor-column elementor-field-group-field_ca5a6ca elementor-col-100\">\n\t\t\t\t\t\t\t\t\t\t\t\t<label for=\"form-field-field_ca5a6ca\" class=\"elementor-field-label\">\n\t\t\t\t\t\t\t\tMaster Class:\t\t\t\t\t\t\t<\/label>\n\t\t\t\t\t\t\t\t<div class=\"elementor-field elementor-select-wrapper remove-before \">\n\t\t\t<div class=\"select-caret-down-wrapper\">\n\t\t\t\t<svg aria-hidden=\"true\" class=\"e-font-icon-svg e-eicon-caret-down\" viewBox=\"0 0 571.4 571.4\" xmlns=\"http:\/\/www.w3.org\/2000\/svg\"><path d=\"M571 393Q571 407 561 418L311 668Q300 679 286 679T261 668L11 418Q0 407 0 393T11 368 36 357H536Q550 357 561 368T571 393Z\"><\/path><\/svg>\t\t\t<\/div>\n\t\t\t<select name=\"form_fields[field_ca5a6ca]\" id=\"form-field-field_ca5a6ca\" class=\"elementor-field-textual elementor-size-sm\">\n\t\t\t\t\t\t\t\t\t<option value=\"Boulangerie\">Boulangerie<\/option>\n\t\t\t\t\t\t\t\t\t<option value=\"Viennoiserie\">Viennoiserie<\/option>\n\t\t\t\t\t\t\t\t\t<option value=\"Cuisine Marocaine\">Cuisine Marocaine<\/option>\n\t\t\t\t\t\t\t\t\t<option value=\"Cuisine Internationale\">Cuisine Internationale<\/option>\n\t\t\t\t\t\t\t\t\t<option value=\"P\u00e2tisserie Marocaine\">P\u00e2tisserie Marocaine<\/option>\n\t\t\t\t\t\t\t\t\t<option value=\"P\u00e2tisserie Internationale \">P\u00e2tisserie Internationale <\/option>\n\t\t\t\t\t\t\t\t\t<option value=\"Glacerie\">Glacerie<\/option>\n\t\t\t\t\t\t\t\t\t<option value=\"Chocolaterie\">Chocolaterie<\/option>\n\t\t\t\t\t\t\t\t\t<option value=\"Maitre D\u2019h\u00f4tel\">Maitre D\u2019h\u00f4tel<\/option>\n\t\t\t\t\t\t\t<\/select>\n\t\t<\/div>\n\t\t\t\t\t\t<\/div>\n\t\t\t\t\t\t\t\t<div class=\"elementor-field-type-text elementor-field-group elementor-column elementor-field-group-field_71076e8 elementor-col-100\">\n\t\t\t\t\t\t\t\t\t\t\t\t<label for=\"form-field-field_71076e8\" class=\"elementor-field-label\">\n\t\t\t\t\t\t\t\tC.I.N : \t\t\t\t\t\t\t<\/label>\n\t\t\t\t\t\t\t\t\t\t\t\t\t\t<input size=\"1\" type=\"text\" name=\"form_fields[field_71076e8]\" id=\"form-field-field_71076e8\" class=\"elementor-field elementor-size-sm  elementor-field-textual\">\n\t\t\t\t\t\t\t\t\t\t\t<\/div>\n\t\t\t\t\t\t\t\t<div class=\"elementor-field-type-text elementor-field-group elementor-column elementor-field-group-field_196495b elementor-col-100\">\n\t\t\t\t\t\t\t\t\t\t\t\t<label for=\"form-field-field_196495b\" class=\"elementor-field-label\">\n\t\t\t\t\t\t\t\tDate de naissance:\t\t\t\t\t\t\t<\/label>\n\t\t\t\t\t\t\t\t\t\t\t\t\t\t<input size=\"1\" type=\"text\" name=\"form_fields[field_196495b]\" id=\"form-field-field_196495b\" class=\"elementor-field elementor-size-sm  elementor-field-textual\">\n\t\t\t\t\t\t\t\t\t\t\t<\/div>\n\t\t\t\t\t\t\t\t<div class=\"elementor-field-type-email elementor-field-group elementor-column elementor-field-group-email elementor-col-100 elementor-field-required\">\n\t\t\t\t\t\t\t\t\t\t\t\t<label for=\"form-field-email\" class=\"elementor-field-label\">\n\t\t\t\t\t\t\t\tEmail :\t\t\t\t\t\t\t<\/label>\n\t\t\t\t\t\t\t\t\t\t\t\t\t\t<input size=\"1\" type=\"email\" name=\"form_fields[email]\" id=\"form-field-email\" class=\"elementor-field elementor-size-sm  elementor-field-textual\" required=\"required\">\n\t\t\t\t\t\t\t\t\t\t\t<\/div>\n\t\t\t\t\t\t\t\t<div class=\"elementor-field-type-tel elementor-field-group elementor-column elementor-field-group-field_ba02316 elementor-col-100\">\n\t\t\t\t\t\t\t\t\t\t\t\t<label for=\"form-field-field_ba02316\" class=\"elementor-field-label\">\n\t\t\t\t\t\t\t\tNum\u00e9ro de t\u00e9l\u00e9phone : \t\t\t\t\t\t\t<\/label>\n\t\t\t\t\t\t\t\t<input size=\"1\" type=\"tel\" name=\"form_fields[field_ba02316]\" id=\"form-field-field_ba02316\" class=\"elementor-field elementor-size-sm  elementor-field-textual\" pattern=\"[0-9()#&amp;+*-=.]+\" title=\"Only numbers and phone characters (#, -, *, etc) are accepted.\">\n\n\t\t\t\t\t\t<\/div>\n\t\t\t\t\t\t\t\t<div class=\"elementor-field-type-textarea elementor-field-group elementor-column elementor-field-group-message elementor-col-100\">\n\t\t\t\t\t\t\t\t\t\t\t\t<label for=\"form-field-message\" class=\"elementor-field-label\">\n\t\t\t\t\t\t\t\tMessage:\t\t\t\t\t\t\t<\/label>\n\t\t\t\t\t\t<textarea class=\"elementor-field-textual elementor-field  elementor-size-sm\" name=\"form_fields[message]\" id=\"form-field-message\" rows=\"4\"><\/textarea>\t\t\t\t<\/div>\n\t\t\t\t\t\t\t\t<div class=\"elementor-field-group elementor-column elementor-field-type-submit elementor-col-100 e-form__buttons\">\n\t\t\t\t\t<button class=\"elementor-button elementor-size-sm\" type=\"submit\">\n\t\t\t\t\t\t<span class=\"elementor-button-content-wrapper\">\n\t\t\t\t\t\t\t\t\t\t\t\t\t\t\t\t\t\t\t\t\t\t<span class=\"elementor-button-text\">ENVOYER<\/span>\n\t\t\t\t\t\t\t\t\t\t\t\t\t<\/span>\n\t\t\t\t\t<\/button>\n\t\t\t\t<\/div>\n\t\t\t<\/div>\n\t\t<\/form>\n\t\t\t\t\t\t<\/div>\n\t\t\t\t<\/div>\n\t\t\t\t\t<\/div>\n\t\t<\/div>\n\t\t\t\t\t<\/div>\n\t\t<\/section>\n\t\t<div class=\"elementor-element elementor-element-9584ba8 e-flex e-con-boxed e-con e-parent\" data-id=\"9584ba8\" data-element_type=\"container\">\n\t\t\t\t\t<div class=\"e-con-inner\">\n\t\t<div class=\"elementor-element elementor-element-9b7cce0 e-con-full e-flex e-con e-child\" data-id=\"9b7cce0\" data-element_type=\"container\">\n\t\t\t\t<\/div>\n\t\t<div class=\"elementor-element elementor-element-27749e5 e-con-full e-flex e-con e-child\" data-id=\"27749e5\" data-element_type=\"container\">\n\t\t\t\t<\/div>\n\t\t\t\t\t<\/div>\n\t\t\t\t<\/div>\n\t\t\t\t<\/div>\n\t\t","protected":false},"excerpt":{"rendered":"<p>Master Class Ce sont des cycles de formation et d&rsquo;orientation sp\u00e9cifiques pour les chefs et les artisans du domaine :Boulangerie &#8211; p\u00e2tisserie &#8211; chocolaterie &#8211; glacerie &#8211; cuisine &#8211; Maitre d&rsquo;h\u00f4telC&rsquo;est \u00e0 travers de cette formation on vous pr\u00e9sente les nouvelles recettes et techniques faites par des meilleurs chefs marocains et des chefs \u00e9trangers pour [&hellip;]<\/p>\n","protected":false},"author":1,"featured_media":0,"parent":0,"menu_order":0,"comment_status":"closed","ping_status":"closed","template":"elementor_header_footer","meta":{"footnotes":""},"class_list":["post-481","page","type-page","status-publish","hentry"],"_links":{"self":[{"href":"https:\/\/amc-association.com\/fr\/wp-json\/wp\/v2\/pages\/481","targetHints":{"allow":["GET"]}}],"collection":[{"href":"https:\/\/amc-association.com\/fr\/wp-json\/wp\/v2\/pages"}],"about":[{"href":"https:\/\/amc-association.com\/fr\/wp-json\/wp\/v2\/types\/page"}],"author":[{"embeddable":true,"href":"https:\/\/amc-association.com\/fr\/wp-json\/wp\/v2\/users\/1"}],"replies":[{"embeddable":true,"href":"https:\/\/amc-association.com\/fr\/wp-json\/wp\/v2\/comments?post=481"}],"version-history":[{"count":44,"href":"https:\/\/amc-association.com\/fr\/wp-json\/wp\/v2\/pages\/481\/revisions"}],"predecessor-version":[{"id":2818,"href":"https:\/\/amc-association.com\/fr\/wp-json\/wp\/v2\/pages\/481\/revisions\/2818"}],"wp:attachment":[{"href":"https:\/\/amc-association.com\/fr\/wp-json\/wp\/v2\/media?parent=481"}],"curies":[{"name":"wp","href":"https:\/\/api.w.org\/{rel}","templated":true}]}}