{"id":534,"date":"2024-03-31T14:08:52","date_gmt":"2024-03-31T14:08:52","guid":{"rendered":"https:\/\/amc-association.com\/fr\/arabe\/?page_id=534"},"modified":"2024-05-05T11:45:01","modified_gmt":"2024-05-05T11:45:01","slug":"mission","status":"publish","type":"page","link":"https:\/\/amc-association.com\/fr\/mission\/","title":{"rendered":"Mission"},"content":{"rendered":"<style>.elementor-534 .elementor-element.elementor-element-0740b08:not(.elementor-motion-effects-element-type-background), .elementor-534 .elementor-element.elementor-element-0740b08 > .elementor-motion-effects-container > .elementor-motion-effects-layer{background-color:var( --e-global-color-6db961a );}.elementor-534 .elementor-element.elementor-element-0740b08 > .elementor-background-overlay{background-color:var( --e-global-color-6db961a );opacity:0.75;transition:background 0.3s, border-radius 0.3s, opacity 0.3s;}.elementor-534 .elementor-element.elementor-element-0740b08 > .elementor-container{max-width:750px;}.elementor-534 .elementor-element.elementor-element-0740b08{overflow:hidden;transition:background 0.3s, border 0.3s, border-radius 0.3s, box-shadow 0.3s;padding:27px 0px 27px 0px;}.elementor-534 .elementor-element.elementor-element-f8c03f3{text-align:center;}.elementor-534 .elementor-element.elementor-element-f8c03f3 .elementor-heading-title{font-family:var( --e-global-typography-5a7647c-font-family ), Sans-serif;font-size:var( --e-global-typography-5a7647c-font-size );font-weight:var( --e-global-typography-5a7647c-font-weight );line-height:var( --e-global-typography-5a7647c-line-height );color:var( --e-global-color-accent );}.elementor-534 .elementor-element.elementor-element-85e33c2{--display:flex;--min-height:150px;--flex-direction:row;--container-widget-width:initial;--container-widget-height:100%;--container-widget-flex-grow:1;--container-widget-align-self:stretch;--flex-wrap-mobile:wrap;--gap:0px 0px;--row-gap:0px;--column-gap:0px;--padding-top:22px;--padding-bottom:22px;--padding-left:22px;--padding-right:22px;}.elementor-534 .elementor-element.elementor-element-8f33cb5{--display:flex;--flex-direction:column;--container-widget-width:100%;--container-widget-height:initial;--container-widget-flex-grow:0;--container-widget-align-self:initial;--flex-wrap-mobile:wrap;}.elementor-534 .elementor-element.elementor-element-c7ce320{font-size:22px;line-height:38px;color:var( --e-global-color-primary );}.elementor-534 .elementor-element.elementor-element-9584ba8{--display:flex;--min-height:207px;--flex-direction:row;--container-widget-width:initial;--container-widget-height:100%;--container-widget-flex-grow:1;--container-widget-align-self:stretch;--flex-wrap-mobile:wrap;--gap:0px 0px;--row-gap:0px;--column-gap:0px;}.elementor-534 .elementor-element.elementor-element-9b7cce0{--display:flex;--flex-direction:column;--container-widget-width:100%;--container-widget-height:initial;--container-widget-flex-grow:0;--container-widget-align-self:initial;--flex-wrap-mobile:wrap;}.elementor-534 .elementor-element.elementor-element-27749e5{--display:flex;--flex-direction:column;--container-widget-width:100%;--container-widget-height:initial;--container-widget-flex-grow:0;--container-widget-align-self:initial;--flex-wrap-mobile:wrap;}:root{--page-title-display:none;}@media(min-width:768px){.elementor-534 .elementor-element.elementor-element-8f33cb5{--width:100%;}.elementor-534 .elementor-element.elementor-element-9b7cce0{--width:50%;}.elementor-534 .elementor-element.elementor-element-27749e5{--width:50%;}}@media(max-width:1024px){.elementor-534 .elementor-element.elementor-element-f8c03f3 .elementor-heading-title{font-size:var( --e-global-typography-5a7647c-font-size );line-height:var( --e-global-typography-5a7647c-line-height );}}@media(max-width:767px){.elementor-534 .elementor-element.elementor-element-f8c03f3 .elementor-heading-title{font-size:var( --e-global-typography-5a7647c-font-size );line-height:var( --e-global-typography-5a7647c-line-height );}.elementor-534 .elementor-element.elementor-element-c7ce320{text-align:justify;}}<\/style>\t\t<div data-elementor-type=\"wp-page\" data-elementor-id=\"534\" class=\"elementor elementor-534\" data-elementor-post-type=\"page\">\n\t\t\t\t\t\t<section class=\"elementor-section elementor-top-section elementor-element elementor-element-0740b08 elementor-section-boxed elementor-section-height-default elementor-section-height-default\" data-id=\"0740b08\" data-element_type=\"section\" data-settings=\"{&quot;background_background&quot;:&quot;classic&quot;}\">\n\t\t\t\t\t\t\t<div class=\"elementor-background-overlay\"><\/div>\n\t\t\t\t\t\t\t<div class=\"elementor-container elementor-column-gap-default\">\n\t\t\t\t\t<div class=\"elementor-column elementor-col-100 elementor-top-column elementor-element elementor-element-12c320f\" data-id=\"12c320f\" data-element_type=\"column\">\n\t\t\t<div class=\"elementor-widget-wrap elementor-element-populated\">\n\t\t\t\t\t\t<div class=\"elementor-element elementor-element-74872cc elementor-widget elementor-widget-image\" data-id=\"74872cc\" data-element_type=\"widget\" data-widget_type=\"image.default\">\n\t\t\t\t<div class=\"elementor-widget-container\">\n\t\t\t\t\t\t\t\t\t\t\t\t\t\t\t<img decoding=\"async\" width=\"150\" height=\"150\" src=\"https:\/\/amc-association.com\/fr\/wp-content\/uploads\/2024\/03\/Logo-CHEF_Plan-de-travail-20-21-150x150.png\" class=\"attachment-thumbnail size-thumbnail wp-image-97\" alt=\"\" srcset=\"https:\/\/amc-association.com\/fr\/wp-content\/uploads\/2024\/03\/Logo-CHEF_Plan-de-travail-20-21-150x150.png 150w, https:\/\/amc-association.com\/fr\/wp-content\/uploads\/2024\/03\/Logo-CHEF_Plan-de-travail-20-21-300x300.png 300w, https:\/\/amc-association.com\/fr\/wp-content\/uploads\/2024\/03\/Logo-CHEF_Plan-de-travail-20-21.png 512w\" sizes=\"(max-width: 150px) 100vw, 150px\" \/>\t\t\t\t\t\t\t\t\t\t\t\t\t\t\t<\/div>\n\t\t\t\t<\/div>\n\t\t\t\t<div class=\"elementor-element elementor-element-f8c03f3 elementor-widget elementor-widget-heading\" data-id=\"f8c03f3\" data-element_type=\"widget\" data-widget_type=\"heading.default\">\n\t\t\t\t<div class=\"elementor-widget-container\">\n\t\t\t\t\t<h2 class=\"elementor-heading-title elementor-size-default\">Mission<\/h2>\t\t\t\t<\/div>\n\t\t\t\t<\/div>\n\t\t\t\t\t<\/div>\n\t\t<\/div>\n\t\t\t\t\t<\/div>\n\t\t<\/section>\n\t\t<div class=\"elementor-element elementor-element-85e33c2 e-flex e-con-boxed e-con e-parent\" data-id=\"85e33c2\" data-element_type=\"container\">\n\t\t\t\t\t<div class=\"e-con-inner\">\n\t\t<div class=\"elementor-element elementor-element-8f33cb5 e-con-full e-flex e-con e-child\" data-id=\"8f33cb5\" data-element_type=\"container\">\n\t\t\t\t<div class=\"elementor-element elementor-element-c7ce320 elementor-widget elementor-widget-text-editor\" data-id=\"c7ce320\" data-element_type=\"widget\" data-widget_type=\"text-editor.default\">\n\t\t\t\t<div class=\"elementor-widget-container\">\n\t\t\t\t\t\t\t\t\t<p>La mission de l&rsquo;association marocaine des chefs c&rsquo;est de renforcer l&rsquo;image des artisans et les chefs marocains sur le plan national et international.<br \/>&#8211; Augmenter le niveau de l&rsquo;encadrement.<br \/>&#8211; L\u00e9galis\u00e9 le m\u00e9tier et les artisans.<br \/>&#8211; Choisir les meilleurs chefs et les encadr\u00e9s pour \u00eatre n\u00f4tre fiert\u00e9 national et international.<\/p>\t\t\t\t\t\t\t\t<\/div>\n\t\t\t\t<\/div>\n\t\t\t\t<\/div>\n\t\t\t\t\t<\/div>\n\t\t\t\t<\/div>\n\t\t<div class=\"elementor-element elementor-element-9584ba8 e-flex e-con-boxed e-con e-parent\" data-id=\"9584ba8\" data-element_type=\"container\">\n\t\t\t\t\t<div class=\"e-con-inner\">\n\t\t<div class=\"elementor-element elementor-element-9b7cce0 e-con-full e-flex e-con e-child\" data-id=\"9b7cce0\" data-element_type=\"container\">\n\t\t\t\t<\/div>\n\t\t<div class=\"elementor-element elementor-element-27749e5 e-con-full e-flex e-con e-child\" data-id=\"27749e5\" data-element_type=\"container\">\n\t\t\t\t<\/div>\n\t\t\t\t\t<\/div>\n\t\t\t\t<\/div>\n\t\t\t\t<\/div>\n\t\t","protected":false},"excerpt":{"rendered":"<p>Mission La mission de l&rsquo;association marocaine des chefs c&rsquo;est de renforcer l&rsquo;image des artisans et les chefs marocains sur le plan national et international.&#8211; Augmenter le niveau de l&rsquo;encadrement.&#8211; L\u00e9galis\u00e9 le m\u00e9tier et les artisans.&#8211; Choisir les meilleurs chefs et les encadr\u00e9s pour \u00eatre n\u00f4tre fiert\u00e9 national et international.<\/p>\n","protected":false},"author":1,"featured_media":0,"parent":0,"menu_order":0,"comment_status":"closed","ping_status":"closed","template":"elementor_header_footer","meta":{"footnotes":""},"class_list":["post-534","page","type-page","status-publish","hentry"],"_links":{"self":[{"href":"https:\/\/amc-association.com\/fr\/wp-json\/wp\/v2\/pages\/534","targetHints":{"allow":["GET"]}}],"collection":[{"href":"https:\/\/amc-association.com\/fr\/wp-json\/wp\/v2\/pages"}],"about":[{"href":"https:\/\/amc-association.com\/fr\/wp-json\/wp\/v2\/types\/page"}],"author":[{"embeddable":true,"href":"https:\/\/amc-association.com\/fr\/wp-json\/wp\/v2\/users\/1"}],"replies":[{"embeddable":true,"href":"https:\/\/amc-association.com\/fr\/wp-json\/wp\/v2\/comments?post=534"}],"version-history":[{"count":8,"href":"https:\/\/amc-association.com\/fr\/wp-json\/wp\/v2\/pages\/534\/revisions"}],"predecessor-version":[{"id":1116,"href":"https:\/\/amc-association.com\/fr\/wp-json\/wp\/v2\/pages\/534\/revisions\/1116"}],"wp:attachment":[{"href":"https:\/\/amc-association.com\/fr\/wp-json\/wp\/v2\/media?parent=534"}],"curies":[{"name":"wp","href":"https:\/\/api.w.org\/{rel}","templated":true}]}}