{"id":899,"date":"2024-05-02T17:54:23","date_gmt":"2024-05-02T17:54:23","guid":{"rendered":"https:\/\/amc-association.com\/fr\/?page_id=899"},"modified":"2026-01-04T23:21:00","modified_gmt":"2026-01-04T23:21:00","slug":"mme-linda-mejtia","status":"publish","type":"page","link":"https:\/\/amc-association.com\/fr\/mme-linda-mejtia\/","title":{"rendered":"Mme Linda MEJTIA"},"content":{"rendered":"<style>.elementor-899 .elementor-element.elementor-element-0740b08:not(.elementor-motion-effects-element-type-background), .elementor-899 .elementor-element.elementor-element-0740b08 > .elementor-motion-effects-container > .elementor-motion-effects-layer{background-color:var( --e-global-color-6db961a );}.elementor-899 .elementor-element.elementor-element-0740b08 > .elementor-background-overlay{background-color:var( --e-global-color-6db961a );opacity:0.75;transition:background 0.3s, border-radius 0.3s, opacity 0.3s;}.elementor-899 .elementor-element.elementor-element-0740b08 > .elementor-container{max-width:750px;}.elementor-899 .elementor-element.elementor-element-0740b08{overflow:hidden;transition:background 0.3s, border 0.3s, border-radius 0.3s, box-shadow 0.3s;padding:27px 0px 27px 0px;}.elementor-899 .elementor-element.elementor-element-f8c03f3{text-align:center;}.elementor-899 .elementor-element.elementor-element-f8c03f3 .elementor-heading-title{font-family:var( --e-global-typography-5a7647c-font-family ), Sans-serif;font-size:var( --e-global-typography-5a7647c-font-size );font-weight:var( --e-global-typography-5a7647c-font-weight );line-height:var( --e-global-typography-5a7647c-line-height );color:var( --e-global-color-accent );}.elementor-899 .elementor-element.elementor-element-85e33c2{--display:flex;--min-height:150px;--flex-direction:row;--container-widget-width:initial;--container-widget-height:100%;--container-widget-flex-grow:1;--container-widget-align-self:stretch;--flex-wrap-mobile:wrap;--gap:0px 0px;--row-gap:0px;--column-gap:0px;--padding-top:22px;--padding-bottom:22px;--padding-left:22px;--padding-right:22px;}.elementor-899 .elementor-element.elementor-element-8f33cb5{--display:flex;--flex-direction:column;--container-widget-width:100%;--container-widget-height:initial;--container-widget-flex-grow:0;--container-widget-align-self:initial;--flex-wrap-mobile:wrap;border-style:solid;--border-style:solid;border-width:1px 1px 1px 1px;--border-top-width:1px;--border-right-width:1px;--border-bottom-width:1px;--border-left-width:1px;--border-radius:15px 15px 15px 15px;}.elementor-899 .elementor-element.elementor-element-c7ce320{text-align:left;font-size:22px;line-height:38px;color:var( --e-global-color-primary );}.elementor-899 .elementor-element.elementor-element-9584ba8{--display:flex;--min-height:207px;--flex-direction:row;--container-widget-width:initial;--container-widget-height:100%;--container-widget-flex-grow:1;--container-widget-align-self:stretch;--flex-wrap-mobile:wrap;--gap:0px 0px;--row-gap:0px;--column-gap:0px;}.elementor-899 .elementor-element.elementor-element-9b7cce0{--display:flex;--flex-direction:column;--container-widget-width:100%;--container-widget-height:initial;--container-widget-flex-grow:0;--container-widget-align-self:initial;--flex-wrap-mobile:wrap;}.elementor-899 .elementor-element.elementor-element-27749e5{--display:flex;--flex-direction:column;--container-widget-width:100%;--container-widget-height:initial;--container-widget-flex-grow:0;--container-widget-align-self:initial;--flex-wrap-mobile:wrap;}:root{--page-title-display:none;}@media(min-width:768px){.elementor-899 .elementor-element.elementor-element-8f33cb5{--width:100%;}.elementor-899 .elementor-element.elementor-element-9b7cce0{--width:50%;}.elementor-899 .elementor-element.elementor-element-27749e5{--width:50%;}}@media(max-width:1024px){.elementor-899 .elementor-element.elementor-element-f8c03f3 .elementor-heading-title{font-size:var( --e-global-typography-5a7647c-font-size );line-height:var( --e-global-typography-5a7647c-line-height );}}@media(max-width:767px){.elementor-899 .elementor-element.elementor-element-f8c03f3 .elementor-heading-title{font-size:var( --e-global-typography-5a7647c-font-size );line-height:var( --e-global-typography-5a7647c-line-height );}.elementor-899 .elementor-element.elementor-element-c7ce320{text-align:justify;}}<\/style>\t\t<div data-elementor-type=\"wp-page\" data-elementor-id=\"899\" class=\"elementor elementor-899\" data-elementor-post-type=\"page\">\n\t\t\t\t\t\t<section class=\"elementor-section elementor-top-section elementor-element elementor-element-0740b08 elementor-section-boxed elementor-section-height-default elementor-section-height-default\" data-id=\"0740b08\" data-element_type=\"section\" data-settings=\"{&quot;background_background&quot;:&quot;classic&quot;}\">\n\t\t\t\t\t\t\t<div class=\"elementor-background-overlay\"><\/div>\n\t\t\t\t\t\t\t<div class=\"elementor-container elementor-column-gap-default\">\n\t\t\t\t\t<div class=\"elementor-column elementor-col-100 elementor-top-column elementor-element elementor-element-12c320f\" data-id=\"12c320f\" data-element_type=\"column\">\n\t\t\t<div class=\"elementor-widget-wrap elementor-element-populated\">\n\t\t\t\t\t\t<div class=\"elementor-element elementor-element-f8c03f3 elementor-widget elementor-widget-heading\" data-id=\"f8c03f3\" data-element_type=\"widget\" data-widget_type=\"heading.default\">\n\t\t\t\t<div class=\"elementor-widget-container\">\n\t\t\t\t\t<h2 class=\"elementor-heading-title elementor-size-default\">Mme Linda MEJTIA<\/h2>\t\t\t\t<\/div>\n\t\t\t\t<\/div>\n\t\t\t\t\t<\/div>\n\t\t<\/div>\n\t\t\t\t\t<\/div>\n\t\t<\/section>\n\t\t<div class=\"elementor-element elementor-element-85e33c2 e-flex e-con-boxed e-con e-parent\" data-id=\"85e33c2\" data-element_type=\"container\">\n\t\t\t\t\t<div class=\"e-con-inner\">\n\t\t<div class=\"elementor-element elementor-element-8f33cb5 e-con-full e-flex e-con e-child\" data-id=\"8f33cb5\" data-element_type=\"container\">\n\t\t\t\t<div class=\"elementor-element elementor-element-0f086cd elementor-widget elementor-widget-image\" data-id=\"0f086cd\" data-element_type=\"widget\" data-widget_type=\"image.default\">\n\t\t\t\t<div class=\"elementor-widget-container\">\n\t\t\t\t\t\t\t\t\t\t\t\t\t\t\t<img fetchpriority=\"high\" decoding=\"async\" width=\"530\" height=\"778\" src=\"https:\/\/amc-association.com\/fr\/wp-content\/uploads\/2024\/05\/Affiche-2-linda-Cotching-1.jpg\" class=\"attachment-full size-full wp-image-1144\" alt=\"\" srcset=\"https:\/\/amc-association.com\/fr\/wp-content\/uploads\/2024\/05\/Affiche-2-linda-Cotching-1.jpg 530w, https:\/\/amc-association.com\/fr\/wp-content\/uploads\/2024\/05\/Affiche-2-linda-Cotching-1-204x300.jpg 204w\" sizes=\"(max-width: 530px) 100vw, 530px\" \/>\t\t\t\t\t\t\t\t\t\t\t\t\t\t\t<\/div>\n\t\t\t\t<\/div>\n\t\t\t\t<div class=\"elementor-element elementor-element-c7ce320 elementor-widget elementor-widget-text-editor\" data-id=\"c7ce320\" data-element_type=\"widget\" data-widget_type=\"text-editor.default\">\n\t\t\t\t<div class=\"elementor-widget-container\">\n\t\t\t\t\t\t\t\t\t<p dir=\"ltr\">A la t\u00eate du Comit\u00e9 Marketing de l\u2019Association Marocaine des Chefs.<br \/>N\u00e9e en 1975 \u00e0 Oujda, heureuse maman de 3 enfants, attir\u00e9e par son jeune \u00e2ge pour les challenges et les d\u00e9fis, Linda excelle dans les m\u00e9tiers du FOOD au Maroc.<br \/>Exp\u00e9rience prouv\u00e9e depuis plus de 18 ans en Marketing, ax\u00e9e principalement dans l\u2019univers du D\u00e9veloppement Commercial &amp; Marketing. Appuy\u00e9e par des lancements r\u00e9ussies et installations de marque Marocaine.<br \/>Autant que Manager F\u00e9minin, Linda est la femme Marocaine qui a cru, booster et cr\u00e9er des Succes Story de marques Marocaine : EXCELLO, FANDY, AL ITKANE,\u2026<br \/>Passionn\u00e9e par les enjeux de croissance et de cr\u00e9ation de valeur de la fonction marketing &amp; commerciale, \u00e0 insuffler au sein des \u00e9quipes.<br \/>En accompagnement avec ses \u00e9quipes, Linda a particip\u00e9 aux ouvertures de plusieurs boulangeries et magasins dans les grandes villes et zones rurales.<\/p><p dir=\"ltr\">\ud83c\udfafComp\u00e9tences et forces cl\u00e9s :<br \/>Croissance par la mise en place et adaptation de d\u00e9marches pour une strat\u00e9gie de marque.<br \/>D\u00e9marrage de plusieurs marques : Excelo, Fandy, Al Itkane, Kayna &amp; Fine<br \/>En plus de ses r\u00e9alisations en marketing et commercial, Linda a fait ses preuves dans la mise en place de plans d\u2019investissements pour l\u2019automatisation des processus de fabrication et de d\u00e9veloppement de partenariats Nationaux et Internationaux pour les activit\u00e9s connexes.<br \/>Cr\u00e9ation de nouvelles lignes de produits pour l\u2019export sur le march\u00e9 Africain et Europ\u00e9en.<br \/>Depuis 2020, sa nouvelle passion et vocation orient\u00e9e au profit des Femmes et Hommes Marocains, elle les accompagne en tant que coach et hygi\u00e8ne de vie. B\u00e9n\u00e9ficient de son encadrement aujourd\u2019hui des mamans au foyers, des cardes et des hommes d\u2019affaires.<br \/>Le milieu associatif et sportif est bien pr\u00e9sent dans ses actions, \u00e0 travers des actions sociales pour le compte des associations d\u2019orphelins et familles diminues. Elle est reconnue aussi dans ce milieu en tant qu\u2019ambassadrice des valeurs positives \u00e0 travers ses conseils, et son suivi,<\/p><p dir=\"ltr\">Ses valeurs<br \/>Un approche Engag\u00e9e,<br \/>Le management par les valeurs.<br \/>Le leadership<\/p>\t\t\t\t\t\t\t\t<\/div>\n\t\t\t\t<\/div>\n\t\t\t\t<\/div>\n\t\t\t\t\t<\/div>\n\t\t\t\t<\/div>\n\t\t<div class=\"elementor-element elementor-element-9584ba8 e-flex e-con-boxed e-con e-parent\" data-id=\"9584ba8\" data-element_type=\"container\">\n\t\t\t\t\t<div class=\"e-con-inner\">\n\t\t<div class=\"elementor-element elementor-element-9b7cce0 e-con-full e-flex e-con e-child\" data-id=\"9b7cce0\" data-element_type=\"container\">\n\t\t\t\t<\/div>\n\t\t<div class=\"elementor-element elementor-element-27749e5 e-con-full e-flex e-con e-child\" data-id=\"27749e5\" data-element_type=\"container\">\n\t\t\t\t<\/div>\n\t\t\t\t\t<\/div>\n\t\t\t\t<\/div>\n\t\t\t\t<\/div>\n\t\t","protected":false},"excerpt":{"rendered":"<p>Mme Linda MEJTIA A la t\u00eate du Comit\u00e9 Marketing de l\u2019Association Marocaine des Chefs.N\u00e9e en 1975 \u00e0 Oujda, heureuse maman de 3 enfants, attir\u00e9e par son jeune \u00e2ge pour les challenges et les d\u00e9fis, Linda excelle dans les m\u00e9tiers du FOOD au Maroc.Exp\u00e9rience prouv\u00e9e depuis plus de 18 ans en Marketing, ax\u00e9e principalement dans l\u2019univers [&hellip;]<\/p>\n","protected":false},"author":1,"featured_media":0,"parent":0,"menu_order":0,"comment_status":"closed","ping_status":"closed","template":"elementor_header_footer","meta":{"footnotes":""},"class_list":["post-899","page","type-page","status-publish","hentry"],"_links":{"self":[{"href":"https:\/\/amc-association.com\/fr\/wp-json\/wp\/v2\/pages\/899","targetHints":{"allow":["GET"]}}],"collection":[{"href":"https:\/\/amc-association.com\/fr\/wp-json\/wp\/v2\/pages"}],"about":[{"href":"https:\/\/amc-association.com\/fr\/wp-json\/wp\/v2\/types\/page"}],"author":[{"embeddable":true,"href":"https:\/\/amc-association.com\/fr\/wp-json\/wp\/v2\/users\/1"}],"replies":[{"embeddable":true,"href":"https:\/\/amc-association.com\/fr\/wp-json\/wp\/v2\/comments?post=899"}],"version-history":[{"count":10,"href":"https:\/\/amc-association.com\/fr\/wp-json\/wp\/v2\/pages\/899\/revisions"}],"predecessor-version":[{"id":2922,"href":"https:\/\/amc-association.com\/fr\/wp-json\/wp\/v2\/pages\/899\/revisions\/2922"}],"wp:attachment":[{"href":"https:\/\/amc-association.com\/fr\/wp-json\/wp\/v2\/media?parent=899"}],"curies":[{"name":"wp","href":"https:\/\/api.w.org\/{rel}","templated":true}]}}