{"id":914,"date":"2024-05-02T21:06:11","date_gmt":"2024-05-02T21:06:11","guid":{"rendered":"https:\/\/amc-association.com\/fr\/?page_id=914"},"modified":"2026-01-24T09:00:34","modified_gmt":"2026-01-24T09:00:34","slug":"mohamed-el-mazouri","status":"publish","type":"page","link":"https:\/\/amc-association.com\/fr\/mohamed-el-mazouri\/","title":{"rendered":"Mohamed El Mazouri"},"content":{"rendered":"<style>.elementor-914 .elementor-element.elementor-element-0740b08:not(.elementor-motion-effects-element-type-background), .elementor-914 .elementor-element.elementor-element-0740b08 > .elementor-motion-effects-container > .elementor-motion-effects-layer{background-color:var( --e-global-color-6db961a );}.elementor-914 .elementor-element.elementor-element-0740b08 > .elementor-background-overlay{background-color:var( --e-global-color-6db961a );opacity:0.75;transition:background 0.3s, border-radius 0.3s, opacity 0.3s;}.elementor-914 .elementor-element.elementor-element-0740b08 > .elementor-container{max-width:750px;}.elementor-914 .elementor-element.elementor-element-0740b08{overflow:hidden;transition:background 0.3s, border 0.3s, border-radius 0.3s, box-shadow 0.3s;padding:27px 0px 27px 0px;}.elementor-914 .elementor-element.elementor-element-f8c03f3{text-align:center;}.elementor-914 .elementor-element.elementor-element-f8c03f3 .elementor-heading-title{font-family:var( --e-global-typography-5a7647c-font-family ), Sans-serif;font-size:var( --e-global-typography-5a7647c-font-size );font-weight:var( --e-global-typography-5a7647c-font-weight );line-height:var( --e-global-typography-5a7647c-line-height );color:var( --e-global-color-accent );}.elementor-914 .elementor-element.elementor-element-85e33c2{--display:flex;--min-height:150px;--flex-direction:row;--container-widget-width:initial;--container-widget-height:100%;--container-widget-flex-grow:1;--container-widget-align-self:stretch;--flex-wrap-mobile:wrap;--gap:0px 0px;--row-gap:0px;--column-gap:0px;--padding-top:22px;--padding-bottom:22px;--padding-left:22px;--padding-right:22px;}.elementor-914 .elementor-element.elementor-element-8f33cb5{--display:flex;--flex-direction:column;--container-widget-width:100%;--container-widget-height:initial;--container-widget-flex-grow:0;--container-widget-align-self:initial;--flex-wrap-mobile:wrap;border-style:solid;--border-style:solid;border-width:1px 1px 1px 1px;--border-top-width:1px;--border-right-width:1px;--border-bottom-width:1px;--border-left-width:1px;--border-radius:15px 15px 15px 15px;}.elementor-914 .elementor-element.elementor-element-c7ce320{text-align:left;font-size:22px;line-height:38px;color:var( --e-global-color-primary );}.elementor-914 .elementor-element.elementor-element-9584ba8{--display:flex;--min-height:207px;--flex-direction:row;--container-widget-width:initial;--container-widget-height:100%;--container-widget-flex-grow:1;--container-widget-align-self:stretch;--flex-wrap-mobile:wrap;--gap:0px 0px;--row-gap:0px;--column-gap:0px;}.elementor-914 .elementor-element.elementor-element-9b7cce0{--display:flex;--flex-direction:column;--container-widget-width:100%;--container-widget-height:initial;--container-widget-flex-grow:0;--container-widget-align-self:initial;--flex-wrap-mobile:wrap;}.elementor-914 .elementor-element.elementor-element-27749e5{--display:flex;--flex-direction:column;--container-widget-width:100%;--container-widget-height:initial;--container-widget-flex-grow:0;--container-widget-align-self:initial;--flex-wrap-mobile:wrap;}:root{--page-title-display:none;}@media(min-width:768px){.elementor-914 .elementor-element.elementor-element-8f33cb5{--width:100%;}.elementor-914 .elementor-element.elementor-element-9b7cce0{--width:50%;}.elementor-914 .elementor-element.elementor-element-27749e5{--width:50%;}}@media(max-width:1024px){.elementor-914 .elementor-element.elementor-element-f8c03f3 .elementor-heading-title{font-size:var( --e-global-typography-5a7647c-font-size );line-height:var( --e-global-typography-5a7647c-line-height );}}@media(max-width:767px){.elementor-914 .elementor-element.elementor-element-f8c03f3 .elementor-heading-title{font-size:var( --e-global-typography-5a7647c-font-size );line-height:var( --e-global-typography-5a7647c-line-height );}.elementor-914 .elementor-element.elementor-element-c7ce320{text-align:left;}}<\/style>\t\t<div data-elementor-type=\"wp-page\" data-elementor-id=\"914\" class=\"elementor elementor-914\" data-elementor-post-type=\"page\">\n\t\t\t\t\t\t<section class=\"elementor-section elementor-top-section elementor-element elementor-element-0740b08 elementor-section-boxed elementor-section-height-default elementor-section-height-default\" data-id=\"0740b08\" data-element_type=\"section\" data-settings=\"{&quot;background_background&quot;:&quot;classic&quot;}\">\n\t\t\t\t\t\t\t<div class=\"elementor-background-overlay\"><\/div>\n\t\t\t\t\t\t\t<div class=\"elementor-container elementor-column-gap-default\">\n\t\t\t\t\t<div class=\"elementor-column elementor-col-100 elementor-top-column elementor-element elementor-element-12c320f\" data-id=\"12c320f\" data-element_type=\"column\">\n\t\t\t<div class=\"elementor-widget-wrap elementor-element-populated\">\n\t\t\t\t\t\t<div class=\"elementor-element elementor-element-f8c03f3 elementor-widget elementor-widget-heading\" data-id=\"f8c03f3\" data-element_type=\"widget\" data-widget_type=\"heading.default\">\n\t\t\t\t<div class=\"elementor-widget-container\">\n\t\t\t\t\t<h2 class=\"elementor-heading-title elementor-size-default\">Mohamed El Mazouri<\/h2>\t\t\t\t<\/div>\n\t\t\t\t<\/div>\n\t\t\t\t\t<\/div>\n\t\t<\/div>\n\t\t\t\t\t<\/div>\n\t\t<\/section>\n\t\t<div class=\"elementor-element elementor-element-85e33c2 e-flex e-con-boxed e-con e-parent\" data-id=\"85e33c2\" data-element_type=\"container\">\n\t\t\t\t\t<div class=\"e-con-inner\">\n\t\t<div class=\"elementor-element elementor-element-8f33cb5 e-con-full e-flex e-con e-child\" data-id=\"8f33cb5\" data-element_type=\"container\">\n\t\t\t\t<div class=\"elementor-element elementor-element-0f086cd elementor-widget elementor-widget-image\" data-id=\"0f086cd\" data-element_type=\"widget\" data-widget_type=\"image.default\">\n\t\t\t\t<div class=\"elementor-widget-container\">\n\t\t\t\t\t\t\t\t\t\t\t\t\t\t\t<img fetchpriority=\"high\" decoding=\"async\" width=\"270\" height=\"300\" src=\"https:\/\/amc-association.com\/fr\/wp-content\/uploads\/2024\/03\/chefelmazouri-270x300-1.jpg\" class=\"attachment-large size-large wp-image-149\" alt=\"\" \/>\t\t\t\t\t\t\t\t\t\t\t\t\t\t\t<\/div>\n\t\t\t\t<\/div>\n\t\t\t\t<div class=\"elementor-element elementor-element-c7ce320 elementor-widget elementor-widget-text-editor\" data-id=\"c7ce320\" data-element_type=\"widget\" data-widget_type=\"text-editor.default\">\n\t\t\t\t<div class=\"elementor-widget-container\">\n\t\t\t\t\t\t\t\t\t<ul><li><strong>S\u00c9RIE BIOGRAPHIQUE PROFESSIONNELLE \u2013 Mohamed EL Mazouri<br \/><\/strong><b style=\"background-color: transparent;\"><u>Informations personnelles:<\/u><\/b><\/li><\/ul><ul><li><span style=\"background-color: transparent;\">Nom : Mohamed EL Mazouri<\/span><\/li><li>Profession : Chef p\u00e2tissier<\/li><li>Nationalit\u00e9 : Marocaine<\/li><li>Fonction actuelle : Conseiller culinaire<br \/><strong><u>Postes et responsabilit\u00e9s:<\/u><\/strong><\/li><li>Pr\u00e9sident fondateur de l\u2019Association Marocaine des Chefs (AMC)<\/li><li>R\u00e9alisateur du Magazine des Chefs Marocains<\/li><li>Pr\u00e9sident fondateur du Championnat National du Meilleur Pizzaiolo du Maroc<br \/><strong><u>Formation:<\/u><\/strong><\/li><li>D\u00e9but du parcours professionnel en 1991<\/li><li>Certificat en p\u00e2tisserie fran\u00e7aise \u2013 2004<br \/>Institution : Bellouet Conseil, Rabat<br \/><strong><u>R\u00e9alisations et titres nationaux et internationaux:<\/u><\/strong><\/li><li>Champion du Maroc \u2013 1998<\/li><li>Finaliste de la Coupe du Monde de la P\u00e2tisserie \u2013 2003.<\/li><li>Finaliste de la Coupe du Monde des Glaciers 2003.<\/li><li>Finaliste de la Coupe du Monde de la P\u00e2tisserie 2005.<\/li><li>Coach de l\u2019\u00e9quipe marocaine ayant remport\u00e9 le 3\u1d49 prix au Concours International du Sucre \u2013 Belfort, France 2011<\/li><li>Pr\u00e9sident de l\u2019\u00e9quipe nationale marocaine ayant remport\u00e9 la Coupe d\u2019Afrique 2013<\/li><li>Coach de l\u2019\u00e9quipe nationale ayant remport\u00e9 le 1er prix de la s\u00e9lection d\u2019Afrique \u2013 2019.<\/li><li>Coach de l\u2019\u00e9quipe nationale marocaine ayant particip\u00e9 au Championnat International des Traiteurs \u2013 Catering Cup 2023.<br \/><strong><u>Prix et distinctions:<\/u><\/strong><\/li><li>Prix de presse de la Meilleure Star Culinaire de l\u2019ann\u00e9e 2024 * La Nuit des Stars, 6\u1d49 \u00e9dition*<\/li><li>Membre du jury international au Mondial des Arts Sucr\u00e9s \u2013 France 2012<\/li><li>Membre du jury au World Pastry Championships \u2013 USA 2012.<\/li><li>Membre du jury de plusieurs championnats nationaux et Africains.<\/li><\/ul>\t\t\t\t\t\t\t\t<\/div>\n\t\t\t\t<\/div>\n\t\t\t\t<\/div>\n\t\t\t\t\t<\/div>\n\t\t\t\t<\/div>\n\t\t<div class=\"elementor-element elementor-element-9584ba8 e-flex e-con-boxed e-con e-parent\" data-id=\"9584ba8\" data-element_type=\"container\">\n\t\t\t\t\t<div class=\"e-con-inner\">\n\t\t<div class=\"elementor-element elementor-element-9b7cce0 e-con-full e-flex e-con e-child\" data-id=\"9b7cce0\" data-element_type=\"container\">\n\t\t\t\t<\/div>\n\t\t<div class=\"elementor-element elementor-element-27749e5 e-con-full e-flex e-con e-child\" data-id=\"27749e5\" data-element_type=\"container\">\n\t\t\t\t<\/div>\n\t\t\t\t\t<\/div>\n\t\t\t\t<\/div>\n\t\t\t\t<\/div>\n\t\t","protected":false},"excerpt":{"rendered":"<p>Mohamed El Mazouri S\u00c9RIE BIOGRAPHIQUE PROFESSIONNELLE \u2013 Mohamed EL MazouriInformations personnelles: Nom : Mohamed EL Mazouri Profession : Chef p\u00e2tissier Nationalit\u00e9 : Marocaine Fonction actuelle : Conseiller culinairePostes et responsabilit\u00e9s: Pr\u00e9sident fondateur de l\u2019Association Marocaine des Chefs (AMC) R\u00e9alisateur du Magazine des Chefs Marocains Pr\u00e9sident fondateur du Championnat National du Meilleur Pizzaiolo du MarocFormation: D\u00e9but [&hellip;]<\/p>\n","protected":false},"author":1,"featured_media":0,"parent":0,"menu_order":0,"comment_status":"closed","ping_status":"closed","template":"elementor_header_footer","meta":{"footnotes":""},"class_list":["post-914","page","type-page","status-publish","hentry"],"_links":{"self":[{"href":"https:\/\/amc-association.com\/fr\/wp-json\/wp\/v2\/pages\/914","targetHints":{"allow":["GET"]}}],"collection":[{"href":"https:\/\/amc-association.com\/fr\/wp-json\/wp\/v2\/pages"}],"about":[{"href":"https:\/\/amc-association.com\/fr\/wp-json\/wp\/v2\/types\/page"}],"author":[{"embeddable":true,"href":"https:\/\/amc-association.com\/fr\/wp-json\/wp\/v2\/users\/1"}],"replies":[{"embeddable":true,"href":"https:\/\/amc-association.com\/fr\/wp-json\/wp\/v2\/comments?post=914"}],"version-history":[{"count":19,"href":"https:\/\/amc-association.com\/fr\/wp-json\/wp\/v2\/pages\/914\/revisions"}],"predecessor-version":[{"id":3074,"href":"https:\/\/amc-association.com\/fr\/wp-json\/wp\/v2\/pages\/914\/revisions\/3074"}],"wp:attachment":[{"href":"https:\/\/amc-association.com\/fr\/wp-json\/wp\/v2\/media?parent=914"}],"curies":[{"name":"wp","href":"https:\/\/api.w.org\/{rel}","templated":true}]}}