{"id":919,"date":"2024-05-02T21:24:25","date_gmt":"2024-05-02T21:24:25","guid":{"rendered":"https:\/\/amc-association.com\/fr\/?page_id=919"},"modified":"2026-01-04T22:58:11","modified_gmt":"2026-01-04T22:58:11","slug":"youssef-ben-haymoud","status":"publish","type":"page","link":"https:\/\/amc-association.com\/fr\/youssef-ben-haymoud\/","title":{"rendered":"Youssef Ben Haymoud"},"content":{"rendered":"<style>.elementor-919 .elementor-element.elementor-element-0740b08:not(.elementor-motion-effects-element-type-background), .elementor-919 .elementor-element.elementor-element-0740b08 > .elementor-motion-effects-container > .elementor-motion-effects-layer{background-color:var( --e-global-color-6db961a );}.elementor-919 .elementor-element.elementor-element-0740b08 > .elementor-background-overlay{background-color:var( --e-global-color-6db961a );opacity:0.75;transition:background 0.3s, border-radius 0.3s, opacity 0.3s;}.elementor-919 .elementor-element.elementor-element-0740b08 > .elementor-container{max-width:750px;}.elementor-919 .elementor-element.elementor-element-0740b08{overflow:hidden;transition:background 0.3s, border 0.3s, border-radius 0.3s, box-shadow 0.3s;padding:27px 0px 27px 0px;}.elementor-919 .elementor-element.elementor-element-f8c03f3{text-align:center;}.elementor-919 .elementor-element.elementor-element-f8c03f3 .elementor-heading-title{font-family:var( --e-global-typography-5a7647c-font-family ), Sans-serif;font-size:var( --e-global-typography-5a7647c-font-size );font-weight:var( --e-global-typography-5a7647c-font-weight );line-height:var( --e-global-typography-5a7647c-line-height );color:var( --e-global-color-accent );}.elementor-919 .elementor-element.elementor-element-85e33c2{--display:flex;--min-height:150px;--flex-direction:row;--container-widget-width:initial;--container-widget-height:100%;--container-widget-flex-grow:1;--container-widget-align-self:stretch;--flex-wrap-mobile:wrap;--gap:0px 0px;--row-gap:0px;--column-gap:0px;--padding-top:22px;--padding-bottom:22px;--padding-left:22px;--padding-right:22px;}.elementor-919 .elementor-element.elementor-element-8f33cb5{--display:flex;--flex-direction:column;--container-widget-width:100%;--container-widget-height:initial;--container-widget-flex-grow:0;--container-widget-align-self:initial;--flex-wrap-mobile:wrap;border-style:solid;--border-style:solid;border-width:1px 1px 1px 1px;--border-top-width:1px;--border-right-width:1px;--border-bottom-width:1px;--border-left-width:1px;--border-radius:15px 15px 15px 15px;}.elementor-919 .elementor-element.elementor-element-c7ce320{text-align:left;font-size:22px;line-height:38px;color:var( --e-global-color-primary );}.elementor-919 .elementor-element.elementor-element-9584ba8{--display:flex;--min-height:207px;--flex-direction:row;--container-widget-width:initial;--container-widget-height:100%;--container-widget-flex-grow:1;--container-widget-align-self:stretch;--flex-wrap-mobile:wrap;--gap:0px 0px;--row-gap:0px;--column-gap:0px;}.elementor-919 .elementor-element.elementor-element-9b7cce0{--display:flex;--flex-direction:column;--container-widget-width:100%;--container-widget-height:initial;--container-widget-flex-grow:0;--container-widget-align-self:initial;--flex-wrap-mobile:wrap;}.elementor-919 .elementor-element.elementor-element-27749e5{--display:flex;--flex-direction:column;--container-widget-width:100%;--container-widget-height:initial;--container-widget-flex-grow:0;--container-widget-align-self:initial;--flex-wrap-mobile:wrap;}:root{--page-title-display:none;}@media(min-width:768px){.elementor-919 .elementor-element.elementor-element-8f33cb5{--width:100%;}.elementor-919 .elementor-element.elementor-element-9b7cce0{--width:50%;}.elementor-919 .elementor-element.elementor-element-27749e5{--width:50%;}}@media(max-width:1024px){.elementor-919 .elementor-element.elementor-element-f8c03f3 .elementor-heading-title{font-size:var( --e-global-typography-5a7647c-font-size );line-height:var( --e-global-typography-5a7647c-line-height );}}@media(max-width:767px){.elementor-919 .elementor-element.elementor-element-f8c03f3 .elementor-heading-title{font-size:var( --e-global-typography-5a7647c-font-size );line-height:var( --e-global-typography-5a7647c-line-height );}.elementor-919 .elementor-element.elementor-element-c7ce320{text-align:justify;}}<\/style>\t\t<div data-elementor-type=\"wp-page\" data-elementor-id=\"919\" class=\"elementor elementor-919\" data-elementor-post-type=\"page\">\n\t\t\t\t\t\t<section class=\"elementor-section elementor-top-section elementor-element elementor-element-0740b08 elementor-section-boxed elementor-section-height-default elementor-section-height-default\" data-id=\"0740b08\" data-element_type=\"section\" data-settings=\"{&quot;background_background&quot;:&quot;classic&quot;}\">\n\t\t\t\t\t\t\t<div class=\"elementor-background-overlay\"><\/div>\n\t\t\t\t\t\t\t<div class=\"elementor-container elementor-column-gap-default\">\n\t\t\t\t\t<div class=\"elementor-column elementor-col-100 elementor-top-column elementor-element elementor-element-12c320f\" data-id=\"12c320f\" data-element_type=\"column\">\n\t\t\t<div class=\"elementor-widget-wrap elementor-element-populated\">\n\t\t\t\t\t\t<div class=\"elementor-element elementor-element-f8c03f3 elementor-widget elementor-widget-heading\" data-id=\"f8c03f3\" data-element_type=\"widget\" data-widget_type=\"heading.default\">\n\t\t\t\t<div class=\"elementor-widget-container\">\n\t\t\t\t\t<h2 class=\"elementor-heading-title elementor-size-default\">Youssef Ben Haymoud<\/h2>\t\t\t\t<\/div>\n\t\t\t\t<\/div>\n\t\t\t\t\t<\/div>\n\t\t<\/div>\n\t\t\t\t\t<\/div>\n\t\t<\/section>\n\t\t<div class=\"elementor-element elementor-element-85e33c2 e-flex e-con-boxed e-con e-parent\" data-id=\"85e33c2\" data-element_type=\"container\">\n\t\t\t\t\t<div class=\"e-con-inner\">\n\t\t<div class=\"elementor-element elementor-element-8f33cb5 e-con-full e-flex e-con e-child\" data-id=\"8f33cb5\" data-element_type=\"container\">\n\t\t\t\t<div class=\"elementor-element elementor-element-0f086cd elementor-widget elementor-widget-image\" data-id=\"0f086cd\" data-element_type=\"widget\" data-widget_type=\"image.default\">\n\t\t\t\t<div class=\"elementor-widget-container\">\n\t\t\t\t\t\t\t\t\t\t\t\t\t\t\t<img fetchpriority=\"high\" decoding=\"async\" width=\"270\" height=\"300\" src=\"https:\/\/amc-association.com\/fr\/wp-content\/uploads\/2024\/03\/benyousf.png\" class=\"attachment-large size-large wp-image-150\" alt=\"\" \/>\t\t\t\t\t\t\t\t\t\t\t\t\t\t\t<\/div>\n\t\t\t\t<\/div>\n\t\t\t\t<div class=\"elementor-element elementor-element-c7ce320 elementor-widget elementor-widget-text-editor\" data-id=\"c7ce320\" data-element_type=\"widget\" data-widget_type=\"text-editor.default\">\n\t\t\t\t<div class=\"elementor-widget-container\">\n\t\t\t\t\t\t\t\t\t<p dir=\"ltr\">Chef Boulanger<br \/>Mr Youssef BEN-HAYMOUD<br \/>Ing\u00e9nieur et Chef Boulanger<br \/>Nationalit\u00e9 marocaine<\/p><p dir=\"ltr\">Formations<br \/>La comp\u00e9tence de Youssef BEN-HAYMOUD repose sur une force de travail peu commune et sur une double formation : un apprentissage de boulanger lui permet d\u2019acqu\u00e9rir un solide savoir-faire traditionnel dans la boulangerie familiale \u00e0 Casablanca en 1980. Puis, sa soif de connaissances l\u2019entra\u00eene \u00e0 Lille et \u00e0 Paris suivre les cours de perfectionnement au BAKING CENTER de LESAFFRE \u00e0 Marque-en-Baroeul en France en 1999 et \u00e0 l\u2019\u00c9cole de Boulangerie des Grands Moulins de Paris en 2003, y apprend les secrets de la panification sur direct, les subtilit\u00e9s de la conduite d\u2019un pointage de quatre heures et des harmonieux coups de lame sur la baguette parisienne.<br \/>Apr\u00e8s l\u2019obtention d\u2019un baccalaur\u00e9at math\u00e9matique, le deuxi\u00e8me volet de son expertise dans les domaines scientifique et ing\u00e9nierie, r\u00e9side dans sa d\u00e9cision d\u2019entrer \u00e0 l\u2019\u00c9cole Nationale de l\u2019Industrie Min\u00e9rale en 1984, l\u2019institut de chimie de l\u2019universit\u00e9 de Neuch\u00e2tel 1990et en fin \u00e0 l\u2019Ecole des m\u00e9tiers d\u2019environnement de Bruz.<br \/>Un consultant tr\u00e8s appr\u00e9ci\u00e9 au Maroc en biscuiterie, en boulangerie industrielle et en ingr\u00e9dients de meunerie<br \/>Depuis les ann\u00e9es 1990, Y. Ben-haymoud travaille activement sur les proc\u00e9d\u00e9s de fabrication de la viennoiserie pr\u00e9-pouss\u00e9e, les produits de la boulangerie longue conservation, la biscuiterie et la panification marocaine artisanale dans un parcours professionnel peu commun :<br \/>-Chef de rayon Boulangerie et P\u00e2tisserie Marjane Califonie 1993-1995<br \/>-Responsable de production de la boulangerie Industriel Au pain tout chaud 1995-1996<br \/>-D\u00e9monstrateur en Boulangerie Lesaffre MAROC (Levures et am\u00e9liorants) 1997-2003<br \/>\u2013 Consultant en boulangerie 2003-2008<br \/>-Directeur AIT MAROC Groupe Soufflet France (ingr\u00e9dients de boulangerie et meunerie).2008-2010<br \/>-Directeur Recherche et d\u00e9veloppement :Farines pour pain, viennoiserie et biscuit Fandy-Groupe 2010\/16<br \/>\u2013 Consultant en boulangerie 2016-2019<br \/>-Ing\u00e9nieur Technico-commercial EUROGERM MAROC (ingr\u00e9dients de boulangerie et meunerie) en 2020<\/p><p dir=\"ltr\">L\u2019invention :<br \/>.Mr Y Ben-haymoud a invent\u00e9 un proc\u00e9d\u00e9 de fabrication d\u2019une farine qui a pour un indice glyc\u00e9mique seulement de 23%.<br \/>Brevet d\u00e9pos\u00e9 en France : WO2016030805 \u2013 FLOUR SUBSTITUTE COMPOSITION AND METHOD FOR PRODUCING BREAD USING SAID COMPOSITION<\/p><p dir=\"ltr\">Comp\u00e9titions internationales<br \/>Membre du Club Internationale : ELITE BOULANGERIE INTERNAIONALE<br \/>Finaliste coupe Louis Lesaffre Boulangerie 2008<br \/>Finaliste Coupe du monde de boulangerie SIAB VERONE Italie en 2012<br \/>Finaliste Coupe du monde de boulangerie SIGEP BREAD CUP RIMINI Italie en 2014<br \/>Membre de jury : Salon Europain Paris ; Mondial des arts sucr\u00e9s 2008<br \/>Membre de jury : Salon Marocotel 1997<br \/>Coach de l\u2019\u00e9quipe nationale de boulangerie en 2017 Classement : 2\u00e9me place dans le championnat d\u2019Afrique de boulangerie<br \/>Membre de jury : Salon Cr\u00e9mai 2015,2017et 2019<\/p>\t\t\t\t\t\t\t\t<\/div>\n\t\t\t\t<\/div>\n\t\t\t\t<\/div>\n\t\t\t\t\t<\/div>\n\t\t\t\t<\/div>\n\t\t<div class=\"elementor-element elementor-element-9584ba8 e-flex e-con-boxed e-con e-parent\" data-id=\"9584ba8\" data-element_type=\"container\">\n\t\t\t\t\t<div class=\"e-con-inner\">\n\t\t<div class=\"elementor-element elementor-element-9b7cce0 e-con-full e-flex e-con e-child\" data-id=\"9b7cce0\" data-element_type=\"container\">\n\t\t\t\t<\/div>\n\t\t<div class=\"elementor-element elementor-element-27749e5 e-con-full e-flex e-con e-child\" data-id=\"27749e5\" data-element_type=\"container\">\n\t\t\t\t<\/div>\n\t\t\t\t\t<\/div>\n\t\t\t\t<\/div>\n\t\t\t\t<\/div>\n\t\t","protected":false},"excerpt":{"rendered":"<p>Youssef Ben Haymoud Chef BoulangerMr Youssef BEN-HAYMOUDIng\u00e9nieur et Chef BoulangerNationalit\u00e9 marocaine FormationsLa comp\u00e9tence de Youssef BEN-HAYMOUD repose sur une force de travail peu commune et sur une double formation : un apprentissage de boulanger lui permet d\u2019acqu\u00e9rir un solide savoir-faire traditionnel dans la boulangerie familiale \u00e0 Casablanca en 1980. Puis, sa soif de connaissances l\u2019entra\u00eene [&hellip;]<\/p>\n","protected":false},"author":1,"featured_media":0,"parent":0,"menu_order":0,"comment_status":"closed","ping_status":"closed","template":"elementor_header_footer","meta":{"footnotes":""},"class_list":["post-919","page","type-page","status-publish","hentry"],"_links":{"self":[{"href":"https:\/\/amc-association.com\/fr\/wp-json\/wp\/v2\/pages\/919","targetHints":{"allow":["GET"]}}],"collection":[{"href":"https:\/\/amc-association.com\/fr\/wp-json\/wp\/v2\/pages"}],"about":[{"href":"https:\/\/amc-association.com\/fr\/wp-json\/wp\/v2\/types\/page"}],"author":[{"embeddable":true,"href":"https:\/\/amc-association.com\/fr\/wp-json\/wp\/v2\/users\/1"}],"replies":[{"embeddable":true,"href":"https:\/\/amc-association.com\/fr\/wp-json\/wp\/v2\/comments?post=919"}],"version-history":[{"count":7,"href":"https:\/\/amc-association.com\/fr\/wp-json\/wp\/v2\/pages\/919\/revisions"}],"predecessor-version":[{"id":2900,"href":"https:\/\/amc-association.com\/fr\/wp-json\/wp\/v2\/pages\/919\/revisions\/2900"}],"wp:attachment":[{"href":"https:\/\/amc-association.com\/fr\/wp-json\/wp\/v2\/media?parent=919"}],"curies":[{"name":"wp","href":"https:\/\/api.w.org\/{rel}","templated":true}]}}