{"id":921,"date":"2024-05-02T21:26:03","date_gmt":"2024-05-02T21:26:03","guid":{"rendered":"https:\/\/amc-association.com\/fr\/?page_id=921"},"modified":"2026-01-04T22:58:15","modified_gmt":"2026-01-04T22:58:15","slug":"abdel-aziz-azout","status":"publish","type":"page","link":"https:\/\/amc-association.com\/fr\/abdel-aziz-azout\/","title":{"rendered":"Abdelaziz Azout"},"content":{"rendered":"<style>.elementor-921 .elementor-element.elementor-element-0740b08:not(.elementor-motion-effects-element-type-background), .elementor-921 .elementor-element.elementor-element-0740b08 > .elementor-motion-effects-container > .elementor-motion-effects-layer{background-color:var( --e-global-color-6db961a );}.elementor-921 .elementor-element.elementor-element-0740b08 > .elementor-background-overlay{background-color:var( --e-global-color-6db961a );opacity:0.75;transition:background 0.3s, border-radius 0.3s, opacity 0.3s;}.elementor-921 .elementor-element.elementor-element-0740b08 > .elementor-container{max-width:750px;}.elementor-921 .elementor-element.elementor-element-0740b08{overflow:hidden;transition:background 0.3s, border 0.3s, border-radius 0.3s, box-shadow 0.3s;padding:27px 0px 27px 0px;}.elementor-921 .elementor-element.elementor-element-f8c03f3{text-align:center;}.elementor-921 .elementor-element.elementor-element-f8c03f3 .elementor-heading-title{font-family:var( --e-global-typography-5a7647c-font-family ), Sans-serif;font-size:var( --e-global-typography-5a7647c-font-size );font-weight:var( --e-global-typography-5a7647c-font-weight );line-height:var( --e-global-typography-5a7647c-line-height );color:var( --e-global-color-accent );}.elementor-921 .elementor-element.elementor-element-85e33c2{--display:flex;--min-height:150px;--flex-direction:row;--container-widget-width:initial;--container-widget-height:100%;--container-widget-flex-grow:1;--container-widget-align-self:stretch;--flex-wrap-mobile:wrap;--gap:0px 0px;--row-gap:0px;--column-gap:0px;--padding-top:22px;--padding-bottom:22px;--padding-left:22px;--padding-right:22px;}.elementor-921 .elementor-element.elementor-element-8f33cb5{--display:flex;--flex-direction:column;--container-widget-width:100%;--container-widget-height:initial;--container-widget-flex-grow:0;--container-widget-align-self:initial;--flex-wrap-mobile:wrap;border-style:solid;--border-style:solid;border-width:1px 1px 1px 1px;--border-top-width:1px;--border-right-width:1px;--border-bottom-width:1px;--border-left-width:1px;--border-radius:15px 15px 15px 15px;}.elementor-921 .elementor-element.elementor-element-c7ce320{text-align:justify;font-size:22px;line-height:38px;color:var( --e-global-color-primary );}.elementor-921 .elementor-element.elementor-element-9584ba8{--display:flex;--min-height:207px;--flex-direction:row;--container-widget-width:initial;--container-widget-height:100%;--container-widget-flex-grow:1;--container-widget-align-self:stretch;--flex-wrap-mobile:wrap;--gap:0px 0px;--row-gap:0px;--column-gap:0px;}.elementor-921 .elementor-element.elementor-element-9b7cce0{--display:flex;--flex-direction:column;--container-widget-width:100%;--container-widget-height:initial;--container-widget-flex-grow:0;--container-widget-align-self:initial;--flex-wrap-mobile:wrap;}.elementor-921 .elementor-element.elementor-element-27749e5{--display:flex;--flex-direction:column;--container-widget-width:100%;--container-widget-height:initial;--container-widget-flex-grow:0;--container-widget-align-self:initial;--flex-wrap-mobile:wrap;}:root{--page-title-display:none;}@media(min-width:768px){.elementor-921 .elementor-element.elementor-element-8f33cb5{--width:100%;}.elementor-921 .elementor-element.elementor-element-9b7cce0{--width:50%;}.elementor-921 .elementor-element.elementor-element-27749e5{--width:50%;}}@media(max-width:1024px){.elementor-921 .elementor-element.elementor-element-f8c03f3 .elementor-heading-title{font-size:var( --e-global-typography-5a7647c-font-size );line-height:var( --e-global-typography-5a7647c-line-height );}}@media(max-width:767px){.elementor-921 .elementor-element.elementor-element-f8c03f3 .elementor-heading-title{font-size:var( --e-global-typography-5a7647c-font-size );line-height:var( --e-global-typography-5a7647c-line-height );}.elementor-921 .elementor-element.elementor-element-c7ce320{text-align:justify;}}<\/style>\t\t<div data-elementor-type=\"wp-page\" data-elementor-id=\"921\" class=\"elementor elementor-921\" data-elementor-post-type=\"page\">\n\t\t\t\t\t\t<section class=\"elementor-section elementor-top-section elementor-element elementor-element-0740b08 elementor-section-boxed elementor-section-height-default elementor-section-height-default\" data-id=\"0740b08\" data-element_type=\"section\" data-settings=\"{&quot;background_background&quot;:&quot;classic&quot;}\">\n\t\t\t\t\t\t\t<div class=\"elementor-background-overlay\"><\/div>\n\t\t\t\t\t\t\t<div class=\"elementor-container elementor-column-gap-default\">\n\t\t\t\t\t<div class=\"elementor-column elementor-col-100 elementor-top-column elementor-element elementor-element-12c320f\" data-id=\"12c320f\" data-element_type=\"column\">\n\t\t\t<div class=\"elementor-widget-wrap elementor-element-populated\">\n\t\t\t\t\t\t<div class=\"elementor-element elementor-element-f8c03f3 elementor-widget elementor-widget-heading\" data-id=\"f8c03f3\" data-element_type=\"widget\" data-widget_type=\"heading.default\">\n\t\t\t\t<div class=\"elementor-widget-container\">\n\t\t\t\t\t<h2 class=\"elementor-heading-title elementor-size-default\">Abdelaziz Azout<\/h2>\t\t\t\t<\/div>\n\t\t\t\t<\/div>\n\t\t\t\t\t<\/div>\n\t\t<\/div>\n\t\t\t\t\t<\/div>\n\t\t<\/section>\n\t\t<div class=\"elementor-element elementor-element-85e33c2 e-flex e-con-boxed e-con e-parent\" data-id=\"85e33c2\" data-element_type=\"container\">\n\t\t\t\t\t<div class=\"e-con-inner\">\n\t\t<div class=\"elementor-element elementor-element-8f33cb5 e-con-full e-flex e-con e-child\" data-id=\"8f33cb5\" data-element_type=\"container\">\n\t\t\t\t<div class=\"elementor-element elementor-element-0f086cd elementor-widget elementor-widget-image\" data-id=\"0f086cd\" data-element_type=\"widget\" data-widget_type=\"image.default\">\n\t\t\t\t<div class=\"elementor-widget-container\">\n\t\t\t\t\t\t\t\t\t\t\t\t\t\t\t<img fetchpriority=\"high\" decoding=\"async\" width=\"270\" height=\"300\" src=\"https:\/\/amc-association.com\/fr\/wp-content\/uploads\/2024\/04\/ABDELAZIZ-AZTOUT.jpg\" class=\"attachment-large size-large wp-image-655\" alt=\"\" \/>\t\t\t\t\t\t\t\t\t\t\t\t\t\t\t<\/div>\n\t\t\t\t<\/div>\n\t\t\t\t<div class=\"elementor-element elementor-element-c7ce320 elementor-widget elementor-widget-text-editor\" data-id=\"c7ce320\" data-element_type=\"widget\" data-widget_type=\"text-editor.default\">\n\t\t\t\t<div class=\"elementor-widget-container\">\n\t\t\t\t\t\t\t\t\t<p>Le Chef Abdelaziz Azout, Vice-Pr\u00e9sident de l&rsquo;Association Marocaine des Chefs et son ambassadeur en Espagne, est d&rsquo;origine nordique et vit et travaille actuellement en Espagne depuis 20 ans. Il aime le m\u00e9tier de p\u00e2tissier depuis son enfance. Il compte de nombreuses participations. avec de grands chefs, dont le chef Antonio Bachour, et il a \u00e9t\u00e9 choisi comme son meilleur compagnon dans la classe europ\u00e9enne de ma\u00eetrise, et cela est d\u00fb \u00e0 sa mani\u00e8re de traiter et de se concentrer sur sa mission et son amour et sa sinc\u00e9rit\u00e9 dans son travail. un certificat technique dans la ville fran\u00e7aise de Toulouse, et il a re\u00e7u un certificat de professionnalisme et de reconnaissance internationale et espagnole pour les ann\u00e9es 2019 et 2020 en tant qu&rsquo;artisan distingu\u00e9 et actif dans le domaine de la confiserie. Actuellement, il est le responsable technique de l&rsquo;entreprise. Reposter\u00eda Sampedro, une grande entreprise connue sur le march\u00e9 europ\u00e9en, a \u00e9galement remport\u00e9 le titre de premier prix au Festival des Saveurs en Espagne, et l&rsquo;association l&rsquo;a \u00e9galement choisie pour \u00eatre le superviseur principal de la premi\u00e8re \u00e9dition du Forum Marocain. Fine Taste en Espagne, dans le cadre duquel elle a organis\u00e9 un concours pour la meilleure pastilla de poulet des terres europ\u00e9ennes, qui s&rsquo;est d\u00e9roul\u00e9 le 25 janvier 2024 dans la ville de Madrid : cette rencontre a \u00e9t\u00e9 un succ\u00e8s bien m\u00e9rit\u00e9 gr\u00e2ce aux efforts qu&rsquo;il a d\u00e9ploy\u00e9s pour prouver son amour pour son pays et de donner le plus grand honneur \u00e0 l&rsquo;image de la cuisine marocaine \u00e0 l&rsquo;int\u00e9rieur et \u00e0 l&rsquo;ext\u00e9rieur du pays.<\/p>\t\t\t\t\t\t\t\t<\/div>\n\t\t\t\t<\/div>\n\t\t\t\t<\/div>\n\t\t\t\t\t<\/div>\n\t\t\t\t<\/div>\n\t\t<div class=\"elementor-element elementor-element-9584ba8 e-flex e-con-boxed e-con e-parent\" data-id=\"9584ba8\" data-element_type=\"container\">\n\t\t\t\t\t<div class=\"e-con-inner\">\n\t\t<div class=\"elementor-element elementor-element-9b7cce0 e-con-full e-flex e-con e-child\" data-id=\"9b7cce0\" data-element_type=\"container\">\n\t\t\t\t<\/div>\n\t\t<div class=\"elementor-element elementor-element-27749e5 e-con-full e-flex e-con e-child\" data-id=\"27749e5\" data-element_type=\"container\">\n\t\t\t\t<\/div>\n\t\t\t\t\t<\/div>\n\t\t\t\t<\/div>\n\t\t\t\t<\/div>\n\t\t","protected":false},"excerpt":{"rendered":"<p>Abdelaziz Azout Le Chef Abdelaziz Azout, Vice-Pr\u00e9sident de l&rsquo;Association Marocaine des Chefs et son ambassadeur en Espagne, est d&rsquo;origine nordique et vit et travaille actuellement en Espagne depuis 20 ans. Il aime le m\u00e9tier de p\u00e2tissier depuis son enfance. Il compte de nombreuses participations. avec de grands chefs, dont le chef Antonio Bachour, et il [&hellip;]<\/p>\n","protected":false},"author":1,"featured_media":0,"parent":0,"menu_order":0,"comment_status":"closed","ping_status":"closed","template":"elementor_header_footer","meta":{"footnotes":""},"class_list":["post-921","page","type-page","status-publish","hentry"],"_links":{"self":[{"href":"https:\/\/amc-association.com\/fr\/wp-json\/wp\/v2\/pages\/921","targetHints":{"allow":["GET"]}}],"collection":[{"href":"https:\/\/amc-association.com\/fr\/wp-json\/wp\/v2\/pages"}],"about":[{"href":"https:\/\/amc-association.com\/fr\/wp-json\/wp\/v2\/types\/page"}],"author":[{"embeddable":true,"href":"https:\/\/amc-association.com\/fr\/wp-json\/wp\/v2\/users\/1"}],"replies":[{"embeddable":true,"href":"https:\/\/amc-association.com\/fr\/wp-json\/wp\/v2\/comments?post=921"}],"version-history":[{"count":8,"href":"https:\/\/amc-association.com\/fr\/wp-json\/wp\/v2\/pages\/921\/revisions"}],"predecessor-version":[{"id":2903,"href":"https:\/\/amc-association.com\/fr\/wp-json\/wp\/v2\/pages\/921\/revisions\/2903"}],"wp:attachment":[{"href":"https:\/\/amc-association.com\/fr\/wp-json\/wp\/v2\/media?parent=921"}],"curies":[{"name":"wp","href":"https:\/\/api.w.org\/{rel}","templated":true}]}}